{"id":10565,"date":"2025-05-13T13:40:10","date_gmt":"2025-05-13T11:40:10","guid":{"rendered":"https:\/\/www.pappmoebelshop.de\/?page_id=10565"},"modified":"2025-05-14T10:45:14","modified_gmt":"2025-05-14T08:45:14","slug":"bau-dir-deinen-arbeitsplatz","status":"publish","type":"page","link":"https:\/\/www.pappmoebelshop.de\/en\/bau-dir-deinen-arbeitsplatz\/","title":{"rendered":"Bau Dir Deinen Arbeitsplatz!"},"content":{"rendered":"<div  style=\"display: block; width: 66%; margin: 0 auto;\">\n<p style=\"\">\nDie Regal-Varianten MURKEL und der Zeichenschrank eignen sich hervorragend als Unterbau f\u00fcr einen Arbeitstisch.<br \/>\nHier gibt es einige \u00dcberlegungen, die helfen sollen, den Arbeitstisch zu planen.<br \/>\nMan muss nicht zwingend die Pappregale miteinander kombinieren, es funktionieren auch Tischbeine wie die aus dem Baumarkt, manche sind mit einer Teleskop-Funktion h\u00f6henverstellbar. Diese Tischbeine m\u00fcssen dann nur gut an der Tischplatte befestigt werden.\n<\/p>\n<\/div>\n<div style=\"display: grid; grid-template-columns: 1fr 1fr; padding-top: 50px;\">\n<div class=\"product-grid-item\">\n<img decoding=\"async\" src=\"https:\/\/www.pappmoebelshop.de\/wp-content\/uploads\/2022\/04\/pappmoebel-zeichenschrank-optionen-1.jpg\" style=\"\"><br \/>\nZwei Zeichenschr\u00e4nke als Tisch-Unterbau kombiniert mit Regal A3 MURKEL\n<\/div>\n<div class=\"product-grid-item\">\n<h2 style=\"color: #14b042; font-size: 1.7rem;\">Was f\u00fcr einen Arbeitsplatz brauchst Du?<\/h2>\n<p>Je nachdem, welche H\u00f6he man zum Arbeiten braucht, muss man noch die H\u00f6he ausgleichen.<br \/>\nWenn man zum Beispiel zwei Zeichenschr\u00e4nke mit den MURKEL-Regalen kombiniert, gibt es einen Unterschied von 3 cm. Die Regale MURKEL sind 75 cm hoch, zwei Zeichenschr\u00e4nke \u00fcbereinander ergeben 72 cm H\u00f6he.<\/p>\n<p>Als H\u00f6henausgleich sollte man etwas nehmen, was die gleiche Fl\u00e4che hat, wie der Zeichenschrank. Etwas mit den Ma\u00dfen 62 x 98 cm. Die Rahmen-Teile vom Zeichenschrank sind innen hohl und bei punktueller Belastung werden die Fl\u00e4chen eingedr\u00fcckt. <\/p>\n<p>Daf\u00fcr kann man zum Beispiel die Verpackung nutzen, denn die Fl\u00e4chen sind so gro\u00df wie die Teile bzw. etwas gr\u00f6\u00dfer. <\/p>\n<p>Wie hoch der Tisch am Ende sein soll, hat nat\u00fcrlich was mit der individuellen K\u00f6rpergr\u00f6\u00dfe zu tun.<br \/>\nZur H\u00f6he des Unterbaus muss man dann noch die St\u00e4rke der Tischplatte dazurechnen. <\/p>\n<\/div>\n<\/div>\n<div style=\"display: grid; grid-template-columns: 1fr 1fr; padding-top: 50px;\">\n<div class=\"product-grid-item\">\n<h2 style=\"color: #14b042; font-size: 1.7rem;\">Wieviel Fl\u00e4che brauchst Du?<\/h2>\n<p>Welche Art von Unterbau man sich zusammenstellt, hat nat\u00fcrlich auch damit zu tun, wieviel Platz man braucht und hat.<br \/>\nAlso: woran arbeitet man, hat man gro\u00dfe Papierformate oder Stoffbahnen? Und: wie gro\u00df ist der Raum? Oder hat man noch eine Tischplatte da, die genutzt werden soll?<\/p>\n<\/div>\n<div class=\"product-grid-item\">\n<img decoding=\"async\" src=\"https:\/\/www.pappmoebelshop.de\/wp-content\/uploads\/2022\/04\/pappmoebel-zeichenschrank-optionen-2.jpg\" style=\"\"><br \/>\nZeichenschrank unter Tisch\n<\/div>\n<\/div>\n<div style=\"display: grid; grid-template-columns: 1fr 1fr;padding-top: 50px;\">\n<div class=\"product-grid-item\">\n<img decoding=\"async\" src=\"https:\/\/www.pappmoebelshop.de\/wp-content\/uploads\/2025\/01\/pappmoebel-zeichenschrank-0203-1080x1080-06b.jpg\" style=\"\"><br \/>\nZeichenschrank unter Tisch\n<\/div>\n<div class=\"product-grid-item\">\n<h2 style=\"color: #14b042; font-size: 1.7rem;\">Ein Zeichenschrank auf Rollen<\/h2>\n<p>So ein Zeichenschrank ist ein sperriges Teil und manchmal ist man froh, wenn man ihn leicht bewegen kann. Daf\u00fcr ist ein Brett mit Rollen hilfreich. <\/p>\n<p>Einzelne Rollen gibt es ganz g\u00fcnstig im Baumarkt. Dann braucht man noch eine Platte, auf die man die Rollen aufschrauben kann.<br \/>\nDiese Platte sollte &#8211; wie beim Ausgleich der Tischh\u00f6he &#8211; die gleiche Grundfl\u00e4che haben wie der Zeichenschrank, also 62 x 98 cm. So ist das Gewicht fl\u00e4chig verteilt. <\/p>\n<\/div>\n<\/div>\n<div style=\"display: grid; grid-template-columns: 1fr 1fr 1fr;\">\n<div class=\"product-grid-item\">\n<img decoding=\"async\" src=\"https:\/\/www.pappmoebelshop.de\/wp-content\/uploads\/2025\/05\/pappmoebel-zeichenschrank-0133-1080x1080-1-detail.jpg\" style=\"\"><br \/>\nPlatte mit Rolle\n<\/div>\n<div class=\"product-grid-item\">\n<img decoding=\"async\" src=\"https:\/\/www.pappmoebelshop.de\/wp-content\/uploads\/2025\/05\/20250514_095923.jpg\" style=\"width: 400px;\"><br \/>\nPlatte mit Rolle\n<\/div>\n<div class=\"product-grid-item\">\n<p>Wir haben daf\u00fcr eine Platte aus Pappe benutzt, und einfach die Schrauben in die verleimten Pappschichten geschraubt. F\u00fcr unsere Zwecke funktioniert das, aber es h\u00e4ngt nat\u00fcrlich davon ab, wie stark man das Ganze belastet.<\/p>\n<\/div>\n<\/div>","protected":false},"excerpt":{"rendered":"<p>Die Regal-Varianten MURKEL und der Zeichenschrank eignen sich hervorragend als Unterbau f\u00fcr einen Arbeitstisch. Hier gibt es einige \u00dcberlegungen, die helfen sollen, den Arbeitstisch zu planen. Man muss nicht zwingend die Pappregale miteinander kombinieren, es funktionieren auch Tischbeine wie die aus dem Baumarkt, manche sind mit einer Teleskop-Funktion h\u00f6henverstellbar. Diese Tischbeine m\u00fcssen dann nur gut [&hellip;]<\/p>\n","protected":false},"author":1,"featured_media":0,"parent":0,"menu_order":0,"comment_status":"closed","ping_status":"closed","template":"","meta":{"site-sidebar-layout":"default","site-content-layout":"","ast-site-content-layout":"default","site-content-style":"default","site-sidebar-style":"default","ast-global-header-display":"","ast-banner-title-visibility":"","ast-main-header-display":"","ast-hfb-above-header-display":"","ast-hfb-below-header-display":"","ast-hfb-mobile-header-display":"","site-post-title":"","ast-breadcrumbs-content":"","ast-featured-img":"","footer-sml-layout":"","ast-disable-related-posts":"","theme-transparent-header-meta":"","adv-header-id-meta":"","stick-header-meta":"","header-above-stick-meta":"","header-main-stick-meta":"","header-below-stick-meta":"","astra-migrate-meta-layouts":"set","ast-page-background-enabled":"default","ast-page-background-meta":{"desktop":{"background-color":"var(--ast-global-color-4)","background-image":"","background-repeat":"repeat","background-position":"center center","background-size":"auto","background-attachment":"scroll","background-type":"","background-media":"","overlay-type":"","overlay-color":"","overlay-opacity":"","overlay-gradient":""},"tablet":{"background-color":"","background-image":"","background-repeat":"repeat","background-position":"center center","background-size":"auto","background-attachment":"scroll","background-type":"","background-media":"","overlay-type":"","overlay-color":"","overlay-opacity":"","overlay-gradient":""},"mobile":{"background-color":"","background-image":"","background-repeat":"repeat","background-position":"center center","background-size":"auto","background-attachment":"scroll","background-type":"","background-media":"","overlay-type":"","overlay-color":"","overlay-opacity":"","overlay-gradient":""}},"ast-content-background-meta":{"desktop":{"background-color":"var(--ast-global-color-5)","background-image":"","background-repeat":"repeat","background-position":"center center","background-size":"auto","background-attachment":"scroll","background-type":"","background-media":"","overlay-type":"","overlay-color":"","overlay-opacity":"","overlay-gradient":""},"tablet":{"background-color":"var(--ast-global-color-5)","background-image":"","background-repeat":"repeat","background-position":"center center","background-size":"auto","background-attachment":"scroll","background-type":"","background-media":"","overlay-type":"","overlay-color":"","overlay-opacity":"","overlay-gradient":""},"mobile":{"background-color":"var(--ast-global-color-5)","background-image":"","background-repeat":"repeat","background-position":"center center","background-size":"auto","background-attachment":"scroll","background-type":"","background-media":"","overlay-type":"","overlay-color":"","overlay-opacity":"","overlay-gradient":""}},"footnotes":""},"class_list":["post-10565","page","type-page","status-publish","hentry"],"_links":{"self":[{"href":"https:\/\/www.pappmoebelshop.de\/en\/wp-json\/wp\/v2\/pages\/10565","targetHints":{"allow":["GET"]}}],"collection":[{"href":"https:\/\/www.pappmoebelshop.de\/en\/wp-json\/wp\/v2\/pages"}],"about":[{"href":"https:\/\/www.pappmoebelshop.de\/en\/wp-json\/wp\/v2\/types\/page"}],"author":[{"embeddable":true,"href":"https:\/\/www.pappmoebelshop.de\/en\/wp-json\/wp\/v2\/users\/1"}],"replies":[{"embeddable":true,"href":"https:\/\/www.pappmoebelshop.de\/en\/wp-json\/wp\/v2\/comments?post=10565"}],"version-history":[{"count":85,"href":"https:\/\/www.pappmoebelshop.de\/en\/wp-json\/wp\/v2\/pages\/10565\/revisions"}],"predecessor-version":[{"id":10660,"href":"https:\/\/www.pappmoebelshop.de\/en\/wp-json\/wp\/v2\/pages\/10565\/revisions\/10660"}],"wp:attachment":[{"href":"https:\/\/www.pappmoebelshop.de\/en\/wp-json\/wp\/v2\/media?parent=10565"}],"curies":[{"name":"wp","href":"https:\/\/api.w.org\/{rel}","templated":true}]}}