{"id":11216,"date":"2025-10-21T14:03:49","date_gmt":"2025-10-21T12:03:49","guid":{"rendered":"https:\/\/www.pappmoebelshop.de\/?page_id=11216"},"modified":"2025-11-11T13:01:32","modified_gmt":"2025-11-11T12:01:32","slug":"werkstattzubehoer","status":"publish","type":"page","link":"https:\/\/www.pappmoebelshop.de\/en\/werkstattzubehoer\/","title":{"rendered":"Werkstatt-Zubeh\u00f6r"},"content":{"rendered":"<p style=\"max-width: 600px; margin: 20px auto;\">Bei uns stehen einige Ver\u00e4nderungen an und wir r\u00e4umen auf!<br \/>\nNeben unseren Standard-Produkten zu attraktiven Rabatten haben wir noch einige andere Dinge, die wir in den n\u00e4chsten wochen verkaufen. <\/br><br \/>\nAbholung in Gro\u00dfbeeren, Zahlung vor Ort mit Karte<\/p>\n<div class=\"ig-links-container\"  style=\"text-align: left;\">\n<div class=\"ig-links-item\">\n            <img decoding=\"async\" src=\"\/wp-content\/uploads\/2025\/11\/20251014_161322-scaled.jpg\" alt=\"\"><\/p>\n<p>Wabenplatte, verschiedene Gr\u00f6\u00dfen<\/p>\n<p>10,00\u20ac pro Platte<\/p>\n<\/p><\/div>\n<div class=\"ig-links-item\">\n            <img decoding=\"async\" src=\"\/wp-content\/uploads\/2025\/11\/20251015_160722.jpg\" alt=\"\"><\/p>\n<p>Werkstattwagen<\/p>\n<p>280 \u20ac<\/p>\n<\/p><\/div>\n<div class=\"ig-links-item\">\n            <img decoding=\"async\" src=\"\/wp-content\/uploads\/2025\/11\/20251023_125359.jpg\" alt=\"\"><\/p>\n<p>Fetra Transportwagen<\/p>\n<p>300\u20ac<\/p>\n<\/p><\/div>\n<div class=\"ig-links-item\">\n            <img decoding=\"async\" src=\"\/wp-content\/uploads\/2025\/11\/20251014_163148-scaled.jpg\" alt=\"\"><\/p>\n<p>Materialst\u00e4nder<\/p>\n<p>&#8212;\u20ac<\/p>\n<\/p><\/div>\n<div class=\"ig-links-item\">\n            <img decoding=\"async\" src=\"\/wp-content\/uploads\/2025\/11\/DSC_1502-scaled.jpg\" alt=\"\"><\/p>\n<p>Konferenzstuhl<\/p>\n<p>300 \u20ac<\/p>\n<\/p><\/div>\n<div class=\"ig-links-item\">\n            <img decoding=\"async\" src=\"\/wp-content\/uploads\/2025\/11\/DSC_1510-scaled.jpg\" alt=\"\"><\/p>\n<p>B\u00fcrostuhl<\/p>\n<p>190\u20ac<\/p>\n<\/p><\/div>\n<\/p><\/div>","protected":false},"excerpt":{"rendered":"<p>Bei uns stehen einige Ver\u00e4nderungen an und wir r\u00e4umen auf! Neben unseren Standard-Produkten zu attraktiven Rabatten haben wir noch einige andere Dinge, die wir in den n\u00e4chsten wochen verkaufen. Abholung in Gro\u00dfbeeren, Zahlung vor Ort mit Karte Wabenplatte, verschiedene Gr\u00f6\u00dfen 10,00\u20ac pro Platte Werkstattwagen 280 \u20ac Fetra Transportwagen 300\u20ac Materialst\u00e4nder &#8212;\u20ac Konferenzstuhl 300 \u20ac B\u00fcrostuhl [&hellip;]<\/p>\n","protected":false},"author":1,"featured_media":0,"parent":0,"menu_order":0,"comment_status":"closed","ping_status":"closed","template":"","meta":{"site-sidebar-layout":"default","site-content-layout":"","ast-site-content-layout":"default","site-content-style":"default","site-sidebar-style":"default","ast-global-header-display":"","ast-banner-title-visibility":"","ast-main-header-display":"","ast-hfb-above-header-display":"","ast-hfb-below-header-display":"","ast-hfb-mobile-header-display":"","site-post-title":"","ast-breadcrumbs-content":"","ast-featured-img":"","footer-sml-layout":"","ast-disable-related-posts":"","theme-transparent-header-meta":"","adv-header-id-meta":"","stick-header-meta":"","header-above-stick-meta":"","header-main-stick-meta":"","header-below-stick-meta":"","astra-migrate-meta-layouts":"set","ast-page-background-enabled":"default","ast-page-background-meta":{"desktop":{"background-color":"var(--ast-global-color-4)","background-image":"","background-repeat":"repeat","background-position":"center center","background-size":"auto","background-attachment":"scroll","background-type":"","background-media":"","overlay-type":"","overlay-color":"","overlay-opacity":"","overlay-gradient":""},"tablet":{"background-color":"","background-image":"","background-repeat":"repeat","background-position":"center center","background-size":"auto","background-attachment":"scroll","background-type":"","background-media":"","overlay-type":"","overlay-color":"","overlay-opacity":"","overlay-gradient":""},"mobile":{"background-color":"","background-image":"","background-repeat":"repeat","background-position":"center center","background-size":"auto","background-attachment":"scroll","background-type":"","background-media":"","overlay-type":"","overlay-color":"","overlay-opacity":"","overlay-gradient":""}},"ast-content-background-meta":{"desktop":{"background-color":"var(--ast-global-color-5)","background-image":"","background-repeat":"repeat","background-position":"center center","background-size":"auto","background-attachment":"scroll","background-type":"","background-media":"","overlay-type":"","overlay-color":"","overlay-opacity":"","overlay-gradient":""},"tablet":{"background-color":"var(--ast-global-color-5)","background-image":"","background-repeat":"repeat","background-position":"center center","background-size":"auto","background-attachment":"scroll","background-type":"","background-media":"","overlay-type":"","overlay-color":"","overlay-opacity":"","overlay-gradient":""},"mobile":{"background-color":"var(--ast-global-color-5)","background-image":"","background-repeat":"repeat","background-position":"center center","background-size":"auto","background-attachment":"scroll","background-type":"","background-media":"","overlay-type":"","overlay-color":"","overlay-opacity":"","overlay-gradient":""}},"footnotes":""},"class_list":["post-11216","page","type-page","status-publish","hentry"],"_links":{"self":[{"href":"https:\/\/www.pappmoebelshop.de\/en\/wp-json\/wp\/v2\/pages\/11216","targetHints":{"allow":["GET"]}}],"collection":[{"href":"https:\/\/www.pappmoebelshop.de\/en\/wp-json\/wp\/v2\/pages"}],"about":[{"href":"https:\/\/www.pappmoebelshop.de\/en\/wp-json\/wp\/v2\/types\/page"}],"author":[{"embeddable":true,"href":"https:\/\/www.pappmoebelshop.de\/en\/wp-json\/wp\/v2\/users\/1"}],"replies":[{"embeddable":true,"href":"https:\/\/www.pappmoebelshop.de\/en\/wp-json\/wp\/v2\/comments?post=11216"}],"version-history":[{"count":36,"href":"https:\/\/www.pappmoebelshop.de\/en\/wp-json\/wp\/v2\/pages\/11216\/revisions"}],"predecessor-version":[{"id":11363,"href":"https:\/\/www.pappmoebelshop.de\/en\/wp-json\/wp\/v2\/pages\/11216\/revisions\/11363"}],"wp:attachment":[{"href":"https:\/\/www.pappmoebelshop.de\/en\/wp-json\/wp\/v2\/media?parent=11216"}],"curies":[{"name":"wp","href":"https:\/\/api.w.org\/{rel}","templated":true}]}}