{"id":134,"date":"2022-02-16T22:02:12","date_gmt":"2022-02-16T21:02:12","guid":{"rendered":"https:\/\/www.test22.pappmoebelshop.com\/versandarten\/"},"modified":"2025-01-23T18:57:42","modified_gmt":"2025-01-23T17:57:42","slug":"versandarten","status":"publish","type":"page","link":"https:\/\/www.pappmoebelshop.de\/en\/versandarten\/","title":{"rendered":"Shipping"},"content":{"rendered":"<h2 class=\"wp-block-heading\" id=\"versandkosten-und-ablauf\">Shipping costs and process<\/h2>\n\n\n\n<p>There are no additional costs for shipping within Germany.<br>The dispatch takes place with the GLS parcel service. As soon as the order is dispatched from us, you will receive an e-mail from GLS with information about the expected delivery time window and other delivery options. There you can, for example, select a specific delivery day or issue permission to leave it (e.g. carport):<br><a href=\"https:\/\/gls-group.eu\/DE\/de\/service-fuer-empfaenger\" target=\"_blank\" rel=\"noreferrer noopener\"><strong>https:\/\/gls-group.eu\/DE\/de\/service-fuer-empfaenger<\/strong><\/a><\/p>\n\n\n\n<p>Changes to delivery should be made the same day, however it may take a moment for all options to be available in the system. After receiving the email from GLS, it only takes 1-2 days for the order to reach you. If you are unable to receive e-mails, please contact us, we will be happy to help you.<br>The parcel service makes a delivery attempt. If the GLS driver does not find anyone at the delivery address or in the immediate vicinity, your shipment will be deposited in a nearby parcel shop. The driver will leave you a notification card with the address of the parcel shop and the ID number belonging to the shipment, which you must present when you pick up the parcel. If the notification card is lost, you will find out this ID number from us, as well as the address and telephone number. of the parcel shop.<\/p>\n\n\n\n<p>Bitte denken Sie an ein entsprechendes Namensschild an der T\u00fcr (WG&#8217;s oder Neubezug einer Wohnung)! Das erleichtert dem Paketdienst die termingerechte Anlieferung.<\/p>\n\n<p>Eine Lieferung an Postfilialen, Postf\u00e4cher, Packstationen und Paketboxen ist leider nicht m\u00f6glich. \n\u00dcber den Link, den sie bei Versendung Ihrer Bestellung erhalten, haben Sie die M\u00f6glichkeit, einen Paketshop in Ihrer N\u00e4he auszuw\u00e4hlen. Hier finden Sie einen Paketshop in Ihrer N\u00e4he: <a href=\"https:\/\/https:\/\/www.gls-pakete.de\/gls-paketshops \" target=\"_blank\" rel=\"noreferrer noopener\"><strong>https:\/\/https:\/\/www.gls-pakete.de\/gls-paketshops <\/strong><\/a><\/p>\n\n<p>Bitte verfolgen Sie die Sendung. Ein Anruf durch den Zusteller ist leider nicht m\u00f6glich. Wenn die Klingel nicht funktioniert, geben Sie einen Abstellort an oder bitten einen Nachbarn, die Sendung entgegen zu nehmen. \n<\/p>\n\n\n\n<h2 class=\"wp-block-heading\" id=\"liefertermin\">Date of Delivery<\/h2>\n\n\n\n<p>After placing your order, you will receive an email from us with the invoice attached. In it we will also inform you about the expected shipping date and the options from GLS.<br>As soon as the order is dispatched from us, you will receive an e-mail from GLS with information about the expected delivery time window and other delivery options. After receiving the email from GLS, it only takes 1-2 days for the order to reach you.<br><a href=\"https:\/\/gls-group.eu\/DE\/de\/service-fuer-empfaenger\" target=\"_blank\" rel=\"noreferrer noopener\"><strong>https:\/\/gls-group.eu\/DE\/de\/service-fuer-empfaenger<\/strong><\/a><br>The delivery time from the order can total up to approx. 7 working days. If you're in a hurry, talk to us, we're happy to help.<br>Delivery is from <strong>Monday to Friday 8.00 a.m. \u2013 5.00 p.m<\/strong>. If you are absent, please provide an alternative delivery address (e.g. workplace or a helpful neighbor).<\/p>\n\n\n\n<h2 class=\"wp-block-heading\" id=\"zustellung-ausland\">Delivery Abroad<\/h2>\n\n\n\n<p>When your order ships from us, you will receive an email containing a tracking number for tracking the shipment. Shipment tracking runs via: <a href=\"https:\/\/gls-group.eu\/DE\/de\/home\" target=\"_blank\" rel=\"noreferrer noopener\">http:\/\/www.gls-germany.com\/de\/home\/index.html<\/a><br><br>For shipping abroad, the following additional costs are charged PER PARCEL:<\/p>\n\n\n\n<ul class=\"wp-block-list\">\n<li>Belgium EUR 7,00<\/li>\n\n\n\n<li>Denmark EUR 7,00<\/li>\n\n\n\n<li>Frankreich EUR 17,00<\/li>\n\n\n\n<li>Italien EUR 18,00<\/li>\n\n\n\n<li>Luxembourg EUR 7,00<\/li>\n\n\n\n<li>Netherlands EUR 7,00<\/li>\n\n\n\n<li>Norwegen EUR 45,00*<\/li>\n\n\n\n<li>Austria EUR 10,00<\/li>\n\n\n\n<li>Poland EUR 18,00<\/li>\n\n\n\n<li>Portugal EUR 38,00 (no shipping to Azores &amp; Madeira)<\/li>\n\n\n\n<li>Sweden EUR 20,00<\/li>\n\n\n\n<li>Switzerland* EUR 10,00<\/li>\n\n\n\n<li>Spain EUR 30,00 (excluding Balearic Islands, Canary Islands, Melilla, Ceuta)<\/li>\n\n\n\n<li>Czech Republic EUR 23,00<\/li>\n\n\n\n<li>Hungary EUR 28,00<\/li>\n<\/ul>\n\n\n\n<p>*additional fee for customs clearance: EUR 21,00<br>\nEs ist mit zus\u00e4tzlichen Einfuhrabgaben zu rechnen &#8211; siehe AGB<\/p>\n<p>The costs of returning the goods when exercising the right of withdrawal are to be borne by the customer (see \u00a7 8).<br>\nNo shipping to islands. Some products consist of two packages, shipping costs are calculated for each package. For the affected products, there is a note on this in the product details.<\/p>","protected":false},"excerpt":{"rendered":"<p>Versandkosten und Ablauf F\u00fcr den Versand innerhalb Deutschlands fallen keine zus\u00e4tzlichen Kosten an.Der Versand erfolgt mit dem GLS- Paketdienst. Sobald die Bestellung bei uns im Versand ist, bekommen Sie eine E-Mail von GLS mit Information \u00fcber das vorraussichtliche Zustell-Zeitfenster und weiteren Optionen f\u00fcr die Zustellung, dort k\u00f6nnen Sie z.B. einen bestimmten Zustelltag ausw\u00e4hlen oder eine [&hellip;]<\/p>\n","protected":false},"author":1,"featured_media":0,"parent":0,"menu_order":0,"comment_status":"closed","ping_status":"closed","template":"","meta":{"site-sidebar-layout":"default","site-content-layout":"","ast-site-content-layout":"default","site-content-style":"default","site-sidebar-style":"default","ast-global-header-display":"","ast-banner-title-visibility":"","ast-main-header-display":"","ast-hfb-above-header-display":"","ast-hfb-below-header-display":"","ast-hfb-mobile-header-display":"","site-post-title":"","ast-breadcrumbs-content":"","ast-featured-img":"","footer-sml-layout":"","ast-disable-related-posts":"","theme-transparent-header-meta":"","adv-header-id-meta":"","stick-header-meta":"","header-above-stick-meta":"","header-main-stick-meta":"","header-below-stick-meta":"","astra-migrate-meta-layouts":"set","ast-page-background-enabled":"default","ast-page-background-meta":{"desktop":{"background-color":"var(--ast-global-color-4)","background-image":"","background-repeat":"repeat","background-position":"center center","background-size":"auto","background-attachment":"scroll","background-type":"","background-media":"","overlay-type":"","overlay-color":"","overlay-opacity":"","overlay-gradient":""},"tablet":{"background-color":"","background-image":"","background-repeat":"repeat","background-position":"center center","background-size":"auto","background-attachment":"scroll","background-type":"","background-media":"","overlay-type":"","overlay-color":"","overlay-opacity":"","overlay-gradient":""},"mobile":{"background-color":"","background-image":"","background-repeat":"repeat","background-position":"center center","background-size":"auto","background-attachment":"scroll","background-type":"","background-media":"","overlay-type":"","overlay-color":"","overlay-opacity":"","overlay-gradient":""}},"ast-content-background-meta":{"desktop":{"background-color":"var(--ast-global-color-5)","background-image":"","background-repeat":"repeat","background-position":"center center","background-size":"auto","background-attachment":"scroll","background-type":"","background-media":"","overlay-type":"","overlay-color":"","overlay-opacity":"","overlay-gradient":""},"tablet":{"background-color":"var(--ast-global-color-5)","background-image":"","background-repeat":"repeat","background-position":"center center","background-size":"auto","background-attachment":"scroll","background-type":"","background-media":"","overlay-type":"","overlay-color":"","overlay-opacity":"","overlay-gradient":""},"mobile":{"background-color":"var(--ast-global-color-5)","background-image":"","background-repeat":"repeat","background-position":"center center","background-size":"auto","background-attachment":"scroll","background-type":"","background-media":"","overlay-type":"","overlay-color":"","overlay-opacity":"","overlay-gradient":""}},"footnotes":""},"class_list":["post-134","page","type-page","status-publish","hentry"],"_links":{"self":[{"href":"https:\/\/www.pappmoebelshop.de\/en\/wp-json\/wp\/v2\/pages\/134","targetHints":{"allow":["GET"]}}],"collection":[{"href":"https:\/\/www.pappmoebelshop.de\/en\/wp-json\/wp\/v2\/pages"}],"about":[{"href":"https:\/\/www.pappmoebelshop.de\/en\/wp-json\/wp\/v2\/types\/page"}],"author":[{"embeddable":true,"href":"https:\/\/www.pappmoebelshop.de\/en\/wp-json\/wp\/v2\/users\/1"}],"replies":[{"embeddable":true,"href":"https:\/\/www.pappmoebelshop.de\/en\/wp-json\/wp\/v2\/comments?post=134"}],"version-history":[{"count":9,"href":"https:\/\/www.pappmoebelshop.de\/en\/wp-json\/wp\/v2\/pages\/134\/revisions"}],"predecessor-version":[{"id":10114,"href":"https:\/\/www.pappmoebelshop.de\/en\/wp-json\/wp\/v2\/pages\/134\/revisions\/10114"}],"wp:attachment":[{"href":"https:\/\/www.pappmoebelshop.de\/en\/wp-json\/wp\/v2\/media?parent=134"}],"curies":[{"name":"wp","href":"https:\/\/api.w.org\/{rel}","templated":true}]}}