{"id":135,"date":"2022-02-16T22:02:12","date_gmt":"2022-02-16T21:02:12","guid":{"rendered":"https:\/\/www.test22.pappmoebelshop.com\/bezahlmoeglichkeiten\/"},"modified":"2024-09-27T12:10:04","modified_gmt":"2024-09-27T10:10:04","slug":"zahlungsarten","status":"publish","type":"page","link":"https:\/\/www.pappmoebelshop.de\/en\/zahlungsarten\/","title":{"rendered":"Zahlungsarten"},"content":{"rendered":"<h2 class=\"wp-block-heading\" id=\"kreditkartenzahlung\">Credit Card<\/h2>\n\n\n\n<ul class=\"wp-block-list\">\n<li>Mastercard<\/li>\n\n\n\n<li>VISA<\/li>\n<\/ul>\n\n\n\n<h2 class=\"wp-block-heading\" id=\"giropay\">Giropay<\/h2>\n\n\n\n<p>With <a rel=\"noreferrer noopener\" href=\"https:\/\/www.giropay.de\/fuer-kaeufer\/giropay-fuer-kaeufer.html\" target=\"_blank\">giropay<\/a> you can pay easily, quickly and securely by online transfer with PIN and TAN.<br><a rel=\"noreferrer noopener\" href=\"https:\/\/www.giropay.de\/fuer-kaeufer\/giropay-fuer-kaeufer\/so-funktioniert-giropay.html\" target=\"_blank\">It works like this:<\/a><br>You will be forwarded to your bank or savings bank.<br>You need your online banking access data to make the payment.<\/p>\n\n\n\n<h2 class=\"wp-block-heading\" id=\"paypal\">PayPal<\/h2>\n\n\n\n<p>With <a href=\"https:\/\/www.paypal.com\/de\/webapps\/mpp\/pay-online\" target=\"_blank\" rel=\"noreferrer noopener\">PayPal<\/a> you can pay easily and securely by email address.<\/p>\n\n\n\n<h2 class=\"wp-block-heading\" id=\"uberweisung-vorab\">Bank Transfer in Advance<\/h2>\n\n\n\n<p>The order will be shipped as soon as the payment has been received.<br>Please also note the delivery time, which is specified for the individual items.<\/p>\n\n\n\n<h2 class=\"wp-block-heading\" id=\"rechnung\">Invoice<\/h2>\n\n\n\n<p>F\u00fcr Schulen, \u00c4mter, Beh\u00f6rden u.\u00e4. Zahlung innerhalb von 14 Tagen&nbsp;nach Lieferung m\u00f6glich. \n<br>Please contact us by email: pappmoebelshop@stange-design.de<\/p>","protected":false},"excerpt":{"rendered":"<p>Kreditkartenzahlung Giropay Mit giropay zahlen Sie einfach, schnell und sicher per Online-\u00dcberweisung mit PIN und TAN.So funktioniert&#8217;s:Sie werden zu Ihrer Bank oder Sparkasse weitergeleitet.Sie ben\u00f6tigen Ihre Online-Banking-Zugangsdaten, um die Bezahlung durchzuf\u00fchren. PayPal Mit PayPal k\u00f6nnen Sie einfach und sicher bezahlen per Emailadresse. \u00dcberweisung vorab Die Bestellung geht in den Versand, sobald die Zahlung eingegangen ist.Bitte [&hellip;]<\/p>\n","protected":false},"author":1,"featured_media":0,"parent":0,"menu_order":0,"comment_status":"closed","ping_status":"closed","template":"","meta":{"site-sidebar-layout":"default","site-content-layout":"","ast-site-content-layout":"default","site-content-style":"default","site-sidebar-style":"default","ast-global-header-display":"","ast-banner-title-visibility":"","ast-main-header-display":"","ast-hfb-above-header-display":"","ast-hfb-below-header-display":"","ast-hfb-mobile-header-display":"","site-post-title":"","ast-breadcrumbs-content":"","ast-featured-img":"","footer-sml-layout":"","ast-disable-related-posts":"","theme-transparent-header-meta":"","adv-header-id-meta":"","stick-header-meta":"","header-above-stick-meta":"","header-main-stick-meta":"","header-below-stick-meta":"","astra-migrate-meta-layouts":"set","ast-page-background-enabled":"default","ast-page-background-meta":{"desktop":{"background-color":"var(--ast-global-color-4)","background-image":"","background-repeat":"repeat","background-position":"center center","background-size":"auto","background-attachment":"scroll","background-type":"","background-media":"","overlay-type":"","overlay-color":"","overlay-opacity":"","overlay-gradient":""},"tablet":{"background-color":"","background-image":"","background-repeat":"repeat","background-position":"center center","background-size":"auto","background-attachment":"scroll","background-type":"","background-media":"","overlay-type":"","overlay-color":"","overlay-opacity":"","overlay-gradient":""},"mobile":{"background-color":"","background-image":"","background-repeat":"repeat","background-position":"center center","background-size":"auto","background-attachment":"scroll","background-type":"","background-media":"","overlay-type":"","overlay-color":"","overlay-opacity":"","overlay-gradient":""}},"ast-content-background-meta":{"desktop":{"background-color":"var(--ast-global-color-5)","background-image":"","background-repeat":"repeat","background-position":"center center","background-size":"auto","background-attachment":"scroll","background-type":"","background-media":"","overlay-type":"","overlay-color":"","overlay-opacity":"","overlay-gradient":""},"tablet":{"background-color":"var(--ast-global-color-5)","background-image":"","background-repeat":"repeat","background-position":"center center","background-size":"auto","background-attachment":"scroll","background-type":"","background-media":"","overlay-type":"","overlay-color":"","overlay-opacity":"","overlay-gradient":""},"mobile":{"background-color":"var(--ast-global-color-5)","background-image":"","background-repeat":"repeat","background-position":"center center","background-size":"auto","background-attachment":"scroll","background-type":"","background-media":"","overlay-type":"","overlay-color":"","overlay-opacity":"","overlay-gradient":""}},"footnotes":""},"class_list":["post-135","page","type-page","status-publish","hentry"],"_links":{"self":[{"href":"https:\/\/www.pappmoebelshop.de\/en\/wp-json\/wp\/v2\/pages\/135","targetHints":{"allow":["GET"]}}],"collection":[{"href":"https:\/\/www.pappmoebelshop.de\/en\/wp-json\/wp\/v2\/pages"}],"about":[{"href":"https:\/\/www.pappmoebelshop.de\/en\/wp-json\/wp\/v2\/types\/page"}],"author":[{"embeddable":true,"href":"https:\/\/www.pappmoebelshop.de\/en\/wp-json\/wp\/v2\/users\/1"}],"replies":[{"embeddable":true,"href":"https:\/\/www.pappmoebelshop.de\/en\/wp-json\/wp\/v2\/comments?post=135"}],"version-history":[{"count":5,"href":"https:\/\/www.pappmoebelshop.de\/en\/wp-json\/wp\/v2\/pages\/135\/revisions"}],"predecessor-version":[{"id":9630,"href":"https:\/\/www.pappmoebelshop.de\/en\/wp-json\/wp\/v2\/pages\/135\/revisions\/9630"}],"wp:attachment":[{"href":"https:\/\/www.pappmoebelshop.de\/en\/wp-json\/wp\/v2\/media?parent=135"}],"curies":[{"name":"wp","href":"https:\/\/api.w.org\/{rel}","templated":true}]}}