{"id":140,"date":"2022-02-17T15:19:38","date_gmt":"2022-02-17T14:19:38","guid":{"rendered":"https:\/\/www.test22.pappmoebelshop.com\/?page_id=140"},"modified":"2022-07-01T10:22:27","modified_gmt":"2022-07-01T08:22:27","slug":"140-2","status":"publish","type":"page","link":"https:\/\/www.pappmoebelshop.de\/en\/","title":{"rendered":""},"content":{"rendered":"<h2 class=\"welcome\">Welcome to Stange Design Cardboard Furniture!<\/h2>\n\n\n\n<div class=\"teaser-grid\">\n        <div class=\"grid-item-wrapper\">\n            <div class=\"teaser-grid-item\"><a href=\"\/en\/product-category\/wohnen\/\">\n                    <img decoding=\"async\" class=\"bild-1\" src=\"\/wp-content\/uploads\/2022\/04\/pappmoebel-regal-a3-KRUEMEL-0197-3.jpg\" alt=\"\">\n                    <img decoding=\"async\" class=\"bild-2\" src=\"\/wp-content\/uploads\/2022\/02\/pappbett-dream-neu-1c.jpg\" alt=\"\">\n                <\/a>\n\n            <\/div>\n            <div class=\"figcaption\"><a href=\"\/en\/product-category\/wohnen\/\">Home<\/a><\/div>\n        <\/div>\n        <div class=\"grid-item-wrapper\">\n            <div class=\"teaser-grid-item\"><a href=\"\/en\/product-category\/arbeiten\/\">\n                    <img decoding=\"async\" class=\"bild-1\" src=\"\/wp-content\/uploads\/2022\/02\/pappmoebel-stange-design-tisch-regale-office_0093-1-e1645025912760.jpg\" alt=\"\">\n                    <img decoding=\"async\" class=\"bild-2\" src=\"\/wp-content\/uploads\/2022\/05\/pappmoebel-theke-bill2-1789.jpg\" alt=\"\">\n                <\/a>\n\n            <\/div>\n            <div class=\"figcaption\"><a href=\"\/en\/product-category\/arbeiten\/\">Work<\/a><\/div>\n        <\/div>\n        <div class=\"grid-item-wrapper\">\n            <div class=\"teaser-grid-item\"><a href=\"\/en\/product-category\/dekorieren\/\">\n                    <img decoding=\"async\" class=\"bild-1\" src=\"\/wp-content\/uploads\/2022\/04\/pappmoebel-schaf-wolly-natur-2.jpg\" alt=\"\">\n                    <img decoding=\"async\" class=\"bild-2\" src=\"\/wp-content\/uploads\/2022\/04\/pappmoebel-schaf-wolly-schwarz-_5656_-.jpg\" alt=\"\">\n                <\/a>\n\n            <\/div>\n            <div class=\"figcaption\"><a href=\"\/en\/product-category\/dekorieren\/\">Decorate<\/a><\/div>\n        <\/div>\n    <\/div>\n\n\n\n<div class=\"highlight-container\">\n        <div class=\"highlight-item highlight-text\">\n            <a href=\"\/en\/ueber-uns\/\">\n            <h3>About Us<\/h3>\n            <p>\n                Stange Design is a manufactory from Berlin that produces extraordinary cardboard furniture. We design, develop and produce the furniture of the new generation under one roof - since 1985.\nIt all started with a stool that Hans-Peter Stange designed from corrugated cardboard in 1979 and has now grown into a comprehensive range. <br>\n                Alles begann mit einem Hocker, den Hans-Peter Stange 1979 aus Wellpappe entwarf, und ist heute zu einem\n                umfassenden Sortiment gewachsen.\n            <\/p>\n            <\/a>\n            <a href=\"\/en\/ueber-uns\/\" class=\"highlight-link\">Read More...<\/a>\n        <\/div>\n        <div class=\"highlight-item\"><a href=\"\/en\/ueber-uns\/\">\n                <img decoding=\"async\" class=\"bild-1\" src=\"\/wp-content\/uploads\/2022\/04\/pappmoebel-original-papphocker-1979-sw-1x1-1.jpg\" alt=\"\">\n                <img decoding=\"async\" class=\"bild-2\" src=\"\/wp-content\/uploads\/2022\/06\/stange-design-projekt-spezial-sofa-01-sw.jpg\" alt=\"\">\n            <\/a>\n        <\/div>\n    <\/div>\n\n\n\n<div class=\"highlight-container\">\n        <div class=\"highlight-item\">\n            <a href=\"\/en\/faq\/\">\n                <img decoding=\"async\" class=\"bild-1\" src=\"\/wp-content\/uploads\/2022\/06\/pappmoebel-faq-frage.jpg\" alt=\"\">\n                <img decoding=\"async\" class=\"bild-2\" src=\"\/wp-content\/uploads\/2022\/06\/pappmoebel-faq-antwort.jpg\" alt=\"\">\n            <\/a>\n        <\/div>\n        <div class=\"highlight-item highlight-text\">\n            <a href=\"\/en\/faq\/\">\n            <h3>Questions &amp; Answers<\/h3>\n            <p>\n                How durable is cardboard furniture? <br>\n                How do I protect the surfaces? <br>\n                How does it react to moisture? <br>\n                How heat and fire sensitive is cardboard furniture? <br>\n                Is cardboard furniture eco-friendly? <br>\n            <\/p>\n            <\/a>\n            <a href=\"\/en\/faq\/\" class=\"highlight-link\">Read More...<\/a>\n        <\/div>\n    <\/div>","protected":false},"excerpt":{"rendered":"<p>Willkommen bei Stange Design Pappm\u00f6bel! Wohnen Arbeiten Dekorieren \u00dcber uns Stange Design ist eine Manufaktur aus Berlin, die au\u00dfergew\u00f6hnliche M\u00f6bel aus Pappe herstellt. Unter einem Dach gestalten, entwickeln und produzieren wir die M\u00f6bel der neuen Generation \u2013 und das schon seit 1985. Alles begann mit einem Hocker, den Hans-Peter Stange 1979 aus Wellpappe entwarf, und [&hellip;]<\/p>\n","protected":false},"author":1,"featured_media":0,"parent":0,"menu_order":0,"comment_status":"closed","ping_status":"closed","template":"","meta":{"site-sidebar-layout":"default","site-content-layout":"","ast-site-content-layout":"default","site-content-style":"default","site-sidebar-style":"default","ast-global-header-display":"","ast-banner-title-visibility":"","ast-main-header-display":"","ast-hfb-above-header-display":"","ast-hfb-below-header-display":"","ast-hfb-mobile-header-display":"","site-post-title":"","ast-breadcrumbs-content":"","ast-featured-img":"","footer-sml-layout":"","ast-disable-related-posts":"","theme-transparent-header-meta":"","adv-header-id-meta":"","stick-header-meta":"","header-above-stick-meta":"","header-main-stick-meta":"","header-below-stick-meta":"","astra-migrate-meta-layouts":"default","ast-page-background-enabled":"default","ast-page-background-meta":{"desktop":{"background-color":"var(--ast-global-color-4)","background-image":"","background-repeat":"repeat","background-position":"center center","background-size":"auto","background-attachment":"scroll","background-type":"","background-media":"","overlay-type":"","overlay-color":"","overlay-opacity":"","overlay-gradient":""},"tablet":{"background-color":"","background-image":"","background-repeat":"repeat","background-position":"center center","background-size":"auto","background-attachment":"scroll","background-type":"","background-media":"","overlay-type":"","overlay-color":"","overlay-opacity":"","overlay-gradient":""},"mobile":{"background-color":"","background-image":"","background-repeat":"repeat","background-position":"center center","background-size":"auto","background-attachment":"scroll","background-type":"","background-media":"","overlay-type":"","overlay-color":"","overlay-opacity":"","overlay-gradient":""}},"ast-content-background-meta":{"desktop":{"background-color":"var(--ast-global-color-5)","background-image":"","background-repeat":"repeat","background-position":"center center","background-size":"auto","background-attachment":"scroll","background-type":"","background-media":"","overlay-type":"","overlay-color":"","overlay-opacity":"","overlay-gradient":""},"tablet":{"background-color":"var(--ast-global-color-5)","background-image":"","background-repeat":"repeat","background-position":"center center","background-size":"auto","background-attachment":"scroll","background-type":"","background-media":"","overlay-type":"","overlay-color":"","overlay-opacity":"","overlay-gradient":""},"mobile":{"background-color":"var(--ast-global-color-5)","background-image":"","background-repeat":"repeat","background-position":"center center","background-size":"auto","background-attachment":"scroll","background-type":"","background-media":"","overlay-type":"","overlay-color":"","overlay-opacity":"","overlay-gradient":""}},"footnotes":""},"class_list":["post-140","page","type-page","status-publish","hentry"],"_links":{"self":[{"href":"https:\/\/www.pappmoebelshop.de\/en\/wp-json\/wp\/v2\/pages\/140","targetHints":{"allow":["GET"]}}],"collection":[{"href":"https:\/\/www.pappmoebelshop.de\/en\/wp-json\/wp\/v2\/pages"}],"about":[{"href":"https:\/\/www.pappmoebelshop.de\/en\/wp-json\/wp\/v2\/types\/page"}],"author":[{"embeddable":true,"href":"https:\/\/www.pappmoebelshop.de\/en\/wp-json\/wp\/v2\/users\/1"}],"replies":[{"embeddable":true,"href":"https:\/\/www.pappmoebelshop.de\/en\/wp-json\/wp\/v2\/comments?post=140"}],"version-history":[{"count":38,"href":"https:\/\/www.pappmoebelshop.de\/en\/wp-json\/wp\/v2\/pages\/140\/revisions"}],"predecessor-version":[{"id":4023,"href":"https:\/\/www.pappmoebelshop.de\/en\/wp-json\/wp\/v2\/pages\/140\/revisions\/4023"}],"wp:attachment":[{"href":"https:\/\/www.pappmoebelshop.de\/en\/wp-json\/wp\/v2\/media?parent=140"}],"curies":[{"name":"wp","href":"https:\/\/api.w.org\/{rel}","templated":true}]}}