{"id":2636,"date":"2022-05-09T14:27:21","date_gmt":"2022-05-09T12:27:21","guid":{"rendered":"https:\/\/www.test22.pappmoebelshop.com\/?page_id=2636"},"modified":"2025-11-14T08:31:43","modified_gmt":"2025-11-14T07:31:43","slug":"werksverkauf","status":"publish","type":"page","link":"https:\/\/www.pappmoebelshop.de\/en\/werksverkauf\/","title":{"rendered":"Factory Sale"},"content":{"rendered":"<div class=\"werksverkauf\">\n\n<div>\n<h2>Adress<\/h2>\n<p>\nAm Lilograben  4<br>\n14979  Gro\u00dfbeeren  ( GVZ )<br>\nTel. 033701 907530<br>\n<br>\n52.372272, 13.323416\n<\/p>\n<p style=\"color: #14b042; font-size: 1.5rem; line-height: 1rem;\">***Lagerverkauf am 15.11.2025 10 &#8211; 20h***<\/p>\n<a href=\"\/en\/lagerraeumung\/\" style=\"color: #14b042; font-size: 1.3rem; line-height: 1.5rem;\"> \n<em>> Verf\u00fcgbare Produkte &#038; Preisliste Lagerr\u00e4umung<\/em>\n<\/a>\n<\/div>\n\n\n<div style=\"padding-top: 50px;\">\n<h2>Regul\u00e4re \u00d6ffnungszeiten<\/h2>\n<h4>Abholung nach Vereinbarung<\/h4>\n<p>Wenn Sie Produkte selbst abholen m\u00f6chten, schreiben Sie uns einfach kurz eine Mail oder rufen uns an, damit wir sicherstellen k\u00f6nnen, dass alles da ist, was gebraucht wird! Einige Produkte werden auf Bestellung gefertigt und sind nicht immer auf Lager. <\/p>\n<p>\nSehen Sie sich bitte auf der Produktseite die Verpackungsma\u00dfe an und messen Ihr Auto\/Kofferraum aus, damit sie nicht vor Ort feststellen, dass das Paket nicht ins Auto passt. <\/p>\n<p>Die Zahlung ist nur mit Karte m\u00f6glich, es gibt keine Barkasse.<\/p>\n<\/div>\n\n<div class=\"werksverkauf-img\">\n<img decoding=\"async\" src=\"https:\/\/www.pappmoebelshop.de\/wp-content\/uploads\/2024\/02\/stange-design-standort.jpg\" alt=\"\">\n<\/div>\n<div class=\"werksverkauf-img\">\n<img decoding=\"async\" src=\"https:\/\/www.pappmoebelshop.de\/wp-content\/uploads\/2024\/05\/20240522_094607-scaled-e1716364269278.jpg\" alt=\"\">\n<\/div>\n\n\n\n\n\n\n<p><\/p>","protected":false},"excerpt":{"rendered":"<p>Adresse Am Lilograben 4 14979 Gro\u00dfbeeren ( GVZ ) Tel. 033701 907530 52.372272, 13.323416 ***Lagerverkauf am 15.11.2025 10 &#8211; 20h*** > Verf\u00fcgbare Produkte &#038; Preisliste Lagerr\u00e4umung Regul\u00e4re \u00d6ffnungszeiten Abholung nach Vereinbarung Wenn Sie Produkte selbst abholen m\u00f6chten, schreiben Sie uns einfach kurz eine Mail oder rufen uns an, damit wir sicherstellen k\u00f6nnen, dass alles da [&hellip;]<\/p>\n","protected":false},"author":1,"featured_media":0,"parent":0,"menu_order":0,"comment_status":"closed","ping_status":"closed","template":"","meta":{"site-sidebar-layout":"default","site-content-layout":"","ast-site-content-layout":"default","site-content-style":"default","site-sidebar-style":"default","ast-global-header-display":"","ast-banner-title-visibility":"","ast-main-header-display":"","ast-hfb-above-header-display":"","ast-hfb-below-header-display":"","ast-hfb-mobile-header-display":"","site-post-title":"","ast-breadcrumbs-content":"","ast-featured-img":"","footer-sml-layout":"","ast-disable-related-posts":"","theme-transparent-header-meta":"","adv-header-id-meta":"","stick-header-meta":"","header-above-stick-meta":"","header-main-stick-meta":"","header-below-stick-meta":"","astra-migrate-meta-layouts":"set","ast-page-background-enabled":"default","ast-page-background-meta":{"desktop":{"background-color":"var(--ast-global-color-4)","background-image":"","background-repeat":"repeat","background-position":"center center","background-size":"auto","background-attachment":"scroll","background-type":"","background-media":"","overlay-type":"","overlay-color":"","overlay-opacity":"","overlay-gradient":""},"tablet":{"background-color":"","background-image":"","background-repeat":"repeat","background-position":"center center","background-size":"auto","background-attachment":"scroll","background-type":"","background-media":"","overlay-type":"","overlay-color":"","overlay-opacity":"","overlay-gradient":""},"mobile":{"background-color":"","background-image":"","background-repeat":"repeat","background-position":"center center","background-size":"auto","background-attachment":"scroll","background-type":"","background-media":"","overlay-type":"","overlay-color":"","overlay-opacity":"","overlay-gradient":""}},"ast-content-background-meta":{"desktop":{"background-color":"var(--ast-global-color-5)","background-image":"","background-repeat":"repeat","background-position":"center center","background-size":"auto","background-attachment":"scroll","background-type":"","background-media":"","overlay-type":"","overlay-color":"","overlay-opacity":"","overlay-gradient":""},"tablet":{"background-color":"var(--ast-global-color-5)","background-image":"","background-repeat":"repeat","background-position":"center center","background-size":"auto","background-attachment":"scroll","background-type":"","background-media":"","overlay-type":"","overlay-color":"","overlay-opacity":"","overlay-gradient":""},"mobile":{"background-color":"var(--ast-global-color-5)","background-image":"","background-repeat":"repeat","background-position":"center center","background-size":"auto","background-attachment":"scroll","background-type":"","background-media":"","overlay-type":"","overlay-color":"","overlay-opacity":"","overlay-gradient":""}},"footnotes":""},"class_list":["post-2636","page","type-page","status-publish","hentry"],"_links":{"self":[{"href":"https:\/\/www.pappmoebelshop.de\/en\/wp-json\/wp\/v2\/pages\/2636","targetHints":{"allow":["GET"]}}],"collection":[{"href":"https:\/\/www.pappmoebelshop.de\/en\/wp-json\/wp\/v2\/pages"}],"about":[{"href":"https:\/\/www.pappmoebelshop.de\/en\/wp-json\/wp\/v2\/types\/page"}],"author":[{"embeddable":true,"href":"https:\/\/www.pappmoebelshop.de\/en\/wp-json\/wp\/v2\/users\/1"}],"replies":[{"embeddable":true,"href":"https:\/\/www.pappmoebelshop.de\/en\/wp-json\/wp\/v2\/comments?post=2636"}],"version-history":[{"count":28,"href":"https:\/\/www.pappmoebelshop.de\/en\/wp-json\/wp\/v2\/pages\/2636\/revisions"}],"predecessor-version":[{"id":11412,"href":"https:\/\/www.pappmoebelshop.de\/en\/wp-json\/wp\/v2\/pages\/2636\/revisions\/11412"}],"wp:attachment":[{"href":"https:\/\/www.pappmoebelshop.de\/en\/wp-json\/wp\/v2\/media?parent=2636"}],"curies":[{"name":"wp","href":"https:\/\/api.w.org\/{rel}","templated":true}]}}