{"id":277,"date":"2022-02-22T13:14:02","date_gmt":"2022-02-22T12:14:02","guid":{"rendered":"https:\/\/www.test22.pappmoebelshop.com\/?page_id=277"},"modified":"2024-08-14T16:35:17","modified_gmt":"2024-08-14T14:35:17","slug":"faq","status":"publish","type":"page","link":"https:\/\/www.pappmoebelshop.de\/en\/faq\/","title":{"rendered":"FAQ"},"content":{"rendered":"<div class=\"faq-img\">\n<figure class=\"wp-block-image\"><img decoding=\"async\" src=\"\/wp-content\/uploads\/2022\/05\/pappmoebel-faq1-haltbarkeit-1x1-1.jpg\" alt=\"\"><\/figure>\n<\/div>\n<div>\n<h2 id=\"wie-lange-leben-pappmobel\">How long does cardboard furniture live?<\/h2>\n<p>According to customer statements and the STANGE DESIGN team's own experiences, the cardboard beds and other furniture can last more than 10 years. As with all furniture, the level of stress also plays a role in the lifespan of cardboard furniture.<br \/>\nAll cardboard furniture can be dismantled and reassembled several times, e.g. for a move.<br \/>\nIf individual parts are lost or damaged on other occasions, they can be replaced provided the furniture is still on the offer list.<\/p>\n<\/div>\n<div>\n<figure class=\"wp-block-image\"><img decoding=\"async\" src=\"\/wp-content\/uploads\/2022\/05\/pappmoebel-faq-belastbarkeit-1x1-1.jpg\" alt=\"\"><\/figure>\n<\/div>\n<div>\n<h2 id=\"wie-belastbar-sind-pappmobel\">How durable is cardboard furniture?<\/h2>\n<p>The cardboard bed has passed multiple tests with more than 20 people standing on the bed - depending on how many have space. The MAKS cardboard stool withstood a static load of 1000 kg in the stacking compression test.<br \/>\nGenerell sind unsere M\u00f6bel durch sichere Konstruktion und hohe Materialqualit\u00e4t ihren Zwecken mehr als gewachsen. Allerdings ist nicht jedes Regal zum Draufsetzen gemacht, und das Betreten des Bettes ohne Matratze aber daf\u00fcr mit Absatzschuhen ist nicht empfehlenswert, da punktuelle Belastung bei Pappe nicht funktioniert. <\/p>\n<\/div>\n<div>\n<figure class=\"wp-block-image\"><img decoding=\"async\" title=\"Lackierte Pappe\" src=\"\/wp-content\/uploads\/2022\/05\/pappmoebel-faq-lackieren-1x1-1.jpg\" alt=\"Lackierte Pappe mit einem Tropfen Wasser\"><\/figure>\n<\/div>\n<div>\n<h2 id=\"wie-schutze-ich-die-oberflachen\">How do I protect the surfaces?<\/h2>\n<p>All visible surfaces of the cardboard furniture can be treated with commercially available paints to protect them from dirt and moisture.<br \/>\nCommercial water-soluble acrylic paints, but also synthetic resin paints can be used for this.<br \/>\nDrawers or boxes in white are made of a material whose cover paper web has been painted and overprinted at the factory. A water-soluble acrylic paint required for the recycling process is used for this. The same also applies to colored corrugated cardboard. Plexiglas cuts or molded parts, which appear in our list of accessories, are also suitable for table and other support surfaces. Glass plates cannot be sent by us, but can be ordered for collection in the Berlin shop.<\/p>\n<\/div>\n<div>\n<figure class=\"wp-block-image\"><img decoding=\"async\" src=\"\/wp-content\/uploads\/2022\/05\/pappmoebel-faq3-feuchtigkeitkeit-1x1-1.jpg\" alt=\"Pappe und Feuchtigkeit\"><\/figure>\n<\/div>\n<div>\n<h2 id=\"wie-verhalt-es-sich-mit-feuchtigkeit\">How does it react to moisture?<\/h2>\n<p>Corrugated board is a wood product and reacts hygroscopically. It absorbs moisture from the air (e.g. in permanently damp cellars) and releases it again (e.g. in winter in very dry heating air). Standing moisture softens the material in the contact area, but dusting with a well wrung-out cloth is not a problem, even on the natural brown materials. Therefore: strong moisture combined with stress: NO Use of the cardboard furniture in the kitchen and bathroom, but protect it from splashing water: YES<\/p>\n<\/div>\n<div>\n<figure class=\"wp-block-image\"><img decoding=\"async\" src=\"\/wp-content\/uploads\/2022\/05\/pappmoebel-faq7-feuer-1x1-1.jpg\" alt=\"Pappe und Feuer\"><\/figure>\n<\/div>\n<div>\n<h2 id=\"wie-hitze-und-feuerempfindlich-sind-pappmobel\">How heat and fire sensitive is cardboard furniture?<\/h2>\n<p>The following applies to all STANGE DESIGN corrugated cardboard items: they are about as easily or hardly flammable as untreated thin wooden panels. The material is not flame retardant and does not correspond to any fire protection class. However, it is possible to impregnate the material for exhibition purposes and get a certificate for it.<\/p>\n<\/div>\n<div>\n<figure class=\"wp-block-image\"><img decoding=\"async\" src=\"\/wp-content\/uploads\/2022\/05\/pappmoebel-faq-bemalen-1x1-1.jpg\" alt=\"\"><\/figure>\n<\/div>\n<div>\n<h2 id=\"wie-kann-ich-die-oberflache-gestalten\">How can I design the surface?<\/h2>\n<p>Acrylfarben, Bekleben mit Papier, Fotos oder Folien, etc.<br \/>\nBeim gro\u00dffl\u00e4chigen Lackieren sollte darauf geachtet werden, dass erst eine d\u00fcnne Schicht aufgetragen wird (am Besten mit einer feinen Lackier-Rolle). Diese muss dann trocknen, bevor eine weitere Schicht aufgetragen wird.\n<\/p><\/div>\n<div>\n<figure class=\"wp-block-image\"><img decoding=\"async\" src=\"\/wp-content\/uploads\/2022\/05\/pappmoebel-faq7-umweltfreundlich-1x1-1.jpg\" alt=\"\"><\/figure>\n<\/div>\n<div>\n<h2 id=\"sind-pappmobel-wirklich-so-umweltfreundlich\">Is cardboard furniture really that eco-friendly?<\/h2>\n<p>The materials we use consist of 60-80% waste paper, the rest fresh fibers ensure high stability. The products are 100% recyclable, adhesives and any painted surfaces are not excluded. Our production residues also flow back into the paper cycle.<\/p>\n<\/div>\n<div>\n<figure class=\"wp-block-image\"><img decoding=\"async\" src=\"\/wp-content\/uploads\/2023\/03\/Instagram_Icons_1080x1080_weiss14.jpg\" alt=\"\"><\/figure>\n<\/div>\n<div>\n<h2 id=\"sind-pappmobel-wirklich-so-umweltfreundlich\">Will the furniture survive my cat?<\/h2>\n<p>We get so many questions about cats: \u201cMine would tear that apart in a heartbeat!\u201d\u200b\u200b\u200b\u200b\u200b\u200b\u200b\u200b<br \/>\nOur answer: is a matter of taste.\u200b\u200b\u200b\u200b\u200b\u200b\u200b<br \/>\nWe've had cardboard furniture and cats in the house for 40 years and never been scratched. Is it because they could always get out? No idea. In any case, they didn't give a damn about cardboard. Unless you can sleep on it.\u200b\u200b\u200b\u200b\u200b\u200b\u200b<\/p>\n<\/div>","protected":false},"excerpt":{"rendered":"<p>Wie lange leben Pappm\u00f6bel? Nach Aussagen von Kunden und eigenen Erfahrungen des Teams von STANGE DESIGN k\u00f6nnen die Pappbetten und \u00fcbrigen M\u00f6bel mehr als 10 Jahre \u00fcberdauern. Wie bei allen M\u00f6beln spielt auch bei den Pappm\u00f6beln die St\u00e4rke der Beanspruchung eine Rolle f\u00fcr die Lebensdauer. Alle Pappm\u00f6bel lassen sich z.B. f\u00fcr einen Umzug mehrmals ab- [&hellip;]<\/p>\n","protected":false},"author":1,"featured_media":0,"parent":0,"menu_order":0,"comment_status":"closed","ping_status":"closed","template":"","meta":{"site-sidebar-layout":"default","site-content-layout":"","ast-site-content-layout":"default","site-content-style":"default","site-sidebar-style":"default","ast-global-header-display":"","ast-banner-title-visibility":"","ast-main-header-display":"","ast-hfb-above-header-display":"","ast-hfb-below-header-display":"","ast-hfb-mobile-header-display":"","site-post-title":"","ast-breadcrumbs-content":"","ast-featured-img":"","footer-sml-layout":"","ast-disable-related-posts":"","theme-transparent-header-meta":"","adv-header-id-meta":"","stick-header-meta":"","header-above-stick-meta":"","header-main-stick-meta":"","header-below-stick-meta":"","astra-migrate-meta-layouts":"set","ast-page-background-enabled":"default","ast-page-background-meta":{"desktop":{"background-color":"var(--ast-global-color-4)","background-image":"","background-repeat":"repeat","background-position":"center center","background-size":"auto","background-attachment":"scroll","background-type":"","background-media":"","overlay-type":"","overlay-color":"","overlay-opacity":"","overlay-gradient":""},"tablet":{"background-color":"","background-image":"","background-repeat":"repeat","background-position":"center center","background-size":"auto","background-attachment":"scroll","background-type":"","background-media":"","overlay-type":"","overlay-color":"","overlay-opacity":"","overlay-gradient":""},"mobile":{"background-color":"","background-image":"","background-repeat":"repeat","background-position":"center center","background-size":"auto","background-attachment":"scroll","background-type":"","background-media":"","overlay-type":"","overlay-color":"","overlay-opacity":"","overlay-gradient":""}},"ast-content-background-meta":{"desktop":{"background-color":"var(--ast-global-color-5)","background-image":"","background-repeat":"repeat","background-position":"center center","background-size":"auto","background-attachment":"scroll","background-type":"","background-media":"","overlay-type":"","overlay-color":"","overlay-opacity":"","overlay-gradient":""},"tablet":{"background-color":"var(--ast-global-color-5)","background-image":"","background-repeat":"repeat","background-position":"center center","background-size":"auto","background-attachment":"scroll","background-type":"","background-media":"","overlay-type":"","overlay-color":"","overlay-opacity":"","overlay-gradient":""},"mobile":{"background-color":"var(--ast-global-color-5)","background-image":"","background-repeat":"repeat","background-position":"center center","background-size":"auto","background-attachment":"scroll","background-type":"","background-media":"","overlay-type":"","overlay-color":"","overlay-opacity":"","overlay-gradient":""}},"footnotes":""},"class_list":["post-277","page","type-page","status-publish","hentry"],"_links":{"self":[{"href":"https:\/\/www.pappmoebelshop.de\/en\/wp-json\/wp\/v2\/pages\/277","targetHints":{"allow":["GET"]}}],"collection":[{"href":"https:\/\/www.pappmoebelshop.de\/en\/wp-json\/wp\/v2\/pages"}],"about":[{"href":"https:\/\/www.pappmoebelshop.de\/en\/wp-json\/wp\/v2\/types\/page"}],"author":[{"embeddable":true,"href":"https:\/\/www.pappmoebelshop.de\/en\/wp-json\/wp\/v2\/users\/1"}],"replies":[{"embeddable":true,"href":"https:\/\/www.pappmoebelshop.de\/en\/wp-json\/wp\/v2\/comments?post=277"}],"version-history":[{"count":7,"href":"https:\/\/www.pappmoebelshop.de\/en\/wp-json\/wp\/v2\/pages\/277\/revisions"}],"predecessor-version":[{"id":9388,"href":"https:\/\/www.pappmoebelshop.de\/en\/wp-json\/wp\/v2\/pages\/277\/revisions\/9388"}],"wp:attachment":[{"href":"https:\/\/www.pappmoebelshop.de\/en\/wp-json\/wp\/v2\/media?parent=277"}],"curies":[{"name":"wp","href":"https:\/\/api.w.org\/{rel}","templated":true}]}}