{"id":293,"date":"2022-02-22T13:23:17","date_gmt":"2022-02-22T12:23:17","guid":{"rendered":"https:\/\/www.test22.pappmoebelshop.com\/?page_id=293"},"modified":"2025-01-29T08:56:52","modified_gmt":"2025-01-29T07:56:52","slug":"retouren","status":"publish","type":"page","link":"https:\/\/www.pappmoebelshop.de\/en\/retouren\/","title":{"rendered":"Returns"},"content":{"rendered":"<p>Wenn Sie eine Bestellung widerrufen und einen Artikel retournieren m\u00f6chten, schreiben Sie uns bitte eine Email.\nWir erstellen Ihnen einen Retourenschein.<\/p>\n<p>Customers in Germany have the option of handing in their return shipment to a GLS parcel shop. For this we will create a return label for you, which you can attach to the package. You can find the nearest parcel shop on the GLS website:<\/p>\n<p><a rel=\"noreferrer noopener\" href=\"https:\/\/gls-group.eu\/DE\/de\/depot-paketshop-suche\" target=\"_blank\">https:\/\/gls-group.eu\/DE\/de\/depot-paketshop-suche<\/a><\/p>\n<p>Die Kosten der R\u00fccksendung der Ware bei Aus\u00fcbung des Widerrufsrechtes sind vom Kunden zu tragen (siehe AGB \u00a7 8).<br>\nSie haben die M\u00f6glichkeit, den R\u00fccktransport selbst zu organisieren, wenn es Ihnen lieber ist &#8211; z.B. \u00fcber GLS: https:\/\/www.gls-pakete.de\/privat-versenden oder andere Versanddienstleister. <br>\nBeachten Sie dabei die Paketma\u00dfe. Sie finden die Ma\u00dfe auf der Produktseite. \n<\/p>","protected":false},"excerpt":{"rendered":"<p>Wenn Sie eine Bestellung widerrufen und einen Artikel retournieren m\u00f6chten, schreiben Sie uns bitte eine Email. Wir erstellen Ihnen einen Retourenschein. Kunden in Deutschland haben die M\u00f6glichkeit, Ihre Retoursendung in einem Paketshop von GLS abzugeben. Hierf\u00fcr werden wir Ihnen ein Retourlabel erstellen, das Sie auf das Paket aufbringen. Den n\u00e4chsten Paketshop k\u00f6nnen Sie auf der [&hellip;]<\/p>\n","protected":false},"author":1,"featured_media":0,"parent":0,"menu_order":0,"comment_status":"closed","ping_status":"closed","template":"","meta":{"site-sidebar-layout":"default","site-content-layout":"","ast-site-content-layout":"default","site-content-style":"default","site-sidebar-style":"default","ast-global-header-display":"","ast-banner-title-visibility":"","ast-main-header-display":"","ast-hfb-above-header-display":"","ast-hfb-below-header-display":"","ast-hfb-mobile-header-display":"","site-post-title":"","ast-breadcrumbs-content":"","ast-featured-img":"","footer-sml-layout":"","ast-disable-related-posts":"","theme-transparent-header-meta":"","adv-header-id-meta":"","stick-header-meta":"","header-above-stick-meta":"","header-main-stick-meta":"","header-below-stick-meta":"","astra-migrate-meta-layouts":"set","ast-page-background-enabled":"default","ast-page-background-meta":{"desktop":{"background-color":"var(--ast-global-color-4)","background-image":"","background-repeat":"repeat","background-position":"center center","background-size":"auto","background-attachment":"scroll","background-type":"","background-media":"","overlay-type":"","overlay-color":"","overlay-opacity":"","overlay-gradient":""},"tablet":{"background-color":"","background-image":"","background-repeat":"repeat","background-position":"center center","background-size":"auto","background-attachment":"scroll","background-type":"","background-media":"","overlay-type":"","overlay-color":"","overlay-opacity":"","overlay-gradient":""},"mobile":{"background-color":"","background-image":"","background-repeat":"repeat","background-position":"center center","background-size":"auto","background-attachment":"scroll","background-type":"","background-media":"","overlay-type":"","overlay-color":"","overlay-opacity":"","overlay-gradient":""}},"ast-content-background-meta":{"desktop":{"background-color":"var(--ast-global-color-5)","background-image":"","background-repeat":"repeat","background-position":"center center","background-size":"auto","background-attachment":"scroll","background-type":"","background-media":"","overlay-type":"","overlay-color":"","overlay-opacity":"","overlay-gradient":""},"tablet":{"background-color":"var(--ast-global-color-5)","background-image":"","background-repeat":"repeat","background-position":"center center","background-size":"auto","background-attachment":"scroll","background-type":"","background-media":"","overlay-type":"","overlay-color":"","overlay-opacity":"","overlay-gradient":""},"mobile":{"background-color":"var(--ast-global-color-5)","background-image":"","background-repeat":"repeat","background-position":"center center","background-size":"auto","background-attachment":"scroll","background-type":"","background-media":"","overlay-type":"","overlay-color":"","overlay-opacity":"","overlay-gradient":""}},"footnotes":""},"class_list":["post-293","page","type-page","status-publish","hentry"],"_links":{"self":[{"href":"https:\/\/www.pappmoebelshop.de\/en\/wp-json\/wp\/v2\/pages\/293","targetHints":{"allow":["GET"]}}],"collection":[{"href":"https:\/\/www.pappmoebelshop.de\/en\/wp-json\/wp\/v2\/pages"}],"about":[{"href":"https:\/\/www.pappmoebelshop.de\/en\/wp-json\/wp\/v2\/types\/page"}],"author":[{"embeddable":true,"href":"https:\/\/www.pappmoebelshop.de\/en\/wp-json\/wp\/v2\/users\/1"}],"replies":[{"embeddable":true,"href":"https:\/\/www.pappmoebelshop.de\/en\/wp-json\/wp\/v2\/comments?post=293"}],"version-history":[{"count":7,"href":"https:\/\/www.pappmoebelshop.de\/en\/wp-json\/wp\/v2\/pages\/293\/revisions"}],"predecessor-version":[{"id":10140,"href":"https:\/\/www.pappmoebelshop.de\/en\/wp-json\/wp\/v2\/pages\/293\/revisions\/10140"}],"wp:attachment":[{"href":"https:\/\/www.pappmoebelshop.de\/en\/wp-json\/wp\/v2\/media?parent=293"}],"curies":[{"name":"wp","href":"https:\/\/api.w.org\/{rel}","templated":true}]}}