{"id":7299,"date":"2023-07-26T12:48:07","date_gmt":"2023-07-26T10:48:07","guid":{"rendered":"https:\/\/www.pappmoebelshop.de\/?page_id=7299"},"modified":"2023-07-26T16:48:11","modified_gmt":"2023-07-26T14:48:11","slug":"formular-fuer-anfragen","status":"publish","type":"page","link":"https:\/\/www.pappmoebelshop.de\/en\/formular-fuer-anfragen\/","title":{"rendered":"Formular f\u00fcr Anfragen"},"content":{"rendered":"<div style=\"display: flex; margin: 0 auto; width: 700px;\">\n<p>\nF\u00fcr den Druck bieten wir folgende Produkte an:<br>\nHocker MAKS, Hocker SITZW\u00dcRFEL, Stellwand DINO, Stellwand MURO, Stellwand PIN POINT, Stellwand PIN POINT XL.<br>\n\nF\u00fcr die Erstellung der Druckdaten w\u00fcrden Sie bei Auftragsvergabe eine Druckvorlage als ai-Datei von uns erhalten, in die das gew\u00fcnschte Layout eingesetzt werden mu\u00df. <br>\nDiese Datei wird dann an unseren Druckpartner weitergeleitet zusammen mit dem entsprechenden naturbraunen oder wei\u00dfen Material.\n<\/p>\n<\/div>\n\n\n\n<div style=\"display: flex; margin: 0 auto; width: 700px;\">\n<iframe loading=\"lazy\" src=\"https:\/\/docs.google.com\/forms\/d\/e\/1FAIpQLSdg330yAyZ-lV7hToZd9qwY8WqLmpRebwvKEa50Y-erqBGyVA\/viewform?embedded=true\" width=\"700\" height=\"1055\" frameborder=\"0\" marginheight=\"0\" marginwidth=\"0\" margin=\"0 auto\" >Wird geladen\u2026<\/iframe>\n<\/div>","protected":false},"excerpt":{"rendered":"<p>F\u00fcr den Druck bieten wir folgende Produkte an: Hocker MAKS, Hocker SITZW\u00dcRFEL, Stellwand DINO, Stellwand MURO, Stellwand PIN POINT, Stellwand PIN POINT XL. F\u00fcr die Erstellung der Druckdaten w\u00fcrden Sie bei Auftragsvergabe eine Druckvorlage als ai-Datei von uns erhalten, in die das gew\u00fcnschte Layout eingesetzt werden mu\u00df. Diese Datei wird dann an unseren Druckpartner weitergeleitet [&hellip;]<\/p>\n","protected":false},"author":1,"featured_media":0,"parent":0,"menu_order":0,"comment_status":"closed","ping_status":"closed","template":"","meta":{"site-sidebar-layout":"default","site-content-layout":"","ast-site-content-layout":"default","site-content-style":"default","site-sidebar-style":"default","ast-global-header-display":"","ast-banner-title-visibility":"","ast-main-header-display":"","ast-hfb-above-header-display":"","ast-hfb-below-header-display":"","ast-hfb-mobile-header-display":"","site-post-title":"","ast-breadcrumbs-content":"","ast-featured-img":"","footer-sml-layout":"","ast-disable-related-posts":"","theme-transparent-header-meta":"","adv-header-id-meta":"","stick-header-meta":"","header-above-stick-meta":"","header-main-stick-meta":"","header-below-stick-meta":"","astra-migrate-meta-layouts":"default","ast-page-background-enabled":"default","ast-page-background-meta":{"desktop":{"background-color":"var(--ast-global-color-4)","background-image":"","background-repeat":"repeat","background-position":"center center","background-size":"auto","background-attachment":"scroll","background-type":"","background-media":"","overlay-type":"","overlay-color":"","overlay-opacity":"","overlay-gradient":""},"tablet":{"background-color":"","background-image":"","background-repeat":"repeat","background-position":"center center","background-size":"auto","background-attachment":"scroll","background-type":"","background-media":"","overlay-type":"","overlay-color":"","overlay-opacity":"","overlay-gradient":""},"mobile":{"background-color":"","background-image":"","background-repeat":"repeat","background-position":"center center","background-size":"auto","background-attachment":"scroll","background-type":"","background-media":"","overlay-type":"","overlay-color":"","overlay-opacity":"","overlay-gradient":""}},"ast-content-background-meta":{"desktop":{"background-color":"var(--ast-global-color-5)","background-image":"","background-repeat":"repeat","background-position":"center center","background-size":"auto","background-attachment":"scroll","background-type":"","background-media":"","overlay-type":"","overlay-color":"","overlay-opacity":"","overlay-gradient":""},"tablet":{"background-color":"var(--ast-global-color-5)","background-image":"","background-repeat":"repeat","background-position":"center center","background-size":"auto","background-attachment":"scroll","background-type":"","background-media":"","overlay-type":"","overlay-color":"","overlay-opacity":"","overlay-gradient":""},"mobile":{"background-color":"var(--ast-global-color-5)","background-image":"","background-repeat":"repeat","background-position":"center center","background-size":"auto","background-attachment":"scroll","background-type":"","background-media":"","overlay-type":"","overlay-color":"","overlay-opacity":"","overlay-gradient":""}},"footnotes":""},"class_list":["post-7299","page","type-page","status-publish","hentry"],"_links":{"self":[{"href":"https:\/\/www.pappmoebelshop.de\/en\/wp-json\/wp\/v2\/pages\/7299","targetHints":{"allow":["GET"]}}],"collection":[{"href":"https:\/\/www.pappmoebelshop.de\/en\/wp-json\/wp\/v2\/pages"}],"about":[{"href":"https:\/\/www.pappmoebelshop.de\/en\/wp-json\/wp\/v2\/types\/page"}],"author":[{"embeddable":true,"href":"https:\/\/www.pappmoebelshop.de\/en\/wp-json\/wp\/v2\/users\/1"}],"replies":[{"embeddable":true,"href":"https:\/\/www.pappmoebelshop.de\/en\/wp-json\/wp\/v2\/comments?post=7299"}],"version-history":[{"count":17,"href":"https:\/\/www.pappmoebelshop.de\/en\/wp-json\/wp\/v2\/pages\/7299\/revisions"}],"predecessor-version":[{"id":7343,"href":"https:\/\/www.pappmoebelshop.de\/en\/wp-json\/wp\/v2\/pages\/7299\/revisions\/7343"}],"wp:attachment":[{"href":"https:\/\/www.pappmoebelshop.de\/en\/wp-json\/wp\/v2\/media?parent=7299"}],"curies":[{"name":"wp","href":"https:\/\/api.w.org\/{rel}","templated":true}]}}