{"id":1017,"date":"2022-04-06T16:33:50","date_gmt":"2022-04-06T14:33:50","guid":{"rendered":"https:\/\/www.test22.pappmoebelshop.com\/?post_type=product&#038;p=1017"},"modified":"2025-11-28T19:05:19","modified_gmt":"2025-11-28T18:05:19","slug":"schaf-wolly-schwarz-6-stueck","status":"publish","type":"product","link":"https:\/\/www.pappmoebelshop.de\/en\/schaf-wolly-schwarz-6-stueck\/","title":{"rendered":"Sheep WOLLY black, Pack of 6"},"content":{"rendered":"<div class=\"product-grid-item\">\n<p>\nWolly: Die Miniaturausgabe vom Schaf. Es passt in jede noch so kleine &ouml;kologische Nische. Au&szlig;er als Dekoration dank Mini-Regalb&ouml;den auch als Visitenkarten-Halterund als originelles kleines Geschenk geeignet. Es muss nicht immer Kuschel sein!\n<\/p>\n<h4>Gr\u00f6\u00dfe<\/h4>\n<p>L 18,5 cm x B 13 cm x H 14,5 cm<\/p>\n<h4>Package Dimensions<\/h4>\n<p>1 Bastelbogen ca. DIN A4:<br \/>\n29,3 x 21 x 0,8 cm<\/p>\n<p>6er Paket:<br \/>\n30 x 22 x 5 cm<br \/>\n1,5 kg<\/p>\n<\/div>","protected":false},"excerpt":{"rendered":"<p>Wolly: Die Miniaturausgabe vom Schaf. Es passt in jede noch so kleine &ouml;kologische Nische. Au&szlig;er als Dekoration dank Mini-Regalb&ouml;den auch als Visitenkarten-Halterund als originelles kleines Geschenk geeignet. Es muss nicht immer Kuschel sein! Gr\u00f6\u00dfe L 18,5 cm x B 13 cm x H 14,5 cm Paketma\u00dfe 1 Bastelbogen ca. DIN A4: 29,3 x 21 x [&hellip;]<\/p>\n","protected":false},"featured_media":1018,"template":"","meta":{"site-sidebar-layout":"default","site-content-layout":"default","ast-site-content-layout":"default","site-content-style":"default","site-sidebar-style":"default","ast-global-header-display":"","ast-banner-title-visibility":"","ast-main-header-display":"","ast-hfb-above-header-display":"","ast-hfb-below-header-display":"","ast-hfb-mobile-header-display":"","site-post-title":"","ast-breadcrumbs-content":"","ast-featured-img":"","footer-sml-layout":"","ast-disable-related-posts":"","theme-transparent-header-meta":"default","adv-header-id-meta":"","stick-header-meta":"","header-above-stick-meta":"","header-main-stick-meta":"","header-below-stick-meta":"","astra-migrate-meta-layouts":"set","ast-page-background-enabled":"default","ast-page-background-meta":{"desktop":{"background-color":"var(--ast-global-color-4)","background-image":"","background-repeat":"repeat","background-position":"center center","background-size":"auto","background-attachment":"scroll","background-type":"","background-media":"","overlay-type":"","overlay-color":"","overlay-opacity":"","overlay-gradient":""},"tablet":{"background-color":"","background-image":"","background-repeat":"repeat","background-position":"center center","background-size":"auto","background-attachment":"scroll","background-type":"","background-media":"","overlay-type":"","overlay-color":"","overlay-opacity":"","overlay-gradient":""},"mobile":{"background-color":"","background-image":"","background-repeat":"repeat","background-position":"center center","background-size":"auto","background-attachment":"scroll","background-type":"","background-media":"","overlay-type":"","overlay-color":"","overlay-opacity":"","overlay-gradient":""}},"ast-content-background-meta":{"desktop":{"background-color":"var(--ast-global-color-5)","background-image":"","background-repeat":"repeat","background-position":"center center","background-size":"auto","background-attachment":"scroll","background-type":"","background-media":"","overlay-type":"","overlay-color":"","overlay-opacity":"","overlay-gradient":""},"tablet":{"background-color":"var(--ast-global-color-5)","background-image":"","background-repeat":"repeat","background-position":"center center","background-size":"auto","background-attachment":"scroll","background-type":"","background-media":"","overlay-type":"","overlay-color":"","overlay-opacity":"","overlay-gradient":""},"mobile":{"background-color":"var(--ast-global-color-5)","background-image":"","background-repeat":"repeat","background-position":"center center","background-size":"auto","background-attachment":"scroll","background-type":"","background-media":"","overlay-type":"","overlay-color":"","overlay-opacity":"","overlay-gradient":""}}},"product_brand":[],"product_cat":[22,20,166,58,165,18],"product_tag":[57,46,56],"class_list":{"0":"post-1017","1":"product","2":"type-product","3":"status-publish","4":"has-post-thumbnail","6":"product_cat-angebote","7":"product_cat-dekorieren","8":"product_cat-mini-schaf-wolly","9":"product_cat-schafe","10":"product_cat-schwarze-schafe-wolly","11":"product_cat-wohnen","12":"product_tag-buecherregal","13":"product_tag-regal","14":"product_tag-schaf","15":"product_shipping_class-1-paket","16":"desktop-align-left","17":"tablet-align-left","18":"mobile-align-left","20":"first","21":"outofstock","22":"sale","23":"taxable","24":"shipping-taxable","25":"purchasable","26":"product-type-simple"},"_links":{"self":[{"href":"https:\/\/www.pappmoebelshop.de\/en\/wp-json\/wp\/v2\/product\/1017","targetHints":{"allow":["GET"]}}],"collection":[{"href":"https:\/\/www.pappmoebelshop.de\/en\/wp-json\/wp\/v2\/product"}],"about":[{"href":"https:\/\/www.pappmoebelshop.de\/en\/wp-json\/wp\/v2\/types\/product"}],"wp:featuredmedia":[{"embeddable":true,"href":"https:\/\/www.pappmoebelshop.de\/en\/wp-json\/wp\/v2\/media\/1018"}],"wp:attachment":[{"href":"https:\/\/www.pappmoebelshop.de\/en\/wp-json\/wp\/v2\/media?parent=1017"}],"wp:term":[{"taxonomy":"product_brand","embeddable":true,"href":"https:\/\/www.pappmoebelshop.de\/en\/wp-json\/wp\/v2\/product_brand?post=1017"},{"taxonomy":"product_cat","embeddable":true,"href":"https:\/\/www.pappmoebelshop.de\/en\/wp-json\/wp\/v2\/product_cat?post=1017"},{"taxonomy":"product_tag","embeddable":true,"href":"https:\/\/www.pappmoebelshop.de\/en\/wp-json\/wp\/v2\/product_tag?post=1017"}],"curies":[{"name":"wp","href":"https:\/\/api.w.org\/{rel}","templated":true}]}}