{"id":1034,"date":"2022-04-07T11:57:30","date_gmt":"2022-04-07T09:57:30","guid":{"rendered":"https:\/\/www.test22.pappmoebelshop.com\/?post_type=product&#038;p=1034"},"modified":"2025-11-28T19:05:05","modified_gmt":"2025-11-28T18:05:05","slug":"schrank-kleiderbox-xl-weiss","status":"publish","type":"product","link":"https:\/\/www.pappmoebelshop.de\/en\/schrank-kleiderbox-xl-weiss\/","title":{"rendered":"Wardrobe KLEIDERBOX XL white"},"content":{"rendered":"<div class=\"product-grid-item\">\n<p>Die Kleiderbox &#8211; ausreichend Platz und Stabilit\u00e4t f\u00fcr Jacken und schwere M\u00e4ntel; zus\u00e4tzliche Ablagefl\u00e4chen bieten eine Schublade und die dar\u00fcber liegende Konsole, die f\u00fcr l\u00e4ngere Garderobe auch entfernt werden kann.<br \/>\nDie Kleiderstange, ein Rundholzstab, kann seitlich verschoben werden oder durch eine l\u00e4ngere ersetzt, mit der zwei oder mehrere Boxen verbunden werden k\u00f6nnen.<\/p>\n<h4>Dimensions: <\/h4>\n<p>B 63 x T 56 x H 180 cm<br \/>\ninkl. Holzstange und ge\u00f6ffneter Front: B 85 x H 224 cm<\/p>\n<p>H\u00f6he zwischen Kleiderstange bis zur Konsole (Einlegeboden) \u00fcber der oberen Schublade: 89 cm  <\/p>\n<p>Wenn man die oberste Konsole nicht einsetzt, hat man zus\u00e4tzliche 26 cm &#8211; also insgesamt 115 cm H\u00f6he innen<\/p>\n<h4>Verpackung: <\/h4>\n<p>Paket 1 (Mantel) 7,5 x 58 x 180 cm | 10 kg<br \/>\nPaket 2 (Zubeh\u00f6r) 13,5 x 64 x 91 cm | 6 kg<\/p>\n<p>Abholpreis im Laden: 164,80 \u20ac\n<\/p><\/div>\n<div class=\"product-grid-item\">\n<div class=\"ast-oembed-container\" style=\"height: 100%;\"><iframe loading=\"lazy\" title=\"Schrank KLEIDERBOX aus Pappe - der Aufbau\" width=\"500\" height=\"281\" src=\"https:\/\/www.youtube.com\/embed\/6189haTBsZI?feature=oembed\" frameborder=\"0\" allow=\"accelerometer; autoplay; clipboard-write; encrypted-media; gyroscope; picture-in-picture; web-share\" referrerpolicy=\"strict-origin-when-cross-origin\" allowfullscreen><\/iframe><\/div>\n<\/div>","protected":false},"excerpt":{"rendered":"<p>Abholpreis im Laden: 164,80\u20ac<\/p>\n<p>Lieferzeit : 7 Werktage<br \/>\nShipping by courier<\/p>","protected":false},"featured_media":1035,"template":"","meta":{"site-sidebar-layout":"default","site-content-layout":"default","ast-site-content-layout":"default","site-content-style":"default","site-sidebar-style":"default","ast-global-header-display":"","ast-banner-title-visibility":"","ast-main-header-display":"","ast-hfb-above-header-display":"","ast-hfb-below-header-display":"","ast-hfb-mobile-header-display":"","site-post-title":"","ast-breadcrumbs-content":"","ast-featured-img":"","footer-sml-layout":"","ast-disable-related-posts":"","theme-transparent-header-meta":"default","adv-header-id-meta":"","stick-header-meta":"","header-above-stick-meta":"","header-main-stick-meta":"","header-below-stick-meta":"","astra-migrate-meta-layouts":"set","ast-page-background-enabled":"default","ast-page-background-meta":{"desktop":{"background-color":"var(--ast-global-color-4)","background-image":"","background-repeat":"repeat","background-position":"center center","background-size":"auto","background-attachment":"scroll","background-type":"","background-media":"","overlay-type":"","overlay-color":"","overlay-opacity":"","overlay-gradient":""},"tablet":{"background-color":"","background-image":"","background-repeat":"repeat","background-position":"center center","background-size":"auto","background-attachment":"scroll","background-type":"","background-media":"","overlay-type":"","overlay-color":"","overlay-opacity":"","overlay-gradient":""},"mobile":{"background-color":"","background-image":"","background-repeat":"repeat","background-position":"center center","background-size":"auto","background-attachment":"scroll","background-type":"","background-media":"","overlay-type":"","overlay-color":"","overlay-opacity":"","overlay-gradient":""}},"ast-content-background-meta":{"desktop":{"background-color":"var(--ast-global-color-5)","background-image":"","background-repeat":"repeat","background-position":"center center","background-size":"auto","background-attachment":"scroll","background-type":"","background-media":"","overlay-type":"","overlay-color":"","overlay-opacity":"","overlay-gradient":""},"tablet":{"background-color":"var(--ast-global-color-5)","background-image":"","background-repeat":"repeat","background-position":"center center","background-size":"auto","background-attachment":"scroll","background-type":"","background-media":"","overlay-type":"","overlay-color":"","overlay-opacity":"","overlay-gradient":""},"mobile":{"background-color":"var(--ast-global-color-5)","background-image":"","background-repeat":"repeat","background-position":"center center","background-size":"auto","background-attachment":"scroll","background-type":"","background-media":"","overlay-type":"","overlay-color":"","overlay-opacity":"","overlay-gradient":""}}},"product_brand":[],"product_cat":[129,53,18],"product_tag":[48,46,175],"class_list":{"0":"post-1034","1":"product","2":"type-product","3":"status-publish","4":"has-post-thumbnail","6":"product_cat-schraenke-garderoben","7":"product_cat-verstauen","8":"product_cat-wohnen","9":"product_tag-kleidung","10":"product_tag-regal","11":"product_tag-schrank","12":"product_shipping_class-spedition-1","13":"desktop-align-left","14":"tablet-align-left","15":"mobile-align-left","17":"first","18":"outofstock","19":"taxable","20":"shipping-taxable","21":"purchasable","22":"product-type-simple"},"_links":{"self":[{"href":"https:\/\/www.pappmoebelshop.de\/en\/wp-json\/wp\/v2\/product\/1034","targetHints":{"allow":["GET"]}}],"collection":[{"href":"https:\/\/www.pappmoebelshop.de\/en\/wp-json\/wp\/v2\/product"}],"about":[{"href":"https:\/\/www.pappmoebelshop.de\/en\/wp-json\/wp\/v2\/types\/product"}],"wp:featuredmedia":[{"embeddable":true,"href":"https:\/\/www.pappmoebelshop.de\/en\/wp-json\/wp\/v2\/media\/1035"}],"wp:attachment":[{"href":"https:\/\/www.pappmoebelshop.de\/en\/wp-json\/wp\/v2\/media?parent=1034"}],"wp:term":[{"taxonomy":"product_brand","embeddable":true,"href":"https:\/\/www.pappmoebelshop.de\/en\/wp-json\/wp\/v2\/product_brand?post=1034"},{"taxonomy":"product_cat","embeddable":true,"href":"https:\/\/www.pappmoebelshop.de\/en\/wp-json\/wp\/v2\/product_cat?post=1034"},{"taxonomy":"product_tag","embeddable":true,"href":"https:\/\/www.pappmoebelshop.de\/en\/wp-json\/wp\/v2\/product_tag?post=1034"}],"curies":[{"name":"wp","href":"https:\/\/api.w.org\/{rel}","templated":true}]}}