{"id":10401,"date":"2025-04-10T13:37:02","date_gmt":"2025-04-10T11:37:02","guid":{"rendered":"https:\/\/www.pappmoebelshop.de\/?post_type=product&#038;p=10401"},"modified":"2025-10-28T10:34:45","modified_gmt":"2025-10-28T09:34:45","slug":"stehpult-mentor-basis-weiss","status":"publish","type":"product","link":"https:\/\/www.pappmoebelshop.de\/en\/stehpult-mentor-basis-weiss\/","title":{"rendered":"Stehpult MENTOR Basis wei\u00df"},"content":{"rendered":"<div class=\"product-grid-item\">\n<p>\nDas Stehpult MENTOR Basis eignet sich hervorragend als Rednerpult bei Tagungen oder auch als Empfangspult bei Veranstaltungen. <br \/>\nDas Pult verf\u00fcgt \u00fcber 5 Konsolen, die eine Ablagem\u00f6glichkeit bieten. Diese B\u00f6den k\u00f6nnen nach Bedarf auch in unterschiedlichen H\u00f6hen eingesetzt werden.  <br \/> <br \/>\nDas Rednerpult ist aus besonders fester Wellpappe gemacht und ist stabil konstruiert. Es ist schnell aufgebaut: die 5 Regalb\u00f6den werden einfach in die Schlitze des Mantelteils eingeschoben. Die Auflage wird mit wenigen Handgriffen oben in den Mantel eingesetzt. Das Pult ist ebenso schnell wieder abgebaut und kann flach verstaut und leicht transportiert werden. <br \/>\nDas Stehpult MENTOR ist mit einer kippbaren Ablage ausgestattet. Mit einem Handgriff l&auml;sst sich die Auflage schr&auml;g stellen. Papiere und B\u00fccher liegen sicher auf der unteren Kante auf. <br \/>\nDas Stehpult aus Pappe basiert auf den Grundma&szlig;en unseres A3-Regalsystems und kann deshalb mit den gleichen Sch&uuml;ben und Kisten best&uuml;ckt werden. Das Pult kann auch als Regal benutzt werden. \n<\/p>\n<ul>\n<li>Inklusive: 1 Mantel natur, 5 Konsolen natur, 1 Auflage wei\u00df<\/li>\n<li>Als Sch&uuml;be k&ouml;nnen alle A3-Eins&auml;tze benutzt werden<\/li>\n<\/ul>\n<h4>Gr\u00f6\u00dfe<\/h4>\n<p>H\u00f6he 113-125 cm x Breite 50 cm x Tiefe 36 cm<\/p>\n<h4>Package Dimensions<\/h4>\n<p>114 x 50 x 13 cm<br \/>\n8 kg<\/p>\n<\/div>\n<div class=\"product-grid-item\">\n<div class=\"ast-oembed-container\" style=\"height: 100%;\"><iframe loading=\"lazy\" title=\"Stehpult MENTOR aus Pappe\" width=\"500\" height=\"281\" src=\"https:\/\/www.youtube.com\/embed\/ddQrLsi8ykk?feature=oembed\" frameborder=\"0\" allow=\"accelerometer; autoplay; clipboard-write; encrypted-media; gyroscope; picture-in-picture; web-share\" referrerpolicy=\"strict-origin-when-cross-origin\" allowfullscreen><\/iframe><\/div>\n<\/div>","protected":false},"excerpt":{"rendered":"<p>Abholpreis:  \u20ac 64,80<\/p>","protected":false},"featured_media":10404,"template":"","meta":{"site-sidebar-layout":"default","site-content-layout":"default","ast-site-content-layout":"default","site-content-style":"default","site-sidebar-style":"default","ast-global-header-display":"","ast-banner-title-visibility":"","ast-main-header-display":"","ast-hfb-above-header-display":"","ast-hfb-below-header-display":"","ast-hfb-mobile-header-display":"","site-post-title":"","ast-breadcrumbs-content":"","ast-featured-img":"","footer-sml-layout":"","ast-disable-related-posts":"","theme-transparent-header-meta":"default","adv-header-id-meta":"","stick-header-meta":"","header-above-stick-meta":"","header-main-stick-meta":"","header-below-stick-meta":"","astra-migrate-meta-layouts":"set","ast-page-background-enabled":"default","ast-page-background-meta":{"desktop":{"background-color":"var(--ast-global-color-4)","background-image":"","background-repeat":"repeat","background-position":"center center","background-size":"auto","background-attachment":"scroll","background-type":"","background-media":"","overlay-type":"","overlay-color":"","overlay-opacity":"","overlay-gradient":""},"tablet":{"background-color":"","background-image":"","background-repeat":"repeat","background-position":"center center","background-size":"auto","background-attachment":"scroll","background-type":"","background-media":"","overlay-type":"","overlay-color":"","overlay-opacity":"","overlay-gradient":""},"mobile":{"background-color":"","background-image":"","background-repeat":"repeat","background-position":"center center","background-size":"auto","background-attachment":"scroll","background-type":"","background-media":"","overlay-type":"","overlay-color":"","overlay-opacity":"","overlay-gradient":""}},"ast-content-background-meta":{"desktop":{"background-color":"var(--ast-global-color-5)","background-image":"","background-repeat":"repeat","background-position":"center center","background-size":"auto","background-attachment":"scroll","background-type":"","background-media":"","overlay-type":"","overlay-color":"","overlay-opacity":"","overlay-gradient":""},"tablet":{"background-color":"var(--ast-global-color-5)","background-image":"","background-repeat":"repeat","background-position":"center center","background-size":"auto","background-attachment":"scroll","background-type":"","background-media":"","overlay-type":"","overlay-color":"","overlay-opacity":"","overlay-gradient":""},"mobile":{"background-color":"var(--ast-global-color-5)","background-image":"","background-repeat":"repeat","background-position":"center center","background-size":"auto","background-attachment":"scroll","background-type":"","background-media":"","overlay-type":"","overlay-color":"","overlay-opacity":"","overlay-gradient":""}}},"product_brand":[],"product_cat":[19,67,70,157],"product_tag":[84],"class_list":{"0":"post-10401","1":"product","2":"type-product","3":"status-publish","4":"has-post-thumbnail","6":"product_cat-arbeiten","7":"product_cat-pulte-theken","8":"product_cat-schulung","9":"product_cat-stehpulte","10":"product_tag-messe","11":"product_shipping_class-1-paket","12":"desktop-align-left","13":"tablet-align-left","14":"mobile-align-left","16":"first","17":"outofstock","18":"taxable","19":"shipping-taxable","20":"purchasable","21":"product-type-simple"},"_links":{"self":[{"href":"https:\/\/www.pappmoebelshop.de\/en\/wp-json\/wp\/v2\/product\/10401","targetHints":{"allow":["GET"]}}],"collection":[{"href":"https:\/\/www.pappmoebelshop.de\/en\/wp-json\/wp\/v2\/product"}],"about":[{"href":"https:\/\/www.pappmoebelshop.de\/en\/wp-json\/wp\/v2\/types\/product"}],"wp:featuredmedia":[{"embeddable":true,"href":"https:\/\/www.pappmoebelshop.de\/en\/wp-json\/wp\/v2\/media\/10404"}],"wp:attachment":[{"href":"https:\/\/www.pappmoebelshop.de\/en\/wp-json\/wp\/v2\/media?parent=10401"}],"wp:term":[{"taxonomy":"product_brand","embeddable":true,"href":"https:\/\/www.pappmoebelshop.de\/en\/wp-json\/wp\/v2\/product_brand?post=10401"},{"taxonomy":"product_cat","embeddable":true,"href":"https:\/\/www.pappmoebelshop.de\/en\/wp-json\/wp\/v2\/product_cat?post=10401"},{"taxonomy":"product_tag","embeddable":true,"href":"https:\/\/www.pappmoebelshop.de\/en\/wp-json\/wp\/v2\/product_tag?post=10401"}],"curies":[{"name":"wp","href":"https:\/\/api.w.org\/{rel}","templated":true}]}}