{"id":10448,"date":"2025-04-17T13:02:30","date_gmt":"2025-04-17T11:02:30","guid":{"rendered":"https:\/\/www.pappmoebelshop.de\/?post_type=product&#038;p=10448"},"modified":"2025-11-29T21:28:26","modified_gmt":"2025-11-29T20:28:26","slug":"hocker-sitzwuerfel-natur-2-stueck","status":"publish","type":"product","link":"https:\/\/www.pappmoebelshop.de\/en\/hocker-sitzwuerfel-natur-2-stueck\/","title":{"rendered":"Hocker SITZW\u00dcRFEL natur 2 St\u00fcck"},"content":{"rendered":"<div>\n<p>\nDie geschlossene kubische Form wird durch ein Steckkreuz im Innern des Hockers verst\u00e4rkt. Er eignet sich f\u00fcr Konzepte, bei denen die Sitzw\u00fcrfel wie Bausteine verwendet oder eine klare geometrische Wirkung erzielt werden soll. Einfach und schnell aufzubauen.<br \/>\n<br \/>\nDer Hocker ist auf Wunsch in allen Farben, mit Logos und anderen Motiven bedruckbar. Auch unterschiedlich digital bedruckte Folien k\u00f6nnen aufkaschiert werden. Druck ab 100 St\u00fcck F\u00fcr Abnahmemengen ab 100 St\u00fcck, Preise bitte anfragen.\n<\/p>\n<ul>Dimensions: <\/p>\n<li>H 48cm x B 35cm x T 35cm<\/li>\n<li>Verpackung: 75 x 71 x 5 cm<\/li>\n<\/ul>\n<p>Lieferzeit 2-4 Werktage<\/p>\n<p>Abholpreis im Werksverkauf:<br \/>\npro St\u00fcck 12,80 \u20ac   <\/p>\n<\/div>\n<div>\n<div class=\"ast-oembed-container\" style=\"height: 100%;\"><iframe loading=\"lazy\" title=\"Hocker SITZW\u00dcRFEL aus Pappe\" width=\"500\" height=\"281\" src=\"https:\/\/www.youtube.com\/embed\/RB2Rx2mS_CM?feature=oembed\" frameborder=\"0\" allow=\"accelerometer; autoplay; clipboard-write; encrypted-media; gyroscope; picture-in-picture; web-share\" referrerpolicy=\"strict-origin-when-cross-origin\" allowfullscreen><\/iframe><\/div>\n<\/div>","protected":false},"excerpt":{"rendered":"<p>W\u00fcrfelf\u00f6rmiger Hocker aus extrem stabiler Wellpappe.<br \/>\nEin Ph\u00e4nomen an Stabilit\u00e4t und Belastbarkeit.<\/p>\n<p>Lieferzeit 2-4 Werktage<\/p>\n<p>Abholpreis im Werksverkauf:<br \/>\npro St\u00fcck 12,80 \u20ac   <\/p>","protected":false},"featured_media":2198,"template":"","meta":{"site-sidebar-layout":"default","site-content-layout":"default","ast-site-content-layout":"default","site-content-style":"default","site-sidebar-style":"default","ast-global-header-display":"","ast-banner-title-visibility":"","ast-main-header-display":"","ast-hfb-above-header-display":"","ast-hfb-below-header-display":"","ast-hfb-mobile-header-display":"","site-post-title":"","ast-breadcrumbs-content":"","ast-featured-img":"","footer-sml-layout":"","ast-disable-related-posts":"","theme-transparent-header-meta":"default","adv-header-id-meta":"","stick-header-meta":"","header-above-stick-meta":"","header-main-stick-meta":"","header-below-stick-meta":"","astra-migrate-meta-layouts":"set","ast-page-background-enabled":"default","ast-page-background-meta":{"desktop":{"background-color":"var(--ast-global-color-4)","background-image":"","background-repeat":"repeat","background-position":"center center","background-size":"auto","background-attachment":"scroll","background-type":"","background-media":"","overlay-type":"","overlay-color":"","overlay-opacity":"","overlay-gradient":""},"tablet":{"background-color":"","background-image":"","background-repeat":"repeat","background-position":"center center","background-size":"auto","background-attachment":"scroll","background-type":"","background-media":"","overlay-type":"","overlay-color":"","overlay-opacity":"","overlay-gradient":""},"mobile":{"background-color":"","background-image":"","background-repeat":"repeat","background-position":"center center","background-size":"auto","background-attachment":"scroll","background-type":"","background-media":"","overlay-type":"","overlay-color":"","overlay-opacity":"","overlay-gradient":""}},"ast-content-background-meta":{"desktop":{"background-color":"var(--ast-global-color-5)","background-image":"","background-repeat":"repeat","background-position":"center center","background-size":"auto","background-attachment":"scroll","background-type":"","background-media":"","overlay-type":"","overlay-color":"","overlay-opacity":"","overlay-gradient":""},"tablet":{"background-color":"var(--ast-global-color-5)","background-image":"","background-repeat":"repeat","background-position":"center center","background-size":"auto","background-attachment":"scroll","background-type":"","background-media":"","overlay-type":"","overlay-color":"","overlay-opacity":"","overlay-gradient":""},"mobile":{"background-color":"var(--ast-global-color-5)","background-image":"","background-repeat":"repeat","background-position":"center center","background-size":"auto","background-attachment":"scroll","background-type":"","background-media":"","overlay-type":"","overlay-color":"","overlay-opacity":"","overlay-gradient":""}}},"product_brand":[],"product_cat":[156,177,19,69,66,18,130],"product_tag":[],"class_list":{"0":"post-10448","1":"product","2":"type-product","3":"status-publish","4":"has-post-thumbnail","6":"product_cat-hocker","7":"product_cat-hocker-sitzwuerfel","8":"product_cat-arbeiten","9":"product_cat-messe","10":"product_cat-tische-stuehle","11":"product_cat-wohnen","12":"product_cat-stuehle-hocker","13":"product_shipping_class-1-paket","14":"desktop-align-left","15":"tablet-align-left","16":"mobile-align-left","18":"first","19":"outofstock","20":"taxable","21":"shipping-taxable","22":"purchasable","23":"product-type-simple"},"_links":{"self":[{"href":"https:\/\/www.pappmoebelshop.de\/en\/wp-json\/wp\/v2\/product\/10448","targetHints":{"allow":["GET"]}}],"collection":[{"href":"https:\/\/www.pappmoebelshop.de\/en\/wp-json\/wp\/v2\/product"}],"about":[{"href":"https:\/\/www.pappmoebelshop.de\/en\/wp-json\/wp\/v2\/types\/product"}],"wp:featuredmedia":[{"embeddable":true,"href":"https:\/\/www.pappmoebelshop.de\/en\/wp-json\/wp\/v2\/media\/2198"}],"wp:attachment":[{"href":"https:\/\/www.pappmoebelshop.de\/en\/wp-json\/wp\/v2\/media?parent=10448"}],"wp:term":[{"taxonomy":"product_brand","embeddable":true,"href":"https:\/\/www.pappmoebelshop.de\/en\/wp-json\/wp\/v2\/product_brand?post=10448"},{"taxonomy":"product_cat","embeddable":true,"href":"https:\/\/www.pappmoebelshop.de\/en\/wp-json\/wp\/v2\/product_cat?post=10448"},{"taxonomy":"product_tag","embeddable":true,"href":"https:\/\/www.pappmoebelshop.de\/en\/wp-json\/wp\/v2\/product_tag?post=10448"}],"curies":[{"name":"wp","href":"https:\/\/api.w.org\/{rel}","templated":true}]}}