{"id":10556,"date":"2025-05-13T10:09:46","date_gmt":"2025-05-13T08:09:46","guid":{"rendered":"https:\/\/www.pappmoebelshop.de\/?post_type=product&#038;p=10556"},"modified":"2025-10-28T09:30:27","modified_gmt":"2025-10-28T08:30:27","slug":"regal-a3-mix-weiss-ohne-deckel","status":"publish","type":"product","link":"https:\/\/www.pappmoebelshop.de\/en\/regal-a3-mix-weiss-ohne-deckel\/","title":{"rendered":"Regal A3 MIX wei\u00df ohne Deckel"},"content":{"rendered":"<div class=\"product-grid-item\">\n<p>Einer der Klassiker der Pappmoderne: Regal MIX ist schnell aufgebaut, variabel und bietet viel Platz zum Verstauen verschiedenster Dinge. Das Pappregal MIX hat 4 schmale Schubladen, 1 mittelgro\u00dfe Allzweckkiste und 1 Ordnerkiste (gro\u00df genug f\u00fcr Standard B\u00fcro-Ordner).<\/p>\n<p>Das Papp-Regal ist voll belastbar wie ein vergleichbares Regal aus gebr\u00e4uchlichen Materialien und kann in Arbeits- und Wohnbereich genauso eingesetzt werden.<\/p>\n<h4>Unser A3 Regal-System:<\/h4>\n<ul>\n<li>alle Regale bestehen aus Mantel, Konsolen und Sockel &#8211; die B\u00f6den sind auf verschiedenen H\u00f6hen in 11cm-Abst\u00e4nden einsetzbar<\/li>\n<li>Die Regale sind in der H\u00f6he erweiterbar: es k\u00f6nnen zwei Regale mithilfe eines Verbinders aufeinander gesetzt und miteinander verbunden werden.<\/li>\n<li>Beim Regalsystem A3 k\u00f6nnen alle Regalvarianten miteinander kombiniert werden. Generell sollte dabei immer das Regal, das st\u00e4rker belastet wird, unten stehen. <\/li>\n<\/ul>\n<h4>Included in the package:<\/h4>\n<ul>\n<li>1 Mantel<\/li>\n<li>2 Sockel<\/li>\n<li>5 Konsolen<\/li>\n<li>4 Schubladen<\/li>\n<li>1 Allzweckkiste ohne Deckel<\/li>\n<li>1 Ordnerkiste ohne Deckel<\/li>\n<\/ul>\n<p>Auflagen sind nicht im Paket enthalten und k\u00f6nnen zus\u00e4tzlich bestellt werden.<\/p>\n<h4>Gr\u00f6\u00dfe:<\/h4>\n<p>H 112 cm x B 50 cm x T 36 cm<\/p>\n<p>Ma\u00dfe der Schublade au\u00dfen: H 10,3 x B 44,3 x T 33,3 cm<br \/>\nMa\u00dfe der Schublade innen: H 9,5 x B 44 x T 32 cm<\/p>\n<p>Ma\u00dfe der Allzweckkiste au\u00dfen: H 22 x B 43 x T 32 cm &#8211; H 22,5 x B 44 cm x T 34 (inkl. Deckel)<br \/>\nMa\u00dfe der Allzweckkiste innen: H 21,5 x B 41 x T 29,5 cm<\/p>\n<p>Ma\u00dfe der Ordnerkiste au\u00dfen (mit Deckel): H 33 x B 44,2 x T 33,5 cm<br \/>\nMa\u00dfe der Ordnerkiste innen: H 31,5 x B 41 x T 29,5 cm<\/p>\n<h4>Paketma\u00df:<\/h4>\n<p>114 x 50 x 17 cm<br \/>\n12,2 kg<\/p>\n<\/div>\n<div class=\"product-grid-item\">\n<div class=\"ast-oembed-container\" style=\"height: 100%;\"><iframe loading=\"lazy\" title=\"Regal A3 MIX aus Pappe - der Aufbau\" width=\"500\" height=\"281\" src=\"https:\/\/www.youtube.com\/embed\/oqyTXMrzk4Y?feature=oembed\" frameborder=\"0\" allow=\"accelerometer; autoplay; clipboard-write; encrypted-media; gyroscope; picture-in-picture; web-share\" referrerpolicy=\"strict-origin-when-cross-origin\" allowfullscreen><\/iframe><\/div>\n<\/div>","protected":false},"excerpt":{"rendered":"<ul>\n<li>Stabiles Regal aus hochwertiger Pappe<\/li>\n<li>mit 4 Schubladen, 1 Allzweckkiste und 1 Orderkiste<\/li>\n<li>f\u00fcr Formate bis DIN A3 oder aufrecht stehende Aktenordner<\/li>\n<li>Abholpreis: 103,90 \u20ac<\/li>\n<\/ul>","protected":false},"featured_media":10557,"template":"","meta":{"site-sidebar-layout":"default","site-content-layout":"default","ast-site-content-layout":"default","site-content-style":"default","site-sidebar-style":"default","ast-global-header-display":"","ast-banner-title-visibility":"","ast-main-header-display":"","ast-hfb-above-header-display":"","ast-hfb-below-header-display":"","ast-hfb-mobile-header-display":"","site-post-title":"","ast-breadcrumbs-content":"","ast-featured-img":"","footer-sml-layout":"","ast-disable-related-posts":"","theme-transparent-header-meta":"default","adv-header-id-meta":"","stick-header-meta":"","header-above-stick-meta":"","header-main-stick-meta":"","header-below-stick-meta":"","astra-migrate-meta-layouts":"set","ast-page-background-enabled":"default","ast-page-background-meta":{"desktop":{"background-color":"var(--ast-global-color-4)","background-image":"","background-repeat":"repeat","background-position":"center center","background-size":"auto","background-attachment":"scroll","background-type":"","background-media":"","overlay-type":"","overlay-color":"","overlay-opacity":"","overlay-gradient":""},"tablet":{"background-color":"","background-image":"","background-repeat":"repeat","background-position":"center center","background-size":"auto","background-attachment":"scroll","background-type":"","background-media":"","overlay-type":"","overlay-color":"","overlay-opacity":"","overlay-gradient":""},"mobile":{"background-color":"","background-image":"","background-repeat":"repeat","background-position":"center center","background-size":"auto","background-attachment":"scroll","background-type":"","background-media":"","overlay-type":"","overlay-color":"","overlay-opacity":"","overlay-gradient":""}},"ast-content-background-meta":{"desktop":{"background-color":"var(--ast-global-color-5)","background-image":"","background-repeat":"repeat","background-position":"center center","background-size":"auto","background-attachment":"scroll","background-type":"","background-media":"","overlay-type":"","overlay-color":"","overlay-opacity":"","overlay-gradient":""},"tablet":{"background-color":"var(--ast-global-color-5)","background-image":"","background-repeat":"repeat","background-position":"center center","background-size":"auto","background-attachment":"scroll","background-type":"","background-media":"","overlay-type":"","overlay-color":"","overlay-opacity":"","overlay-gradient":""},"mobile":{"background-color":"var(--ast-global-color-5)","background-image":"","background-repeat":"repeat","background-position":"center center","background-size":"auto","background-attachment":"scroll","background-type":"","background-media":"","overlay-type":"","overlay-color":"","overlay-opacity":"","overlay-gradient":""}}},"product_brand":[],"product_cat":[19,54,53,18],"product_tag":[46],"class_list":{"0":"post-10556","1":"product","2":"type-product","3":"status-publish","4":"has-post-thumbnail","6":"product_cat-arbeiten","7":"product_cat-regalsystem-a3","8":"product_cat-verstauen","9":"product_cat-wohnen","10":"product_tag-regal","11":"product_shipping_class-1-paket","12":"desktop-align-left","13":"tablet-align-left","14":"mobile-align-left","16":"first","17":"outofstock","18":"sale","19":"taxable","20":"shipping-taxable","21":"purchasable","22":"product-type-simple"},"_links":{"self":[{"href":"https:\/\/www.pappmoebelshop.de\/en\/wp-json\/wp\/v2\/product\/10556","targetHints":{"allow":["GET"]}}],"collection":[{"href":"https:\/\/www.pappmoebelshop.de\/en\/wp-json\/wp\/v2\/product"}],"about":[{"href":"https:\/\/www.pappmoebelshop.de\/en\/wp-json\/wp\/v2\/types\/product"}],"wp:featuredmedia":[{"embeddable":true,"href":"https:\/\/www.pappmoebelshop.de\/en\/wp-json\/wp\/v2\/media\/10557"}],"wp:attachment":[{"href":"https:\/\/www.pappmoebelshop.de\/en\/wp-json\/wp\/v2\/media?parent=10556"}],"wp:term":[{"taxonomy":"product_brand","embeddable":true,"href":"https:\/\/www.pappmoebelshop.de\/en\/wp-json\/wp\/v2\/product_brand?post=10556"},{"taxonomy":"product_cat","embeddable":true,"href":"https:\/\/www.pappmoebelshop.de\/en\/wp-json\/wp\/v2\/product_cat?post=10556"},{"taxonomy":"product_tag","embeddable":true,"href":"https:\/\/www.pappmoebelshop.de\/en\/wp-json\/wp\/v2\/product_tag?post=10556"}],"curies":[{"name":"wp","href":"https:\/\/api.w.org\/{rel}","templated":true}]}}