{"id":10820,"date":"2025-06-27T18:48:41","date_gmt":"2025-06-27T16:48:41","guid":{"rendered":"https:\/\/www.pappmoebelshop.de\/?post_type=product&#038;p=10820"},"modified":"2025-11-13T13:29:10","modified_gmt":"2025-11-13T12:29:10","slug":"hocker-sitzwuerfel-schwarz-5-stueck-2","status":"publish","type":"product","link":"https:\/\/www.pappmoebelshop.de\/en\/hocker-sitzwuerfel-schwarz-5-stueck-2\/","title":{"rendered":"Hocker SITZW\u00dcRFEL schwarz 5 St\u00fcck 2. Wahl"},"content":{"rendered":"<div>\n<ul>\n<li>Hocker aus besonders hochwertiger Pappqualit\u00e4t<\/li>\n<li>FOTOMUSTER &#8211; nur 1 auf- und abgebaut!<\/li>\n<li>Die geschlossene kubische Form wird durch ein Steckkreuz im Innern des Hockers verst\u00e4rkt<\/li>\n<li>Er eignet sich f\u00fcr Konzepte, bei denen die Sitzw\u00fcrfel wie Bausteine verwendet oder eine strenge geometrische Wirkung erzielt werden soll<\/li>\n<li>Einfach und schnell aufzubauen<\/li>\n<\/ul>\n<p>Der Hocker SITZW\u00dcRFEL ist auf Wunsch in allen Farben, mit Logos und anderen Motiven bedruckbar. Auch unterschiedlich digital bedruckte Folien k\u00f6nnen aufkaschiert werden. Druck ab 100 St\u00fcck F\u00fcr Abnahmemengen ab 100 St\u00fcck, Preise bitte anfragen.<br \/>\nAb 60 St\u00fcck erfolgt der Versand in einer Sammelverpackung per Spedition.<\/p>\n<ul>Dimensions: <\/p>\n<li>H 48 cm x B 35 cm x T 35 cm<\/li>\n<li>Verpackung: 75 x 71 x 15 cm | 9 kg<\/li>\n<\/ul>\n<p>Lieferzeit 2-4 Werktage<\/p>\n<\/div>\n<div>\n<div class=\"ast-oembed-container\" style=\"height: 100%;\"><iframe loading=\"lazy\" title=\"Hocker SITZW\u00dcRFEL aus Pappe\" width=\"500\" height=\"281\" src=\"https:\/\/www.youtube.com\/embed\/RB2Rx2mS_CM?feature=oembed\" frameborder=\"0\" allow=\"accelerometer; autoplay; clipboard-write; encrypted-media; gyroscope; picture-in-picture; web-share\" referrerpolicy=\"strict-origin-when-cross-origin\" allowfullscreen><\/iframe><\/div>\n<\/div>","protected":false},"excerpt":{"rendered":"<p>***FOTOMUSTER &#8211; nur 1 auf- und abgebaut!***<br \/>\nW\u00fcrfel-Hocker aus besonders hochwertiger Pappqualit\u00e4t<br \/>\nEin Ph\u00e4nomen an Stabilit\u00e4t und Belastbarkeit.<\/p>\n<p>Lieferzeit 2-4 Werktage<\/p>\n<p>Abholpreis im Werksverkauf:  5er-Pack  \u20ac 50<\/p>","protected":false},"featured_media":9304,"template":"","meta":{"site-sidebar-layout":"default","site-content-layout":"default","ast-site-content-layout":"default","site-content-style":"default","site-sidebar-style":"default","ast-global-header-display":"","ast-banner-title-visibility":"","ast-main-header-display":"","ast-hfb-above-header-display":"","ast-hfb-below-header-display":"","ast-hfb-mobile-header-display":"","site-post-title":"","ast-breadcrumbs-content":"","ast-featured-img":"","footer-sml-layout":"","ast-disable-related-posts":"","theme-transparent-header-meta":"default","adv-header-id-meta":"","stick-header-meta":"","header-above-stick-meta":"","header-main-stick-meta":"","header-below-stick-meta":"","astra-migrate-meta-layouts":"set","ast-page-background-enabled":"default","ast-page-background-meta":{"desktop":{"background-color":"var(--ast-global-color-4)","background-image":"","background-repeat":"repeat","background-position":"center center","background-size":"auto","background-attachment":"scroll","background-type":"","background-media":"","overlay-type":"","overlay-color":"","overlay-opacity":"","overlay-gradient":""},"tablet":{"background-color":"","background-image":"","background-repeat":"repeat","background-position":"center center","background-size":"auto","background-attachment":"scroll","background-type":"","background-media":"","overlay-type":"","overlay-color":"","overlay-opacity":"","overlay-gradient":""},"mobile":{"background-color":"","background-image":"","background-repeat":"repeat","background-position":"center center","background-size":"auto","background-attachment":"scroll","background-type":"","background-media":"","overlay-type":"","overlay-color":"","overlay-opacity":"","overlay-gradient":""}},"ast-content-background-meta":{"desktop":{"background-color":"var(--ast-global-color-5)","background-image":"","background-repeat":"repeat","background-position":"center center","background-size":"auto","background-attachment":"scroll","background-type":"","background-media":"","overlay-type":"","overlay-color":"","overlay-opacity":"","overlay-gradient":""},"tablet":{"background-color":"var(--ast-global-color-5)","background-image":"","background-repeat":"repeat","background-position":"center center","background-size":"auto","background-attachment":"scroll","background-type":"","background-media":"","overlay-type":"","overlay-color":"","overlay-opacity":"","overlay-gradient":""},"mobile":{"background-color":"var(--ast-global-color-5)","background-image":"","background-repeat":"repeat","background-position":"center center","background-size":"auto","background-attachment":"scroll","background-type":"","background-media":"","overlay-type":"","overlay-color":"","overlay-opacity":"","overlay-gradient":""}}},"product_brand":[],"product_cat":[156,177,19,66,18,130],"product_tag":[],"class_list":{"0":"post-10820","1":"product","2":"type-product","3":"status-publish","4":"has-post-thumbnail","6":"product_cat-hocker","7":"product_cat-hocker-sitzwuerfel","8":"product_cat-arbeiten","9":"product_cat-tische-stuehle","10":"product_cat-wohnen","11":"product_cat-stuehle-hocker","12":"product_shipping_class-1-paket","13":"desktop-align-left","14":"tablet-align-left","15":"mobile-align-left","17":"first","18":"outofstock","19":"sale","20":"taxable","21":"shipping-taxable","22":"purchasable","23":"product-type-simple"},"_links":{"self":[{"href":"https:\/\/www.pappmoebelshop.de\/en\/wp-json\/wp\/v2\/product\/10820","targetHints":{"allow":["GET"]}}],"collection":[{"href":"https:\/\/www.pappmoebelshop.de\/en\/wp-json\/wp\/v2\/product"}],"about":[{"href":"https:\/\/www.pappmoebelshop.de\/en\/wp-json\/wp\/v2\/types\/product"}],"wp:featuredmedia":[{"embeddable":true,"href":"https:\/\/www.pappmoebelshop.de\/en\/wp-json\/wp\/v2\/media\/9304"}],"wp:attachment":[{"href":"https:\/\/www.pappmoebelshop.de\/en\/wp-json\/wp\/v2\/media?parent=10820"}],"wp:term":[{"taxonomy":"product_brand","embeddable":true,"href":"https:\/\/www.pappmoebelshop.de\/en\/wp-json\/wp\/v2\/product_brand?post=10820"},{"taxonomy":"product_cat","embeddable":true,"href":"https:\/\/www.pappmoebelshop.de\/en\/wp-json\/wp\/v2\/product_cat?post=10820"},{"taxonomy":"product_tag","embeddable":true,"href":"https:\/\/www.pappmoebelshop.de\/en\/wp-json\/wp\/v2\/product_tag?post=10820"}],"curies":[{"name":"wp","href":"https:\/\/api.w.org\/{rel}","templated":true}]}}