{"id":10849,"date":"2025-07-09T13:35:19","date_gmt":"2025-07-09T11:35:19","guid":{"rendered":"https:\/\/www.pappmoebelshop.de\/?post_type=product&#038;p=10849"},"modified":"2025-10-28T10:36:18","modified_gmt":"2025-10-28T09:36:18","slug":"regal-a3-kruemel-natur-2-st-spezial","status":"publish","type":"product","link":"https:\/\/www.pappmoebelshop.de\/en\/regal-a3-kruemel-natur-2-st-spezial\/","title":{"rendered":"Regal A3 KR\u00dcMEL natur 2 St. + 2 Bettk\u00e4sten DROPS"},"content":{"rendered":"<div class=\"product-grid-item\">\n<p>Der kleinste Vertreter der Serie der A3 &#8211; Regale. Mit seiner H\u00f6he wird er zum praktischen Nachttisch.<br \/>\n1 Schublade, wahlweise natur oder wei\u00df, sowie die Auflage A3 sind inklusive.<\/p>\n<p>Ma\u00dfe mit Auflage: H 39,5 x B 57,5 x T 45,2 cm<br \/>\nRegal ohne Auflage: H 37,5 x B 49,5 x T 36 cm<br \/>\nAbstand zwischen den Regalb\u00f6den: 11cm<br \/>\nMa\u00dfe der Schublade au\u00dfen: H 10,3 x B 44,3 x T 33,3 cm<br \/>\nMa\u00dfe der Schublade innen: H 9,5 x B 44 x T 32 cm<\/p>\n<h4>Included in the package:<\/h4>\n<ul>\n<li>2 x  Mantel<\/li>\n<li>2 x  Sockel<\/li>\n<li>4 Konsolen<\/li>\n<li>2 Schubladen<\/li>\n<li>2 Auflagen<\/li>\n<li>2 Bettk\u00e4sten zugepackt (l\u00e4ngs gefaltet)<\/li>\n<\/ul>\n<p>Dekorationen sind nicht im Paket enthalten.<\/p>\n<\/div>\n<div class=\"product-grid-item\">\n<div class=\"ast-oembed-container\" style=\"height: 100%;\"><iframe loading=\"lazy\" title=\"Regal KR\u00dcMEL aus Pappe\" width=\"500\" height=\"281\" src=\"https:\/\/www.youtube.com\/embed\/NWuEP43xCpU?feature=oembed\" frameborder=\"0\" allow=\"accelerometer; autoplay; clipboard-write; encrypted-media; gyroscope; picture-in-picture; web-share\" referrerpolicy=\"strict-origin-when-cross-origin\" allowfullscreen><\/iframe><\/div>\n<\/div>","protected":false},"excerpt":{"rendered":"<p>Spezial-Paket:<br \/>\n2 x Kr\u00fcmel natur + 2 Bettk\u00e4sten DROPS lang zugepackt (l\u00e4ngs gefaltet)<\/p>","protected":false},"featured_media":838,"template":"","meta":{"site-sidebar-layout":"default","site-content-layout":"default","ast-site-content-layout":"default","site-content-style":"default","site-sidebar-style":"default","ast-global-header-display":"","ast-banner-title-visibility":"","ast-main-header-display":"","ast-hfb-above-header-display":"","ast-hfb-below-header-display":"","ast-hfb-mobile-header-display":"","site-post-title":"","ast-breadcrumbs-content":"","ast-featured-img":"","footer-sml-layout":"","ast-disable-related-posts":"","theme-transparent-header-meta":"default","adv-header-id-meta":"","stick-header-meta":"","header-above-stick-meta":"","header-main-stick-meta":"","header-below-stick-meta":"","astra-migrate-meta-layouts":"set","ast-page-background-enabled":"default","ast-page-background-meta":{"desktop":{"background-color":"var(--ast-global-color-4)","background-image":"","background-repeat":"repeat","background-position":"center center","background-size":"auto","background-attachment":"scroll","background-type":"","background-media":"","overlay-type":"","overlay-color":"","overlay-opacity":"","overlay-gradient":""},"tablet":{"background-color":"","background-image":"","background-repeat":"repeat","background-position":"center center","background-size":"auto","background-attachment":"scroll","background-type":"","background-media":"","overlay-type":"","overlay-color":"","overlay-opacity":"","overlay-gradient":""},"mobile":{"background-color":"","background-image":"","background-repeat":"repeat","background-position":"center center","background-size":"auto","background-attachment":"scroll","background-type":"","background-media":"","overlay-type":"","overlay-color":"","overlay-opacity":"","overlay-gradient":""}},"ast-content-background-meta":{"desktop":{"background-color":"var(--ast-global-color-5)","background-image":"","background-repeat":"repeat","background-position":"center center","background-size":"auto","background-attachment":"scroll","background-type":"","background-media":"","overlay-type":"","overlay-color":"","overlay-opacity":"","overlay-gradient":""},"tablet":{"background-color":"var(--ast-global-color-5)","background-image":"","background-repeat":"repeat","background-position":"center center","background-size":"auto","background-attachment":"scroll","background-type":"","background-media":"","overlay-type":"","overlay-color":"","overlay-opacity":"","overlay-gradient":""},"mobile":{"background-color":"var(--ast-global-color-5)","background-image":"","background-repeat":"repeat","background-position":"center center","background-size":"auto","background-attachment":"scroll","background-type":"","background-media":"","overlay-type":"","overlay-color":"","overlay-opacity":"","overlay-gradient":""}}},"product_brand":[],"product_cat":[24,54,53,18],"product_tag":[51,52,46],"class_list":{"0":"post-10849","1":"product","2":"type-product","3":"status-publish","4":"has-post-thumbnail","6":"product_cat-pappbetten","7":"product_cat-regalsystem-a3","8":"product_cat-verstauen","9":"product_cat-wohnen","10":"product_tag-bett","11":"product_tag-nachttisch","12":"product_tag-regal","13":"product_shipping_class-1-paket","14":"desktop-align-left","15":"tablet-align-left","16":"mobile-align-left","18":"first","19":"outofstock","20":"taxable","21":"shipping-taxable","22":"purchasable","23":"product-type-simple"},"_links":{"self":[{"href":"https:\/\/www.pappmoebelshop.de\/en\/wp-json\/wp\/v2\/product\/10849","targetHints":{"allow":["GET"]}}],"collection":[{"href":"https:\/\/www.pappmoebelshop.de\/en\/wp-json\/wp\/v2\/product"}],"about":[{"href":"https:\/\/www.pappmoebelshop.de\/en\/wp-json\/wp\/v2\/types\/product"}],"wp:featuredmedia":[{"embeddable":true,"href":"https:\/\/www.pappmoebelshop.de\/en\/wp-json\/wp\/v2\/media\/838"}],"wp:attachment":[{"href":"https:\/\/www.pappmoebelshop.de\/en\/wp-json\/wp\/v2\/media?parent=10849"}],"wp:term":[{"taxonomy":"product_brand","embeddable":true,"href":"https:\/\/www.pappmoebelshop.de\/en\/wp-json\/wp\/v2\/product_brand?post=10849"},{"taxonomy":"product_cat","embeddable":true,"href":"https:\/\/www.pappmoebelshop.de\/en\/wp-json\/wp\/v2\/product_cat?post=10849"},{"taxonomy":"product_tag","embeddable":true,"href":"https:\/\/www.pappmoebelshop.de\/en\/wp-json\/wp\/v2\/product_tag?post=10849"}],"curies":[{"name":"wp","href":"https:\/\/api.w.org\/{rel}","templated":true}]}}