{"id":10963,"date":"2025-08-20T11:53:12","date_gmt":"2025-08-20T09:53:12","guid":{"rendered":"https:\/\/www.pappmoebelshop.de\/?post_type=product&#038;p=10963"},"modified":"2025-11-09T15:51:35","modified_gmt":"2025-11-09T14:51:35","slug":"bett-dream-flexibel","status":"publish","type":"product","link":"https:\/\/www.pappmoebelshop.de\/en\/bett-dream-flexibel\/","title":{"rendered":"Bett DREAM FLEXIBEL"},"content":{"rendered":"<div>\n<h3>Seit 1989 bew\u00e4hrt &#8211; das Original<\/h3>\n<p>The cardboard bed is more than a temporary solution: stability and durability are achieved through a sensible plug-in construction (without metal and plastic connections) and a particularly strong double corrugated cardboard. Repeated assembly and disassembly is possible, the service life is up to 10 years according to customer information. The cardboard bed easily carries even heavy sleepers.<\/p>\n<h3>Now Improved<\/h3>\n<ul>\n<li>Stabilit\u00e4t und Standfestigkeit<\/li>\n<li>flexible Breite von 120 cm bis 180 cm (in Schritten von 15 cm)<\/li>\n<li>Easy Set Up<\/li>\n<li>Gesamth\u00f6he 33 cm <\/li>\n<li>Transport erleichtert durch getrennte Verpackung der langen Steckprofile und der St\u00fctzbeine <\/li>\n<\/ul>\n<h3>Dimensions<\/h3>\n<ul>\n<li>Length 200cm<\/li>\n<li>Breite 120 &#8211; 180 cm<\/li>\n<li>Height 33 cm<\/li>\n<li>Paket 1: 120 x 34 x 18 cm, Gewicht: 9 kg (St\u00fctzbeine)<\/li>\n<li>Paket 2: 200 x 33 x 12 cm, Gewicht: 8 &#8211; 11 kg (Liegefl\u00e4che)<\/li>\n<\/ul>\n<h3>Included in the package:<\/h3>\n<ul>\n<li>5 St\u00fctzteile innen<\/li>\n<li>10 St\u00fctzteile au\u00dfen<\/li>\n<li>Innenprofile<\/li>\n<li>Au\u00dfenprofile<\/li>\n<\/ul>\n<p>Bettk\u00e4sten sind nicht im Paket enthalten und k\u00f6nnen separat bestellt werden.<\/p>\n<p>Lieferzeit: 2-4 Werktage\n<\/p><\/div>\n<div>\n<div class=\"ast-oembed-container\" style=\"height: 100%;\"><iframe loading=\"lazy\" title=\"Pappbett DREAM von Stange Design\" width=\"500\" height=\"281\" src=\"https:\/\/www.youtube.com\/embed\/vb6XYvPM-Ok?feature=oembed\" frameborder=\"0\" allow=\"accelerometer; autoplay; clipboard-write; encrypted-media; gyroscope; picture-in-picture; web-share\" referrerpolicy=\"strict-origin-when-cross-origin\" allowfullscreen><\/iframe><\/div>\n<\/div>","protected":false},"excerpt":{"rendered":"<p>The DREAM cardboard bed has been tried and tested since 1989. It is stable, durable and easy to move.<\/p>\n<p>The cardboard bed is more than a temporary solution: stability and durability are achieved through a sensible plug-in construction (without metal and plastic connections) and a particularly strong double corrugated cardboard. Repeated assembly and disassembly is possible, the service life is up to 10 years according to customer information. The cardboard bed easily carries even heavy sleepers.<\/p>\n<p>Der Unterbau ist flexibel, die Profile f\u00fcr die Liegefl\u00e4che k\u00f6nen nach Bedarf gew\u00e4hlt werden.<br \/>\nDie Profile k\u00f6nnen sp\u00e4ter auch einzeln nachbestellt werden, wenn man den Unterbau breiter aufbauen m\u00f6chte. <\/p>\n<p>Lieferzeit: 2-4 Werktage<\/p>\n<p>Abholpreise:<br \/>\n120 cm = 141,00 \u20ac<br \/>\n135 cm = 149,80 \u20ac<br \/>\n150 cm = 159,90 \u20ac<br \/>\n165 cm = 167,90 \u20ac<br \/>\n180 cm = 175,80 \u20ac<\/p>","protected":false},"featured_media":10964,"template":"","meta":{"site-sidebar-layout":"default","site-content-layout":"default","ast-site-content-layout":"default","site-content-style":"default","site-sidebar-style":"default","ast-global-header-display":"","ast-banner-title-visibility":"","ast-main-header-display":"","ast-hfb-above-header-display":"","ast-hfb-below-header-display":"","ast-hfb-mobile-header-display":"","site-post-title":"","ast-breadcrumbs-content":"","ast-featured-img":"","footer-sml-layout":"","ast-disable-related-posts":"","theme-transparent-header-meta":"default","adv-header-id-meta":"","stick-header-meta":"","header-above-stick-meta":"","header-main-stick-meta":"","header-below-stick-meta":"","astra-migrate-meta-layouts":"set","ast-page-background-enabled":"default","ast-page-background-meta":{"desktop":{"background-color":"var(--ast-global-color-4)","background-image":"","background-repeat":"repeat","background-position":"center center","background-size":"auto","background-attachment":"scroll","background-type":"","background-media":"","overlay-type":"","overlay-color":"","overlay-opacity":"","overlay-gradient":""},"tablet":{"background-color":"","background-image":"","background-repeat":"repeat","background-position":"center center","background-size":"auto","background-attachment":"scroll","background-type":"","background-media":"","overlay-type":"","overlay-color":"","overlay-opacity":"","overlay-gradient":""},"mobile":{"background-color":"","background-image":"","background-repeat":"repeat","background-position":"center center","background-size":"auto","background-attachment":"scroll","background-type":"","background-media":"","overlay-type":"","overlay-color":"","overlay-opacity":"","overlay-gradient":""}},"ast-content-background-meta":{"desktop":{"background-color":"var(--ast-global-color-5)","background-image":"","background-repeat":"repeat","background-position":"center center","background-size":"auto","background-attachment":"scroll","background-type":"","background-media":"","overlay-type":"","overlay-color":"","overlay-opacity":"","overlay-gradient":""},"tablet":{"background-color":"var(--ast-global-color-5)","background-image":"","background-repeat":"repeat","background-position":"center center","background-size":"auto","background-attachment":"scroll","background-type":"","background-media":"","overlay-type":"","overlay-color":"","overlay-opacity":"","overlay-gradient":""},"mobile":{"background-color":"var(--ast-global-color-5)","background-image":"","background-repeat":"repeat","background-position":"center center","background-size":"auto","background-attachment":"scroll","background-type":"","background-media":"","overlay-type":"","overlay-color":"","overlay-opacity":"","overlay-gradient":""}}},"product_brand":[],"product_cat":[18,24],"product_tag":[],"class_list":{"0":"post-10963","1":"product","2":"type-product","3":"status-publish","4":"has-post-thumbnail","6":"product_cat-wohnen","7":"product_cat-pappbetten","8":"product_shipping_class-2-pakete","9":"desktop-align-left","10":"tablet-align-left","11":"mobile-align-left","13":"first","14":"outofstock","15":"featured","16":"taxable","17":"shipping-taxable","18":"purchasable","19":"product-type-variable"},"_links":{"self":[{"href":"https:\/\/www.pappmoebelshop.de\/en\/wp-json\/wp\/v2\/product\/10963","targetHints":{"allow":["GET"]}}],"collection":[{"href":"https:\/\/www.pappmoebelshop.de\/en\/wp-json\/wp\/v2\/product"}],"about":[{"href":"https:\/\/www.pappmoebelshop.de\/en\/wp-json\/wp\/v2\/types\/product"}],"wp:featuredmedia":[{"embeddable":true,"href":"https:\/\/www.pappmoebelshop.de\/en\/wp-json\/wp\/v2\/media\/10964"}],"wp:attachment":[{"href":"https:\/\/www.pappmoebelshop.de\/en\/wp-json\/wp\/v2\/media?parent=10963"}],"wp:term":[{"taxonomy":"product_brand","embeddable":true,"href":"https:\/\/www.pappmoebelshop.de\/en\/wp-json\/wp\/v2\/product_brand?post=10963"},{"taxonomy":"product_cat","embeddable":true,"href":"https:\/\/www.pappmoebelshop.de\/en\/wp-json\/wp\/v2\/product_cat?post=10963"},{"taxonomy":"product_tag","embeddable":true,"href":"https:\/\/www.pappmoebelshop.de\/en\/wp-json\/wp\/v2\/product_tag?post=10963"}],"curies":[{"name":"wp","href":"https:\/\/api.w.org\/{rel}","templated":true}]}}