{"id":11327,"date":"2025-11-06T11:23:33","date_gmt":"2025-11-06T10:23:33","guid":{"rendered":"https:\/\/www.pappmoebelshop.de\/?post_type=product&#038;p=11327"},"modified":"2025-11-25T12:41:05","modified_gmt":"2025-11-25T11:41:05","slug":"schaf-molly-natur-schwarz","status":"publish","type":"product","link":"https:\/\/www.pappmoebelshop.de\/en\/schaf-molly-natur-schwarz\/","title":{"rendered":"Schaf MOLLY schwarz"},"content":{"rendered":"<div class=\"product-grid-item\">\n<p>Unser Schaf ist nicht nur ein unterhaltsamer Kamerad, sondern auch ein Nutztier mit Regalfunktion. Ob Buch oder Tablet, Zeitschrift oder Brosch\u00fcre, Strickzeug oder Kabelsalat: kleine und gro\u00dfe Kinder k\u00f6nnen dem Schaf alles aufladen.<\/p>\n<h4>Gr\u00f6\u00dfe<\/h4>\n<p>H 74 cm x B 64 cm x L 102 cm<br \/>\nF\u00e4cher: H 21 cm x B 11 cm x T 18-20 cm<\/p>\n<h4>Package Dimensions<\/h4>\n<p>84 x 77,5 x 7 cm<br \/>\n4,8 kg<\/p>\n<p>Abholpreis: \u20ac 78,40<\/p>\n<\/div>\n<div class=\"product-grid-item\">\n<div class=\"ast-oembed-container\" style=\"height: 100%;\"><iframe loading=\"lazy\" title=\"Schaf TEENY - Das Aufbauen\" width=\"500\" height=\"281\" src=\"https:\/\/www.youtube.com\/embed\/70g73KlBIUM?feature=oembed\" frameborder=\"0\" allow=\"accelerometer; autoplay; clipboard-write; encrypted-media; gyroscope; picture-in-picture; web-share\" referrerpolicy=\"strict-origin-when-cross-origin\" allowfullscreen><\/iframe><\/div>\n<\/div>","protected":false},"excerpt":{"rendered":"<p>Unser Schaf ist nicht nur ein unterhaltsamer Kamerad, sondern auch ein Nutztier mit Regalfunktion. Ob Buch oder Tablet, Zeitschrift oder Brosch\u00fcre, Strickzeug oder Kabelsalat: kleine und gro\u00dfe Kinder k\u00f6nnen dem Schaf alles aufladen. Gr\u00f6\u00dfe H 74 cm x B 64 cm x L 102 cm F\u00e4cher: H 21 cm x B 11 cm x T [&hellip;]<\/p>\n","protected":false},"featured_media":11328,"template":"","meta":{"site-sidebar-layout":"default","site-content-layout":"default","ast-site-content-layout":"default","site-content-style":"default","site-sidebar-style":"default","ast-global-header-display":"","ast-banner-title-visibility":"","ast-main-header-display":"","ast-hfb-above-header-display":"","ast-hfb-below-header-display":"","ast-hfb-mobile-header-display":"","site-post-title":"","ast-breadcrumbs-content":"","ast-featured-img":"","footer-sml-layout":"","ast-disable-related-posts":"","theme-transparent-header-meta":"default","adv-header-id-meta":"","stick-header-meta":"","header-above-stick-meta":"","header-main-stick-meta":"","header-below-stick-meta":"","astra-migrate-meta-layouts":"set","ast-page-background-enabled":"default","ast-page-background-meta":{"desktop":{"background-color":"var(--ast-global-color-4)","background-image":"","background-repeat":"repeat","background-position":"center center","background-size":"auto","background-attachment":"scroll","background-type":"","background-media":"","overlay-type":"","overlay-color":"","overlay-opacity":"","overlay-gradient":""},"tablet":{"background-color":"","background-image":"","background-repeat":"repeat","background-position":"center center","background-size":"auto","background-attachment":"scroll","background-type":"","background-media":"","overlay-type":"","overlay-color":"","overlay-opacity":"","overlay-gradient":""},"mobile":{"background-color":"","background-image":"","background-repeat":"repeat","background-position":"center center","background-size":"auto","background-attachment":"scroll","background-type":"","background-media":"","overlay-type":"","overlay-color":"","overlay-opacity":"","overlay-gradient":""}},"ast-content-background-meta":{"desktop":{"background-color":"var(--ast-global-color-5)","background-image":"","background-repeat":"repeat","background-position":"center center","background-size":"auto","background-attachment":"scroll","background-type":"","background-media":"","overlay-type":"","overlay-color":"","overlay-opacity":"","overlay-gradient":""},"tablet":{"background-color":"var(--ast-global-color-5)","background-image":"","background-repeat":"repeat","background-position":"center center","background-size":"auto","background-attachment":"scroll","background-type":"","background-media":"","overlay-type":"","overlay-color":"","overlay-opacity":"","overlay-gradient":""},"mobile":{"background-color":"var(--ast-global-color-5)","background-image":"","background-repeat":"repeat","background-position":"center center","background-size":"auto","background-attachment":"scroll","background-type":"","background-media":"","overlay-type":"","overlay-color":"","overlay-opacity":"","overlay-gradient":""}}},"product_brand":[],"product_cat":[20,58,18,53],"product_tag":[57,46,56],"class_list":{"0":"post-11327","1":"product","2":"type-product","3":"status-publish","4":"has-post-thumbnail","6":"product_cat-dekorieren","7":"product_cat-schafe","8":"product_cat-wohnen","9":"product_cat-verstauen","10":"product_tag-buecherregal","11":"product_tag-regal","12":"product_tag-schaf","13":"product_shipping_class-1-paket","14":"desktop-align-left","15":"tablet-align-left","16":"mobile-align-left","18":"first","19":"outofstock","20":"sale","21":"taxable","22":"shipping-taxable","23":"purchasable","24":"product-type-simple"},"_links":{"self":[{"href":"https:\/\/www.pappmoebelshop.de\/en\/wp-json\/wp\/v2\/product\/11327","targetHints":{"allow":["GET"]}}],"collection":[{"href":"https:\/\/www.pappmoebelshop.de\/en\/wp-json\/wp\/v2\/product"}],"about":[{"href":"https:\/\/www.pappmoebelshop.de\/en\/wp-json\/wp\/v2\/types\/product"}],"wp:featuredmedia":[{"embeddable":true,"href":"https:\/\/www.pappmoebelshop.de\/en\/wp-json\/wp\/v2\/media\/11328"}],"wp:attachment":[{"href":"https:\/\/www.pappmoebelshop.de\/en\/wp-json\/wp\/v2\/media?parent=11327"}],"wp:term":[{"taxonomy":"product_brand","embeddable":true,"href":"https:\/\/www.pappmoebelshop.de\/en\/wp-json\/wp\/v2\/product_brand?post=11327"},{"taxonomy":"product_cat","embeddable":true,"href":"https:\/\/www.pappmoebelshop.de\/en\/wp-json\/wp\/v2\/product_cat?post=11327"},{"taxonomy":"product_tag","embeddable":true,"href":"https:\/\/www.pappmoebelshop.de\/en\/wp-json\/wp\/v2\/product_tag?post=11327"}],"curies":[{"name":"wp","href":"https:\/\/api.w.org\/{rel}","templated":true}]}}