{"id":1264,"date":"2022-04-13T12:10:49","date_gmt":"2022-04-13T10:10:49","guid":{"rendered":"https:\/\/www.test22.pappmoebelshop.com\/?post_type=product&#038;p=1264"},"modified":"2025-11-29T21:20:14","modified_gmt":"2025-11-29T20:20:14","slug":"stellwand-dino","status":"publish","type":"product","link":"https:\/\/www.pappmoebelshop.de\/en\/stellwand-dino\/","title":{"rendered":"Stellwand DINO Hochformat"},"content":{"rendered":"<div class=\"product-grid-item\">\n<h3>Viel Fl\u00e4che f\u00fcr Pr\u00e4sentation<\/h3>\n<p>Die gro&szlig;en Fl&auml;chen der Stellw&auml;nde bieten viel Platz, um Pl&auml;ne und Zeichnungen anzubringen. Besonders geeignet f&uuml;r umfangreiche Ausschreibungen, gr&ouml;&szlig;ere Ausstellungen, als Plakatwand oder f&uuml;r Schulungen und Seminare. Einfache Handhabung durch die Dreieck-Profile, in die die W&auml;nde nur eingeschoben und mit Schrauben arretiert werden. <br \/> <br \/>\nTrotz seiner Gr&ouml;&szlig;e ist Dino leicht zu handhaben und beansprucht wenig Platz bei Transport und Lagerung.<\/p>\n<p>F\u00fcr den Transport werden die Teile in der Mitte gefaltet. Ab 3 Stellw\u00e4nden wird in voller Gr\u00f6\u00dfe (ohne Faltung) versendet. <\/p>\n<h4>Gesamtma\u00dfe<\/h4>\n<p>H&ouml;he 220 cm<br \/>\nBreite 182 cm (inkl. Standbeine)<br \/>\nTiefe 48 cm<\/p>\n<h4>Tafelma\u00dfe<\/h4>\n<p>H&ouml;he 220 cm<br \/>\nBreite 134 cm<\/p>\n<h4>Paketma&szlig;e<\/h4>\n<p>162 x 112 x 7 cm<br \/>\n15,8 kg<\/p>\n<p>Versand per Spedition &#8211; Bei Lieferungen ausserhalb Deutschlands werden zus\u00e4tzliche Transportkosten berechnet. <br \/> <br \/>\nAuf Anfrage k\u00f6nnen die W\u00e4nde auch mit anderen Ma\u00dfen angefertigt werden. Wir beraten Sie gerne dazu. <\/p>\n<\/div>\n<div class=\"product-grid-item\">\n<div class=\"ast-oembed-container\" style=\"height: 100%;\"><iframe loading=\"lazy\" title=\"Stellwand DINO\" width=\"500\" height=\"281\" src=\"https:\/\/www.youtube.com\/embed\/2w4B4ZR8Z8E?feature=oembed\" frameborder=\"0\" allow=\"accelerometer; autoplay; clipboard-write; encrypted-media; gyroscope; picture-in-picture; web-share\" referrerpolicy=\"strict-origin-when-cross-origin\" allowfullscreen><\/iframe><\/div>\n<\/div>","protected":false},"excerpt":{"rendered":"<p>Gro\u00dfe Stellwand f\u00fcr Ausstellungen, Events, Messe oder als Raumtrenner.<br \/>\nKann gut bedruckt werden, mehr dazu erfahren Sie auf Anfrage.<\/p>\n<p>Abholpreis:  \u20ac 121,00<\/p>","protected":false},"featured_media":4447,"template":"","meta":{"site-sidebar-layout":"default","site-content-layout":"default","ast-site-content-layout":"default","site-content-style":"default","site-sidebar-style":"default","ast-global-header-display":"","ast-banner-title-visibility":"","ast-main-header-display":"","ast-hfb-above-header-display":"","ast-hfb-below-header-display":"","ast-hfb-mobile-header-display":"","site-post-title":"","ast-breadcrumbs-content":"","ast-featured-img":"","footer-sml-layout":"","ast-disable-related-posts":"","theme-transparent-header-meta":"default","adv-header-id-meta":"","stick-header-meta":"","header-above-stick-meta":"","header-main-stick-meta":"","header-below-stick-meta":"","astra-migrate-meta-layouts":"set","ast-page-background-enabled":"default","ast-page-background-meta":{"desktop":{"background-color":"var(--ast-global-color-4)","background-image":"","background-repeat":"repeat","background-position":"center center","background-size":"auto","background-attachment":"scroll","background-type":"","background-media":"","overlay-type":"","overlay-color":"","overlay-opacity":"","overlay-gradient":""},"tablet":{"background-color":"","background-image":"","background-repeat":"repeat","background-position":"center center","background-size":"auto","background-attachment":"scroll","background-type":"","background-media":"","overlay-type":"","overlay-color":"","overlay-opacity":"","overlay-gradient":""},"mobile":{"background-color":"","background-image":"","background-repeat":"repeat","background-position":"center center","background-size":"auto","background-attachment":"scroll","background-type":"","background-media":"","overlay-type":"","overlay-color":"","overlay-opacity":"","overlay-gradient":""}},"ast-content-background-meta":{"desktop":{"background-color":"var(--ast-global-color-5)","background-image":"","background-repeat":"repeat","background-position":"center center","background-size":"auto","background-attachment":"scroll","background-type":"","background-media":"","overlay-type":"","overlay-color":"","overlay-opacity":"","overlay-gradient":""},"tablet":{"background-color":"var(--ast-global-color-5)","background-image":"","background-repeat":"repeat","background-position":"center center","background-size":"auto","background-attachment":"scroll","background-type":"","background-media":"","overlay-type":"","overlay-color":"","overlay-opacity":"","overlay-gradient":""},"mobile":{"background-color":"var(--ast-global-color-5)","background-image":"","background-repeat":"repeat","background-position":"center center","background-size":"auto","background-attachment":"scroll","background-type":"","background-media":"","overlay-type":"","overlay-color":"","overlay-opacity":"","overlay-gradient":""}}},"product_brand":[],"product_cat":[19,69,68],"product_tag":[86,85,84,87],"class_list":{"0":"post-1264","1":"product","2":"type-product","3":"status-publish","4":"has-post-thumbnail","6":"product_cat-arbeiten","7":"product_cat-messe","8":"product_cat-stellwaende","9":"product_tag-ausstellung","10":"product_tag-event","11":"product_tag-messe","12":"product_tag-praesentation","13":"product_shipping_class-spedition-1","14":"desktop-align-left","15":"tablet-align-left","16":"mobile-align-left","18":"first","19":"outofstock","20":"taxable","21":"shipping-taxable","22":"purchasable","23":"product-type-variable"},"_links":{"self":[{"href":"https:\/\/www.pappmoebelshop.de\/en\/wp-json\/wp\/v2\/product\/1264","targetHints":{"allow":["GET"]}}],"collection":[{"href":"https:\/\/www.pappmoebelshop.de\/en\/wp-json\/wp\/v2\/product"}],"about":[{"href":"https:\/\/www.pappmoebelshop.de\/en\/wp-json\/wp\/v2\/types\/product"}],"wp:featuredmedia":[{"embeddable":true,"href":"https:\/\/www.pappmoebelshop.de\/en\/wp-json\/wp\/v2\/media\/4447"}],"wp:attachment":[{"href":"https:\/\/www.pappmoebelshop.de\/en\/wp-json\/wp\/v2\/media?parent=1264"}],"wp:term":[{"taxonomy":"product_brand","embeddable":true,"href":"https:\/\/www.pappmoebelshop.de\/en\/wp-json\/wp\/v2\/product_brand?post=1264"},{"taxonomy":"product_cat","embeddable":true,"href":"https:\/\/www.pappmoebelshop.de\/en\/wp-json\/wp\/v2\/product_cat?post=1264"},{"taxonomy":"product_tag","embeddable":true,"href":"https:\/\/www.pappmoebelshop.de\/en\/wp-json\/wp\/v2\/product_tag?post=1264"}],"curies":[{"name":"wp","href":"https:\/\/api.w.org\/{rel}","templated":true}]}}