{"id":1277,"date":"2022-04-13T12:20:57","date_gmt":"2022-04-13T10:20:57","guid":{"rendered":"https:\/\/www.test22.pappmoebelshop.com\/?post_type=product&#038;p=1277"},"modified":"2025-11-13T13:31:54","modified_gmt":"2025-11-13T12:31:54","slug":"stellwand-pin-point-standard-2-stueck","status":"publish","type":"product","link":"https:\/\/www.pappmoebelshop.de\/en\/stellwand-pin-point-standard-2-stueck\/","title":{"rendered":"Stellwand PIN POINT Standard Doppelpack"},"content":{"rendered":"<div class=\"product-grid-item\">\n<h4>Practical &amp; stable<\/h4>\n<p>Meetings, presentations, lively learning and creative team work: the PIN POINT partition wall has proven itself in many areas. <br \/> As a moderation wall,\u00a0PIN POINT makes your work easy. Conducting meetings and discussions, organizing lively learning, and working creatively in a team become much more effective with PIN POINT. The simple structure saves time and energy, and content can be clearly communicated over a large area. Our cardboard partition walls are particularly stable, durable, can be used on both sides, are easy to transport and can be put together quickly.<\/p>\n<h4>Package Content<\/h4>\n<p>The offer includes 2 partition walls, which are sent in 2 packages.<\/p>\n<p>A presentation wall consists of three parts:<\/p>\n<ul>\n<li>1 Board<\/li>\n<li>2 legs<\/li>\n<li>There are also 4 screws to securely connect the board to the supports.<\/li>\n<\/ul>\n<h4>Instruction<\/h4>\n<ol>\n<li>The board is unfolded and placed on its side<\/li>\n<li>The first triangular leg is inserted into the board and fixed with 2 screws<\/li>\n<li>The wall is placed on the other side and the second support leg is inserted and secured with the screws.<\/li>\n<li>The wall can now be used.<\/li>\n<\/ol>\n<p>After training or further education, the moderation board can be quickly dismantled and stowed away until the next appointment.<\/p>\n<h4>Dimensions of the complete partition:<\/h4>\n<p>Width 126 cm x Height 190 cm x Depth 54 cm<br \/>\nBoard: width 122 cm x height 150 cm<\/p>\n<h4>Package Dimensions<\/h4>\n<p>Package 1: 150 x 55 x 10 cm \u2013 9 kg<br \/>\nPaket 2: 127 x 77 x 8 cm &#8211; 11 kg<\/p>\n<p>\n*** Since the beginning of 2022, the packaging sizes have had to be adapted to the new conditions of the parcel services. This results in changes to the PinPoint packages<\/br><br \/>\nFor orders with an odd number of pieces, there is always automatically one PinPoint with a zigzag version and the rest with simple creasing as before.  <\/br><br \/>\n<\/br><br \/>\nIf you order e.g. 3 PinPoints, the following packages will automatically be sent: <\/br><br \/>\n1x    PinPoint  \/  2er-Pack       Art.-Nr.  2002-0\/2p<\/br><br \/>\n1x    PinPoint  \/  Einzelversand       Art.-Nr.  2002-0\/zz<\/br><br \/>\n<\/br><br \/>\nIf you order e.g. 7 PinPoints:<\/br><br \/>\n3x    PinPoint  \/  2er-Pack       Art.-Nr.  2002-0\/2p<\/br><br \/>\n1x    PinPoint  \/  Einzelversand       Art.-Nr.  2002-0\/zz<\/br>\n<\/p>\n<\/div>\n<div class=\"product-grid-item\">\n<div class=\"ast-oembed-container\" style=\"height: 100%;\"><iframe loading=\"lazy\" title=\"Stellwand PIN POINT aus Pappe\" width=\"500\" height=\"281\" src=\"https:\/\/www.youtube.com\/embed\/tDkEPobjVps?feature=oembed\" frameborder=\"0\" allow=\"accelerometer; autoplay; clipboard-write; encrypted-media; gyroscope; picture-in-picture; web-share\" referrerpolicy=\"strict-origin-when-cross-origin\" allowfullscreen><\/iframe><\/div>\n<\/div>","protected":false},"excerpt":{"rendered":"<p>Abholpreis: \u20ac 169,60  (2 Stellw\u00e4nde)<br \/>\nAbholpreis: \u20ac 84,80  (1 Stellwand)<\/p>\n<p>2 Stellw\u00e4nde PIN POINT f\u00fcr Schulungen und Pr\u00e4sentationen<\/p>\n<p>Our cardboard partition walls are particularly stable and durable. They can also be used on both sides. In addition, they are easy to transport and quick to set up. The simple construction saves you time and energy.<br \/>\nAfter an event, you can quickly dismantle the partition again. You can then store it away until your next appointment.<\/p>","protected":false},"featured_media":1301,"template":"","meta":{"site-sidebar-layout":"default","site-content-layout":"default","ast-site-content-layout":"default","site-content-style":"default","site-sidebar-style":"default","ast-global-header-display":"","ast-banner-title-visibility":"","ast-main-header-display":"","ast-hfb-above-header-display":"","ast-hfb-below-header-display":"","ast-hfb-mobile-header-display":"","site-post-title":"","ast-breadcrumbs-content":"","ast-featured-img":"","footer-sml-layout":"","ast-disable-related-posts":"","theme-transparent-header-meta":"default","adv-header-id-meta":"","stick-header-meta":"","header-above-stick-meta":"","header-main-stick-meta":"","header-below-stick-meta":"","astra-migrate-meta-layouts":"set","ast-page-background-enabled":"default","ast-page-background-meta":{"desktop":{"background-color":"var(--ast-global-color-4)","background-image":"","background-repeat":"repeat","background-position":"center center","background-size":"auto","background-attachment":"scroll","background-type":"","background-media":"","overlay-type":"","overlay-color":"","overlay-opacity":"","overlay-gradient":""},"tablet":{"background-color":"","background-image":"","background-repeat":"repeat","background-position":"center center","background-size":"auto","background-attachment":"scroll","background-type":"","background-media":"","overlay-type":"","overlay-color":"","overlay-opacity":"","overlay-gradient":""},"mobile":{"background-color":"","background-image":"","background-repeat":"repeat","background-position":"center center","background-size":"auto","background-attachment":"scroll","background-type":"","background-media":"","overlay-type":"","overlay-color":"","overlay-opacity":"","overlay-gradient":""}},"ast-content-background-meta":{"desktop":{"background-color":"var(--ast-global-color-5)","background-image":"","background-repeat":"repeat","background-position":"center center","background-size":"auto","background-attachment":"scroll","background-type":"","background-media":"","overlay-type":"","overlay-color":"","overlay-opacity":"","overlay-gradient":""},"tablet":{"background-color":"var(--ast-global-color-5)","background-image":"","background-repeat":"repeat","background-position":"center center","background-size":"auto","background-attachment":"scroll","background-type":"","background-media":"","overlay-type":"","overlay-color":"","overlay-opacity":"","overlay-gradient":""},"mobile":{"background-color":"var(--ast-global-color-5)","background-image":"","background-repeat":"repeat","background-position":"center center","background-size":"auto","background-attachment":"scroll","background-type":"","background-media":"","overlay-type":"","overlay-color":"","overlay-opacity":"","overlay-gradient":""}}},"product_brand":[],"product_cat":[19,69,70,68,151],"product_tag":[86,85,84,87],"class_list":{"0":"post-1277","1":"product","2":"type-product","3":"status-publish","4":"has-post-thumbnail","6":"product_cat-arbeiten","7":"product_cat-messe","8":"product_cat-schulung","9":"product_cat-stellwaende","10":"product_cat-stellwaende-pin-point","11":"product_tag-ausstellung","12":"product_tag-event","13":"product_tag-messe","14":"product_tag-praesentation","15":"product_shipping_class-2-pakete","16":"desktop-align-left","17":"tablet-align-left","18":"mobile-align-left","20":"first","21":"outofstock","22":"sale","23":"taxable","24":"shipping-taxable","25":"purchasable","26":"product-type-simple"},"_links":{"self":[{"href":"https:\/\/www.pappmoebelshop.de\/en\/wp-json\/wp\/v2\/product\/1277","targetHints":{"allow":["GET"]}}],"collection":[{"href":"https:\/\/www.pappmoebelshop.de\/en\/wp-json\/wp\/v2\/product"}],"about":[{"href":"https:\/\/www.pappmoebelshop.de\/en\/wp-json\/wp\/v2\/types\/product"}],"wp:featuredmedia":[{"embeddable":true,"href":"https:\/\/www.pappmoebelshop.de\/en\/wp-json\/wp\/v2\/media\/1301"}],"wp:attachment":[{"href":"https:\/\/www.pappmoebelshop.de\/en\/wp-json\/wp\/v2\/media?parent=1277"}],"wp:term":[{"taxonomy":"product_brand","embeddable":true,"href":"https:\/\/www.pappmoebelshop.de\/en\/wp-json\/wp\/v2\/product_brand?post=1277"},{"taxonomy":"product_cat","embeddable":true,"href":"https:\/\/www.pappmoebelshop.de\/en\/wp-json\/wp\/v2\/product_cat?post=1277"},{"taxonomy":"product_tag","embeddable":true,"href":"https:\/\/www.pappmoebelshop.de\/en\/wp-json\/wp\/v2\/product_tag?post=1277"}],"curies":[{"name":"wp","href":"https:\/\/api.w.org\/{rel}","templated":true}]}}