{"id":1302,"date":"2022-04-13T13:07:24","date_gmt":"2022-04-13T11:07:24","guid":{"rendered":"https:\/\/www.test22.pappmoebelshop.com\/?post_type=product&#038;p=1302"},"modified":"2025-12-03T16:25:57","modified_gmt":"2025-12-03T15:25:57","slug":"stellwand-pin-point-xl-classic-natur","status":"publish","type":"product","link":"https:\/\/www.pappmoebelshop.de\/en\/stellwand-pin-point-xl-classic-natur\/","title":{"rendered":"Movable Wall PIN POINT XL Classic kraft"},"content":{"rendered":"<div class=\"product-grid-item\">\n<p>The partition wall in XL format: for moderation, meetings, seminars and discussions, for presentations and documentation, for trade fairs, museums and events, for schools, universities and companies.<\/p>\n<p>PinPoint Classic XL is: particularly stable; resistant to frequent needle sticks; Can be used on both sides and quickly assembled from three parts; Locking is only done using 2 included flat head metal screws with washers. <\/p>\n<p>Shipping by courier<br \/>\nDimensions of the board: Width 195 x Height 150 cm<\/p>\n<p>(Es ist eine Tafelbreite bis 2,20m m&ouml;glich )<\/p>\n<\/div>\n<div class=\"product-grid-item\">\n<\/div>","protected":false},"excerpt":{"rendered":"<p>Die extra gro\u00dfe Stellwand f\u00fcr Moderation, Sitzungen, Seminare, Pr\u00e4sentationen<br \/>\nStable, durable and easy to transport<br \/>\nWidth 195 x Height 150 cm<\/p>\n<p>Preis ab Werk:  \u20ac 269,-<\/p>","protected":false},"featured_media":1303,"template":"","meta":{"site-sidebar-layout":"default","site-content-layout":"default","ast-site-content-layout":"default","site-content-style":"default","site-sidebar-style":"default","ast-global-header-display":"","ast-banner-title-visibility":"","ast-main-header-display":"","ast-hfb-above-header-display":"","ast-hfb-below-header-display":"","ast-hfb-mobile-header-display":"","site-post-title":"","ast-breadcrumbs-content":"","ast-featured-img":"","footer-sml-layout":"","ast-disable-related-posts":"","theme-transparent-header-meta":"default","adv-header-id-meta":"","stick-header-meta":"","header-above-stick-meta":"","header-main-stick-meta":"","header-below-stick-meta":"","astra-migrate-meta-layouts":"set","ast-page-background-enabled":"default","ast-page-background-meta":{"desktop":{"background-color":"var(--ast-global-color-4)","background-image":"","background-repeat":"repeat","background-position":"center center","background-size":"auto","background-attachment":"scroll","background-type":"","background-media":"","overlay-type":"","overlay-color":"","overlay-opacity":"","overlay-gradient":""},"tablet":{"background-color":"","background-image":"","background-repeat":"repeat","background-position":"center center","background-size":"auto","background-attachment":"scroll","background-type":"","background-media":"","overlay-type":"","overlay-color":"","overlay-opacity":"","overlay-gradient":""},"mobile":{"background-color":"","background-image":"","background-repeat":"repeat","background-position":"center center","background-size":"auto","background-attachment":"scroll","background-type":"","background-media":"","overlay-type":"","overlay-color":"","overlay-opacity":"","overlay-gradient":""}},"ast-content-background-meta":{"desktop":{"background-color":"var(--ast-global-color-5)","background-image":"","background-repeat":"repeat","background-position":"center center","background-size":"auto","background-attachment":"scroll","background-type":"","background-media":"","overlay-type":"","overlay-color":"","overlay-opacity":"","overlay-gradient":""},"tablet":{"background-color":"var(--ast-global-color-5)","background-image":"","background-repeat":"repeat","background-position":"center center","background-size":"auto","background-attachment":"scroll","background-type":"","background-media":"","overlay-type":"","overlay-color":"","overlay-opacity":"","overlay-gradient":""},"mobile":{"background-color":"var(--ast-global-color-5)","background-image":"","background-repeat":"repeat","background-position":"center center","background-size":"auto","background-attachment":"scroll","background-type":"","background-media":"","overlay-type":"","overlay-color":"","overlay-opacity":"","overlay-gradient":""}}},"product_brand":[],"product_cat":[19,69,70,68,151],"product_tag":[86,85,84,87],"class_list":{"0":"post-1302","1":"product","2":"type-product","3":"status-publish","4":"has-post-thumbnail","6":"product_cat-arbeiten","7":"product_cat-messe","8":"product_cat-schulung","9":"product_cat-stellwaende","10":"product_cat-stellwaende-pin-point","11":"product_tag-ausstellung","12":"product_tag-event","13":"product_tag-messe","14":"product_tag-praesentation","15":"product_shipping_class-spedition-1","16":"desktop-align-left","17":"tablet-align-left","18":"mobile-align-left","20":"first","21":"outofstock","22":"sale","23":"taxable","24":"shipping-taxable","25":"purchasable","26":"product-type-simple"},"_links":{"self":[{"href":"https:\/\/www.pappmoebelshop.de\/en\/wp-json\/wp\/v2\/product\/1302","targetHints":{"allow":["GET"]}}],"collection":[{"href":"https:\/\/www.pappmoebelshop.de\/en\/wp-json\/wp\/v2\/product"}],"about":[{"href":"https:\/\/www.pappmoebelshop.de\/en\/wp-json\/wp\/v2\/types\/product"}],"wp:featuredmedia":[{"embeddable":true,"href":"https:\/\/www.pappmoebelshop.de\/en\/wp-json\/wp\/v2\/media\/1303"}],"wp:attachment":[{"href":"https:\/\/www.pappmoebelshop.de\/en\/wp-json\/wp\/v2\/media?parent=1302"}],"wp:term":[{"taxonomy":"product_brand","embeddable":true,"href":"https:\/\/www.pappmoebelshop.de\/en\/wp-json\/wp\/v2\/product_brand?post=1302"},{"taxonomy":"product_cat","embeddable":true,"href":"https:\/\/www.pappmoebelshop.de\/en\/wp-json\/wp\/v2\/product_cat?post=1302"},{"taxonomy":"product_tag","embeddable":true,"href":"https:\/\/www.pappmoebelshop.de\/en\/wp-json\/wp\/v2\/product_tag?post=1302"}],"curies":[{"name":"wp","href":"https:\/\/api.w.org\/{rel}","templated":true}]}}