{"id":1320,"date":"2022-04-13T14:11:07","date_gmt":"2022-04-13T12:11:07","guid":{"rendered":"https:\/\/www.test22.pappmoebelshop.com\/?post_type=product&#038;p=1320"},"modified":"2025-04-04T11:57:28","modified_gmt":"2025-04-04T09:57:28","slug":"stellwand-quick-point-hoch-2er-pack","status":"publish","type":"product","link":"https:\/\/www.pappmoebelshop.de\/en\/stellwand-quick-point-hoch-2er-pack\/","title":{"rendered":"Stellwand QUICK POINT Hochformat 2er-Pack"},"content":{"rendered":"<div class=\"product-grid-item\">\n<p>Haben sie nur wenig Ausstellungsfl\u00e4che zur Verf\u00fcgung, kaum Zeit f\u00fcr den Auf- und Abbau, begrenzte Lager- und Transportm\u00f6glichkeit, geringe finanzielle Mittel?<br \/>\nDann bietet Quick Point die L\u00f6sung f\u00fcr die kleine Pr\u00e4sentation zwischendurch.<br \/>\nQuick Point gibt es in 2 Versionen:<br \/>\nF&uuml;r Hochformate ( 80 x 118 cm )<br \/>\nF&uuml;r Querformate ( 110 cm x 90 cm )<br \/>\nQuick Point ist beidseitig nutzbar. <\/p>\n<h4>Gr\u00f6\u00dfe<\/h4>\n<p>H 189 cm x B 79 cm x T 40 cm<br \/>\nTafel: 80 x 118 cm<\/p>\n<h4>Package Dimensions<\/h4>\n<p>119 cm x 81 cm x 7 cm<br \/>\n8,6 kg<\/p>\n<\/div>\n<div class=\"product-grid-item\">\n<div class=\"ast-oembed-container\" style=\"height: 100%;\"><iframe loading=\"lazy\" title=\"Stellwand QUICK POINT\" width=\"500\" height=\"281\" src=\"https:\/\/www.youtube.com\/embed\/ri8jiIj67io?feature=oembed\" frameborder=\"0\" allow=\"accelerometer; autoplay; clipboard-write; encrypted-media; gyroscope; picture-in-picture; web-share\" referrerpolicy=\"strict-origin-when-cross-origin\" allowfullscreen><\/iframe><\/div>\n<\/div>","protected":false},"excerpt":{"rendered":"<p>Abholpreis: \u20ac 96,50<\/p>","protected":false},"featured_media":1321,"template":"","meta":{"site-sidebar-layout":"default","site-content-layout":"default","ast-site-content-layout":"default","site-content-style":"default","site-sidebar-style":"default","ast-global-header-display":"","ast-banner-title-visibility":"","ast-main-header-display":"","ast-hfb-above-header-display":"","ast-hfb-below-header-display":"","ast-hfb-mobile-header-display":"","site-post-title":"","ast-breadcrumbs-content":"","ast-featured-img":"","footer-sml-layout":"","ast-disable-related-posts":"","theme-transparent-header-meta":"default","adv-header-id-meta":"","stick-header-meta":"","header-above-stick-meta":"","header-main-stick-meta":"","header-below-stick-meta":"","astra-migrate-meta-layouts":"set","ast-page-background-enabled":"default","ast-page-background-meta":{"desktop":{"background-color":"var(--ast-global-color-4)","background-image":"","background-repeat":"repeat","background-position":"center center","background-size":"auto","background-attachment":"scroll","background-type":"","background-media":"","overlay-type":"","overlay-color":"","overlay-opacity":"","overlay-gradient":""},"tablet":{"background-color":"","background-image":"","background-repeat":"repeat","background-position":"center center","background-size":"auto","background-attachment":"scroll","background-type":"","background-media":"","overlay-type":"","overlay-color":"","overlay-opacity":"","overlay-gradient":""},"mobile":{"background-color":"","background-image":"","background-repeat":"repeat","background-position":"center center","background-size":"auto","background-attachment":"scroll","background-type":"","background-media":"","overlay-type":"","overlay-color":"","overlay-opacity":"","overlay-gradient":""}},"ast-content-background-meta":{"desktop":{"background-color":"var(--ast-global-color-5)","background-image":"","background-repeat":"repeat","background-position":"center center","background-size":"auto","background-attachment":"scroll","background-type":"","background-media":"","overlay-type":"","overlay-color":"","overlay-opacity":"","overlay-gradient":""},"tablet":{"background-color":"var(--ast-global-color-5)","background-image":"","background-repeat":"repeat","background-position":"center center","background-size":"auto","background-attachment":"scroll","background-type":"","background-media":"","overlay-type":"","overlay-color":"","overlay-opacity":"","overlay-gradient":""},"mobile":{"background-color":"var(--ast-global-color-5)","background-image":"","background-repeat":"repeat","background-position":"center center","background-size":"auto","background-attachment":"scroll","background-type":"","background-media":"","overlay-type":"","overlay-color":"","overlay-opacity":"","overlay-gradient":""}}},"product_brand":[],"product_cat":[22,19,69,70,68,154],"product_tag":[86,85,84,87],"class_list":{"0":"post-1320","1":"product","2":"type-product","3":"status-publish","4":"has-post-thumbnail","6":"product_cat-angebote","7":"product_cat-arbeiten","8":"product_cat-messe","9":"product_cat-schulung","10":"product_cat-stellwaende","11":"product_cat-stellwand-quick-point","12":"product_tag-ausstellung","13":"product_tag-event","14":"product_tag-messe","15":"product_tag-praesentation","16":"product_shipping_class-1-paket","17":"desktop-align-left","18":"tablet-align-left","19":"mobile-align-left","21":"first","22":"outofstock","23":"sale","24":"taxable","25":"shipping-taxable","26":"purchasable","27":"product-type-simple"},"_links":{"self":[{"href":"https:\/\/www.pappmoebelshop.de\/en\/wp-json\/wp\/v2\/product\/1320","targetHints":{"allow":["GET"]}}],"collection":[{"href":"https:\/\/www.pappmoebelshop.de\/en\/wp-json\/wp\/v2\/product"}],"about":[{"href":"https:\/\/www.pappmoebelshop.de\/en\/wp-json\/wp\/v2\/types\/product"}],"wp:featuredmedia":[{"embeddable":true,"href":"https:\/\/www.pappmoebelshop.de\/en\/wp-json\/wp\/v2\/media\/1321"}],"wp:attachment":[{"href":"https:\/\/www.pappmoebelshop.de\/en\/wp-json\/wp\/v2\/media?parent=1320"}],"wp:term":[{"taxonomy":"product_brand","embeddable":true,"href":"https:\/\/www.pappmoebelshop.de\/en\/wp-json\/wp\/v2\/product_brand?post=1320"},{"taxonomy":"product_cat","embeddable":true,"href":"https:\/\/www.pappmoebelshop.de\/en\/wp-json\/wp\/v2\/product_cat?post=1320"},{"taxonomy":"product_tag","embeddable":true,"href":"https:\/\/www.pappmoebelshop.de\/en\/wp-json\/wp\/v2\/product_tag?post=1320"}],"curies":[{"name":"wp","href":"https:\/\/api.w.org\/{rel}","templated":true}]}}