{"id":1423,"date":"2022-04-14T17:27:50","date_gmt":"2022-04-14T15:27:50","guid":{"rendered":"https:\/\/www.test22.pappmoebelshop.com\/?post_type=product&#038;p=1423"},"modified":"2025-11-21T15:46:32","modified_gmt":"2025-11-21T14:46:32","slug":"schrauben-fuer-stellwand-pin-point","status":"publish","type":"product","link":"https:\/\/www.pappmoebelshop.de\/en\/schrauben-fuer-stellwand-pin-point\/","title":{"rendered":"Schrauben f\u00fcr Stellwand PIN POINT"},"content":{"rendered":"<div class=\"product-grid-item\">\n<p>Sechskantschrauben aus Polyamid mit Muttern und Unterlegscheiben<\/p>\n<ul>\n<li>pro Wand werden 4 Schrauben ben\u00f6tigt: die Schrauben k\u00f6nnen in S\u00e4tzen f\u00fcr jeweils 3 W\u00e4nde bestellt werden<\/li>\n<li>12 S\u00e4tze f\u00fcr 3 W\u00e4nde<\/li>\n<li>24 S\u00e4tze f\u00fcr 6 W\u00e4nde<\/li>\n<li>36 S\u00e4tze f\u00fcr 9 W\u00e4nde<\/li>\n<li>48 S\u00e4tze f\u00fcr 12 W\u00e4nde<\/li>\n<\/ul>\n<\/div>","protected":false},"excerpt":{"rendered":"<p>Sechskantschrauben aus Polyamid mit Muttern und Unterlegscheiben pro Wand werden 4 Schrauben ben\u00f6tigt: die Schrauben k\u00f6nnen in S\u00e4tzen f\u00fcr jeweils 3 W\u00e4nde bestellt werden 12 S\u00e4tze f\u00fcr 3 W\u00e4nde 24 S\u00e4tze f\u00fcr 6 W\u00e4nde 36 S\u00e4tze f\u00fcr 9 W\u00e4nde 48 S\u00e4tze f\u00fcr 12 W\u00e4nde<\/p>","protected":false},"featured_media":1430,"template":"","meta":{"site-sidebar-layout":"default","site-content-layout":"default","ast-site-content-layout":"default","site-content-style":"default","site-sidebar-style":"default","ast-global-header-display":"","ast-banner-title-visibility":"","ast-main-header-display":"","ast-hfb-above-header-display":"","ast-hfb-below-header-display":"","ast-hfb-mobile-header-display":"","site-post-title":"","ast-breadcrumbs-content":"","ast-featured-img":"","footer-sml-layout":"","ast-disable-related-posts":"","theme-transparent-header-meta":"default","adv-header-id-meta":"","stick-header-meta":"","header-above-stick-meta":"","header-main-stick-meta":"","header-below-stick-meta":"","astra-migrate-meta-layouts":"set","ast-page-background-enabled":"default","ast-page-background-meta":{"desktop":{"background-color":"var(--ast-global-color-4)","background-image":"","background-repeat":"repeat","background-position":"center center","background-size":"auto","background-attachment":"scroll","background-type":"","background-media":"","overlay-type":"","overlay-color":"","overlay-opacity":"","overlay-gradient":""},"tablet":{"background-color":"","background-image":"","background-repeat":"repeat","background-position":"center center","background-size":"auto","background-attachment":"scroll","background-type":"","background-media":"","overlay-type":"","overlay-color":"","overlay-opacity":"","overlay-gradient":""},"mobile":{"background-color":"","background-image":"","background-repeat":"repeat","background-position":"center center","background-size":"auto","background-attachment":"scroll","background-type":"","background-media":"","overlay-type":"","overlay-color":"","overlay-opacity":"","overlay-gradient":""}},"ast-content-background-meta":{"desktop":{"background-color":"var(--ast-global-color-5)","background-image":"","background-repeat":"repeat","background-position":"center center","background-size":"auto","background-attachment":"scroll","background-type":"","background-media":"","overlay-type":"","overlay-color":"","overlay-opacity":"","overlay-gradient":""},"tablet":{"background-color":"var(--ast-global-color-5)","background-image":"","background-repeat":"repeat","background-position":"center center","background-size":"auto","background-attachment":"scroll","background-type":"","background-media":"","overlay-type":"","overlay-color":"","overlay-opacity":"","overlay-gradient":""},"mobile":{"background-color":"var(--ast-global-color-5)","background-image":"","background-repeat":"repeat","background-position":"center center","background-size":"auto","background-attachment":"scroll","background-type":"","background-media":"","overlay-type":"","overlay-color":"","overlay-opacity":"","overlay-gradient":""}}},"product_brand":[],"product_cat":[21,152],"product_tag":[90,91],"class_list":{"0":"post-1423","1":"product","2":"type-product","3":"status-publish","4":"has-post-thumbnail","6":"product_cat-zubehoer","7":"product_cat-zubehoer-fuer-stellwaende","8":"product_tag-pinnwand","9":"product_tag-schrauben","10":"product_shipping_class-1-paket","11":"desktop-align-left","12":"tablet-align-left","13":"mobile-align-left","15":"first","16":"outofstock","17":"taxable","18":"shipping-taxable","19":"purchasable","20":"product-type-variable"},"_links":{"self":[{"href":"https:\/\/www.pappmoebelshop.de\/en\/wp-json\/wp\/v2\/product\/1423","targetHints":{"allow":["GET"]}}],"collection":[{"href":"https:\/\/www.pappmoebelshop.de\/en\/wp-json\/wp\/v2\/product"}],"about":[{"href":"https:\/\/www.pappmoebelshop.de\/en\/wp-json\/wp\/v2\/types\/product"}],"wp:featuredmedia":[{"embeddable":true,"href":"https:\/\/www.pappmoebelshop.de\/en\/wp-json\/wp\/v2\/media\/1430"}],"wp:attachment":[{"href":"https:\/\/www.pappmoebelshop.de\/en\/wp-json\/wp\/v2\/media?parent=1423"}],"wp:term":[{"taxonomy":"product_brand","embeddable":true,"href":"https:\/\/www.pappmoebelshop.de\/en\/wp-json\/wp\/v2\/product_brand?post=1423"},{"taxonomy":"product_cat","embeddable":true,"href":"https:\/\/www.pappmoebelshop.de\/en\/wp-json\/wp\/v2\/product_cat?post=1423"},{"taxonomy":"product_tag","embeddable":true,"href":"https:\/\/www.pappmoebelshop.de\/en\/wp-json\/wp\/v2\/product_tag?post=1423"}],"curies":[{"name":"wp","href":"https:\/\/api.w.org\/{rel}","templated":true}]}}