{"id":6534,"date":"2023-04-18T10:36:28","date_gmt":"2023-04-18T08:36:28","guid":{"rendered":"https:\/\/www.pappmoebelshop.de\/?post_type=product&#038;p=6534"},"modified":"2025-11-28T18:58:46","modified_gmt":"2025-11-28T17:58:46","slug":"regal-hugo-98","status":"publish","type":"product","link":"https:\/\/www.pappmoebelshop.de\/en\/regal-hugo-98\/","title":{"rendered":"Shelving Unit HUGO 98 kraft"},"content":{"rendered":"<div class=\"product-grid-item\">\nDie gro\u00dfe Version von Regal HUGO &#8211; f\u00fcr vielseitige Einsatzm\u00f6glichkeiten im privaten und gewerblichen Bereich.<\/p>\n<ul>\n<li>B\u00fccherregal auch f\u00fcr gr\u00f6\u00dfere Formate<\/li>\n<li>Ladeneinrichtung<\/li>\n<li>Warenpr\u00e4sentation<\/li>\n<li>Archiv f\u00fcr Ordner, etc.<\/li>\n<li>6 Regalb\u00f6den, jeweils belastbar mit 20kg<\/li>\n<li>Abstand zwischen den Regalb\u00f6den:  35cm<\/li>\n<li>Abstand zwischen den St\u00fctzen (lichte Breite): 85cm<\/li>\n<li>Wandbefestigung inklusive<\/li>\n<li>aus extrem stabiler Wellpappe<\/li>\n<li>Sonderanfertigung<\/li>\n<li>auf Anfrage auch in geringerer Breite erh\u00e4ltlich  (Ma\u00df nach Wunsch, bitte anrufen oder per email)<\/li>\n<li>Ein Patent von STANGE DESIGN<\/li>\n<li>Abholpreis 278,00\u20ac<\/li>\n<\/ul>\n<p>Gr\u00f6\u00dfe: B 98 x T 35 x H 225 cm<br \/>\nPaketma\u00dfe: 237 x 37 x 17cm (1), 10,4kg<br \/>\n           100 x 37 x 31cm (2), 11,9kg<\/p>\n<p>Lieferzeit: 7 \u2013 10 Tage\n<\/p><\/div>\n<div class=\"product-grid-item\">\n<div class=\"ast-oembed-container\" style=\"height: 100%;\"><iframe loading=\"lazy\" title=\"Aufbau Regal HUGO 98\" width=\"500\" height=\"281\" src=\"https:\/\/www.youtube.com\/embed\/jgoS8ivvm_4?feature=oembed\" frameborder=\"0\" allow=\"accelerometer; autoplay; clipboard-write; encrypted-media; gyroscope; picture-in-picture; web-share\" referrerpolicy=\"strict-origin-when-cross-origin\" allowfullscreen><\/iframe><\/div>\n<\/div>","protected":false},"excerpt":{"rendered":"<p>Die gro\u00dfe Version von Regal HUGO &#8211; f\u00fcr vielseitige Einsatzm\u00f6glichkeiten im privaten und gewerblichen Bereich.<br \/>\nBreite 98 cm<br \/>\nTiefe 35 cm<br \/>\nH\u00f6he 225 cm<\/p>","protected":false},"featured_media":6403,"template":"","meta":{"site-sidebar-layout":"default","site-content-layout":"default","ast-site-content-layout":"default","site-content-style":"default","site-sidebar-style":"default","ast-global-header-display":"","ast-banner-title-visibility":"","ast-main-header-display":"","ast-hfb-above-header-display":"","ast-hfb-below-header-display":"","ast-hfb-mobile-header-display":"","site-post-title":"","ast-breadcrumbs-content":"","ast-featured-img":"","footer-sml-layout":"","ast-disable-related-posts":"","theme-transparent-header-meta":"default","adv-header-id-meta":"","stick-header-meta":"","header-above-stick-meta":"","header-main-stick-meta":"","header-below-stick-meta":"","astra-migrate-meta-layouts":"set","ast-page-background-enabled":"default","ast-page-background-meta":{"desktop":{"background-color":"var(--ast-global-color-4)","background-image":"","background-repeat":"repeat","background-position":"center center","background-size":"auto","background-attachment":"scroll","background-type":"","background-media":"","overlay-type":"","overlay-color":"","overlay-opacity":"","overlay-gradient":""},"tablet":{"background-color":"","background-image":"","background-repeat":"repeat","background-position":"center center","background-size":"auto","background-attachment":"scroll","background-type":"","background-media":"","overlay-type":"","overlay-color":"","overlay-opacity":"","overlay-gradient":""},"mobile":{"background-color":"","background-image":"","background-repeat":"repeat","background-position":"center center","background-size":"auto","background-attachment":"scroll","background-type":"","background-media":"","overlay-type":"","overlay-color":"","overlay-opacity":"","overlay-gradient":""}},"ast-content-background-meta":{"desktop":{"background-color":"var(--ast-global-color-5)","background-image":"","background-repeat":"repeat","background-position":"center center","background-size":"auto","background-attachment":"scroll","background-type":"","background-media":"","overlay-type":"","overlay-color":"","overlay-opacity":"","overlay-gradient":""},"tablet":{"background-color":"var(--ast-global-color-5)","background-image":"","background-repeat":"repeat","background-position":"center center","background-size":"auto","background-attachment":"scroll","background-type":"","background-media":"","overlay-type":"","overlay-color":"","overlay-opacity":"","overlay-gradient":""},"mobile":{"background-color":"var(--ast-global-color-5)","background-image":"","background-repeat":"repeat","background-position":"center center","background-size":"auto","background-attachment":"scroll","background-type":"","background-media":"","overlay-type":"","overlay-color":"","overlay-opacity":"","overlay-gradient":""}}},"product_brand":[],"product_cat":[19,65,69,18],"product_tag":[],"class_list":{"0":"post-6534","1":"product","2":"type-product","3":"status-publish","4":"has-post-thumbnail","6":"product_cat-arbeiten","7":"product_cat-aufbewahrung","8":"product_cat-messe","9":"product_cat-wohnen","10":"product_shipping_class-spedition-1","11":"desktop-align-left","12":"tablet-align-left","13":"mobile-align-left","15":"first","16":"outofstock","17":"taxable","18":"shipping-taxable","19":"purchasable","20":"product-type-simple"},"_links":{"self":[{"href":"https:\/\/www.pappmoebelshop.de\/en\/wp-json\/wp\/v2\/product\/6534","targetHints":{"allow":["GET"]}}],"collection":[{"href":"https:\/\/www.pappmoebelshop.de\/en\/wp-json\/wp\/v2\/product"}],"about":[{"href":"https:\/\/www.pappmoebelshop.de\/en\/wp-json\/wp\/v2\/types\/product"}],"wp:featuredmedia":[{"embeddable":true,"href":"https:\/\/www.pappmoebelshop.de\/en\/wp-json\/wp\/v2\/media\/6403"}],"wp:attachment":[{"href":"https:\/\/www.pappmoebelshop.de\/en\/wp-json\/wp\/v2\/media?parent=6534"}],"wp:term":[{"taxonomy":"product_brand","embeddable":true,"href":"https:\/\/www.pappmoebelshop.de\/en\/wp-json\/wp\/v2\/product_brand?post=6534"},{"taxonomy":"product_cat","embeddable":true,"href":"https:\/\/www.pappmoebelshop.de\/en\/wp-json\/wp\/v2\/product_cat?post=6534"},{"taxonomy":"product_tag","embeddable":true,"href":"https:\/\/www.pappmoebelshop.de\/en\/wp-json\/wp\/v2\/product_tag?post=6534"}],"curies":[{"name":"wp","href":"https:\/\/api.w.org\/{rel}","templated":true}]}}