{"id":726,"date":"2022-03-30T18:51:01","date_gmt":"2022-03-30T16:51:01","guid":{"rendered":"https:\/\/www.test22.pappmoebelshop.com\/?post_type=product&#038;p=726"},"modified":"2025-12-05T21:21:11","modified_gmt":"2025-12-05T20:21:11","slug":"hocker-sitzwuerfel-natur-10-stueck","status":"publish","type":"product","link":"https:\/\/www.pappmoebelshop.de\/en\/hocker-sitzwuerfel-natur-10-stueck\/","title":{"rendered":"Stool SITZW\u00dcRFEL kraft,  Pack of 10"},"content":{"rendered":"<div>\n<p>\nDie geschlossene kubische Form wird durch ein Steckkreuz im Innern des Hockers verst\u00e4rkt. Er eignet sich f\u00fcr Konzepte, bei denen die Sitzw\u00fcrfel wie Bausteine verwendet oder eine klare geometrische Wirkung erzielt werden soll. Einfach und schnell aufzubauen.<br \/>\n<br \/>\nDer Hocker ist auf Wunsch in allen Farben, mit Logos und anderen Motiven bedruckbar. Auch unterschiedlich digital bedruckte Folien k\u00f6nnen aufkaschiert werden. Druck ab 100 St\u00fcck F\u00fcr Abnahmemengen ab 100 St\u00fcck, Preise bitte anfragen. Ab 60 St\u00fcck erfolgt der Versand in einer Sammelverpackung per Spedition.\n<\/p>\n<ul>Dimensions: <\/p>\n<li>H 48 cm x B 35 cm x T 35 cm<\/li>\n<li>Verpackung: 75 x 71 x 26 cm, Gewicht 16,8 kg<\/li>\n<\/ul>\n<p>Lieferzeit 2-4 Werktage<\/p>\n<p>Abholpreis im Werksverkauf:<br \/>\npro St\u00fcck 12,80 \u20ac<br \/>\n10er-Pack 134,90 \u20ac\n<\/p><\/div>\n<div>\n<div class=\"ast-oembed-container\" style=\"height: 100%;\"><iframe loading=\"lazy\" title=\"Hocker SITZW\u00dcRFEL aus Pappe\" width=\"500\" height=\"281\" src=\"https:\/\/www.youtube.com\/embed\/RB2Rx2mS_CM?feature=oembed\" frameborder=\"0\" allow=\"accelerometer; autoplay; clipboard-write; encrypted-media; gyroscope; picture-in-picture; web-share\" referrerpolicy=\"strict-origin-when-cross-origin\" allowfullscreen><\/iframe><\/div>\n<\/div>","protected":false},"excerpt":{"rendered":"<p>W\u00fcrfelf\u00f6rmiger Hocker aus extrem stabiler Wellpappe.<\/p>\n<p>Lieferzeit 2-4 Werktage<\/p>\n<p>Abholpreis im Werksverkauf:<br \/>\npro St\u00fcck 12,80 \u20ac<br \/>\n10er-Pack 134,90 \u20ac<\/p>","protected":false},"featured_media":722,"template":"","meta":{"site-sidebar-layout":"default","site-content-layout":"default","ast-site-content-layout":"default","site-content-style":"default","site-sidebar-style":"default","ast-global-header-display":"","ast-banner-title-visibility":"","ast-main-header-display":"","ast-hfb-above-header-display":"","ast-hfb-below-header-display":"","ast-hfb-mobile-header-display":"","site-post-title":"","ast-breadcrumbs-content":"","ast-featured-img":"","footer-sml-layout":"","ast-disable-related-posts":"","theme-transparent-header-meta":"default","adv-header-id-meta":"","stick-header-meta":"","header-above-stick-meta":"","header-main-stick-meta":"","header-below-stick-meta":"","astra-migrate-meta-layouts":"set","ast-page-background-enabled":"default","ast-page-background-meta":{"desktop":{"background-color":"var(--ast-global-color-4)","background-image":"","background-repeat":"repeat","background-position":"center center","background-size":"auto","background-attachment":"scroll","background-type":"","background-media":"","overlay-type":"","overlay-color":"","overlay-opacity":"","overlay-gradient":""},"tablet":{"background-color":"","background-image":"","background-repeat":"repeat","background-position":"center center","background-size":"auto","background-attachment":"scroll","background-type":"","background-media":"","overlay-type":"","overlay-color":"","overlay-opacity":"","overlay-gradient":""},"mobile":{"background-color":"","background-image":"","background-repeat":"repeat","background-position":"center center","background-size":"auto","background-attachment":"scroll","background-type":"","background-media":"","overlay-type":"","overlay-color":"","overlay-opacity":"","overlay-gradient":""}},"ast-content-background-meta":{"desktop":{"background-color":"var(--ast-global-color-5)","background-image":"","background-repeat":"repeat","background-position":"center center","background-size":"auto","background-attachment":"scroll","background-type":"","background-media":"","overlay-type":"","overlay-color":"","overlay-opacity":"","overlay-gradient":""},"tablet":{"background-color":"var(--ast-global-color-5)","background-image":"","background-repeat":"repeat","background-position":"center center","background-size":"auto","background-attachment":"scroll","background-type":"","background-media":"","overlay-type":"","overlay-color":"","overlay-opacity":"","overlay-gradient":""},"mobile":{"background-color":"var(--ast-global-color-5)","background-image":"","background-repeat":"repeat","background-position":"center center","background-size":"auto","background-attachment":"scroll","background-type":"","background-media":"","overlay-type":"","overlay-color":"","overlay-opacity":"","overlay-gradient":""}}},"product_brand":[],"product_cat":[19,156,177,180,130,66,18],"product_tag":[],"class_list":{"0":"post-726","1":"product","2":"type-product","3":"status-publish","4":"has-post-thumbnail","6":"product_cat-arbeiten","7":"product_cat-hocker","8":"product_cat-hocker-sitzwuerfel","9":"product_cat-sale","10":"product_cat-stuehle-hocker","11":"product_cat-tische-stuehle","12":"product_cat-wohnen","13":"product_shipping_class-1-paket","14":"desktop-align-left","15":"tablet-align-left","16":"mobile-align-left","18":"first","19":"outofstock","20":"sale","21":"taxable","22":"shipping-taxable","23":"purchasable","24":"product-type-simple"},"_links":{"self":[{"href":"https:\/\/www.pappmoebelshop.de\/en\/wp-json\/wp\/v2\/product\/726","targetHints":{"allow":["GET"]}}],"collection":[{"href":"https:\/\/www.pappmoebelshop.de\/en\/wp-json\/wp\/v2\/product"}],"about":[{"href":"https:\/\/www.pappmoebelshop.de\/en\/wp-json\/wp\/v2\/types\/product"}],"wp:featuredmedia":[{"embeddable":true,"href":"https:\/\/www.pappmoebelshop.de\/en\/wp-json\/wp\/v2\/media\/722"}],"wp:attachment":[{"href":"https:\/\/www.pappmoebelshop.de\/en\/wp-json\/wp\/v2\/media?parent=726"}],"wp:term":[{"taxonomy":"product_brand","embeddable":true,"href":"https:\/\/www.pappmoebelshop.de\/en\/wp-json\/wp\/v2\/product_brand?post=726"},{"taxonomy":"product_cat","embeddable":true,"href":"https:\/\/www.pappmoebelshop.de\/en\/wp-json\/wp\/v2\/product_cat?post=726"},{"taxonomy":"product_tag","embeddable":true,"href":"https:\/\/www.pappmoebelshop.de\/en\/wp-json\/wp\/v2\/product_tag?post=726"}],"curies":[{"name":"wp","href":"https:\/\/api.w.org\/{rel}","templated":true}]}}