{"id":7388,"date":"2023-08-07T15:40:06","date_gmt":"2023-08-07T13:40:06","guid":{"rendered":"https:\/\/www.pappmoebelshop.de\/?post_type=product&#038;p=7388"},"modified":"2025-12-28T19:09:04","modified_gmt":"2025-12-28T18:09:04","slug":"schaf-teeny-natur","status":"publish","type":"product","link":"https:\/\/www.pappmoebelshop.de\/en\/schaf-teeny-natur\/","title":{"rendered":"Sheep TEENY kraft"},"content":{"rendered":"<div class=\"product-grid-item\">\n<p>Unser Schaf ist nicht nur ein unterhaltsamer Kamerad, sondern auch ein Nutztier mit Regalfunktion. Ob Buch oder Tablet, Zeitschrift oder Brosch\u00fcre, Strickzeug oder Kabelsalat: kleine und gro\u00dfe Kinder k\u00f6nnen dem Schaf alles aufladen.<\/p>\n<h4>Gr\u00f6\u00dfe<\/h4>\n<p>H 54 cm x L 77 cm x B 48 cm<br \/>\nF\u00e4cher H 15,5 cm x B 5\/8,5 cm x T 10-16 cm<\/p>\n<h4>Package Dimensions<\/h4>\n<p>72 x 50 x 7 cm<br \/>\n3,1 kg<\/p>\n<\/div>\n<div class=\"product-grid-item\">\n<div class=\"ast-oembed-container\" style=\"height: 100%;\"><iframe loading=\"lazy\" title=\"Schaf TEENY - Das Aufbauen\" width=\"500\" height=\"281\" src=\"https:\/\/www.youtube.com\/embed\/70g73KlBIUM?feature=oembed\" frameborder=\"0\" allow=\"accelerometer; autoplay; clipboard-write; encrypted-media; gyroscope; picture-in-picture; web-share\" referrerpolicy=\"strict-origin-when-cross-origin\" allowfullscreen><\/iframe><\/div>\n<\/div>","protected":false},"excerpt":{"rendered":"<p>Regalschaf in 54 cm H\u00f6he mit F\u00e4chern f\u00fcr B\u00fccher und Kleinkram<\/p>\n<p>Abholpreis:  <del datetime=\"2025-10-17T07:38:28+00:00\">37,40 \u20ac<\/del> 25,00 \u20ac <\/p>","protected":false},"featured_media":7390,"template":"","meta":{"site-sidebar-layout":"default","site-content-layout":"default","ast-site-content-layout":"default","site-content-style":"default","site-sidebar-style":"default","ast-global-header-display":"","ast-banner-title-visibility":"","ast-main-header-display":"","ast-hfb-above-header-display":"","ast-hfb-below-header-display":"","ast-hfb-mobile-header-display":"","site-post-title":"","ast-breadcrumbs-content":"","ast-featured-img":"","footer-sml-layout":"","ast-disable-related-posts":"","theme-transparent-header-meta":"default","adv-header-id-meta":"","stick-header-meta":"","header-above-stick-meta":"","header-main-stick-meta":"","header-below-stick-meta":"","astra-migrate-meta-layouts":"set","ast-page-background-enabled":"default","ast-page-background-meta":{"desktop":{"background-color":"var(--ast-global-color-4)","background-image":"","background-repeat":"repeat","background-position":"center center","background-size":"auto","background-attachment":"scroll","background-type":"","background-media":"","overlay-type":"","overlay-color":"","overlay-opacity":"","overlay-gradient":""},"tablet":{"background-color":"","background-image":"","background-repeat":"repeat","background-position":"center center","background-size":"auto","background-attachment":"scroll","background-type":"","background-media":"","overlay-type":"","overlay-color":"","overlay-opacity":"","overlay-gradient":""},"mobile":{"background-color":"","background-image":"","background-repeat":"repeat","background-position":"center center","background-size":"auto","background-attachment":"scroll","background-type":"","background-media":"","overlay-type":"","overlay-color":"","overlay-opacity":"","overlay-gradient":""}},"ast-content-background-meta":{"desktop":{"background-color":"var(--ast-global-color-5)","background-image":"","background-repeat":"repeat","background-position":"center center","background-size":"auto","background-attachment":"scroll","background-type":"","background-media":"","overlay-type":"","overlay-color":"","overlay-opacity":"","overlay-gradient":""},"tablet":{"background-color":"var(--ast-global-color-5)","background-image":"","background-repeat":"repeat","background-position":"center center","background-size":"auto","background-attachment":"scroll","background-type":"","background-media":"","overlay-type":"","overlay-color":"","overlay-opacity":"","overlay-gradient":""},"mobile":{"background-color":"var(--ast-global-color-5)","background-image":"","background-repeat":"repeat","background-position":"center center","background-size":"auto","background-attachment":"scroll","background-type":"","background-media":"","overlay-type":"","overlay-color":"","overlay-opacity":"","overlay-gradient":""}}},"product_brand":[],"product_cat":[20,180,58,53,18],"product_tag":[57,46,56],"class_list":{"0":"post-7388","1":"product","2":"type-product","3":"status-publish","4":"has-post-thumbnail","6":"product_cat-dekorieren","7":"product_cat-sale","8":"product_cat-schafe","9":"product_cat-verstauen","10":"product_cat-wohnen","11":"product_tag-buecherregal","12":"product_tag-regal","13":"product_tag-schaf","14":"product_shipping_class-1-paket","15":"desktop-align-left","16":"tablet-align-left","17":"mobile-align-left","19":"first","20":"outofstock","21":"sale","22":"taxable","23":"shipping-taxable","24":"purchasable","25":"product-type-simple"},"_links":{"self":[{"href":"https:\/\/www.pappmoebelshop.de\/en\/wp-json\/wp\/v2\/product\/7388","targetHints":{"allow":["GET"]}}],"collection":[{"href":"https:\/\/www.pappmoebelshop.de\/en\/wp-json\/wp\/v2\/product"}],"about":[{"href":"https:\/\/www.pappmoebelshop.de\/en\/wp-json\/wp\/v2\/types\/product"}],"wp:featuredmedia":[{"embeddable":true,"href":"https:\/\/www.pappmoebelshop.de\/en\/wp-json\/wp\/v2\/media\/7390"}],"wp:attachment":[{"href":"https:\/\/www.pappmoebelshop.de\/en\/wp-json\/wp\/v2\/media?parent=7388"}],"wp:term":[{"taxonomy":"product_brand","embeddable":true,"href":"https:\/\/www.pappmoebelshop.de\/en\/wp-json\/wp\/v2\/product_brand?post=7388"},{"taxonomy":"product_cat","embeddable":true,"href":"https:\/\/www.pappmoebelshop.de\/en\/wp-json\/wp\/v2\/product_cat?post=7388"},{"taxonomy":"product_tag","embeddable":true,"href":"https:\/\/www.pappmoebelshop.de\/en\/wp-json\/wp\/v2\/product_tag?post=7388"}],"curies":[{"name":"wp","href":"https:\/\/api.w.org\/{rel}","templated":true}]}}