{"id":777,"date":"2022-03-31T15:55:39","date_gmt":"2022-03-31T13:55:39","guid":{"rendered":"https:\/\/www.test22.pappmoebelshop.com\/?post_type=product&#038;p=777"},"modified":"2025-12-01T12:44:20","modified_gmt":"2025-12-01T11:44:20","slug":"regal-a3-gisela-natur","status":"publish","type":"product","link":"https:\/\/www.pappmoebelshop.de\/en\/regal-a3-gisela-natur\/","title":{"rendered":"Shelving Unit A3 GISELA kraft"},"content":{"rendered":"<div class=\"product-grid-item\">\n<p>Einer der Klassiker der Pappmoderne: Regal GISELA ist schnell aufgebaut, variabel und die 9 Schubladen bieten viel Platz zum Verstauen verschiedener Kleinigkeiten.<br \/>\nDas Papp-Regal ist voll belastbar wie ein vergleichbares Regal aus gebr\u00e4uchlichen Materialien und kann in Arbeits- und Wohnbereich genauso eingesetzt werden.<\/p>\n<p>Schubladen Innenma\u00df: 43,8 x 31,8cm<\/p>\n<h4>Unser A3 Regal-System:<\/h4>\n<p>Alle Regale bestehen aus Mantel, Konsolen und Sockel &#8211; die B\u00f6den sind auf verschiedenen H\u00f6hen in 11cm-Abst\u00e4nden einsetzbar.<br \/>\nDie Regale sind in der H\u00f6he erweiterbar: es k\u00f6nnen zwei Regale mithilfe eines Verbinders aufeinander gesetzt und miteinander verbunden werden.<\/p>\n<h4>Included in the package:<\/h4>\n<ul>\n<li>1 Mantel<\/li>\n<li>2 Sockel<\/li>\n<li>8 Konsolen<\/li>\n<li>9 Schubladen<\/li>\n<\/ul>\n<p>Auflagen sind nicht im Paket enthalten und k\u00f6nnen zus\u00e4tzlich bestellt werden.<\/p>\n<h4>Gr\u00f6\u00dfe:<\/h4>\n<p>H 112 cm x B 50 cm x T 36 cm<\/p>\n<h4>Paketma\u00df:<\/h4>\n<p>114 x 50 x 17 cm<br \/>\n13,6 kg<\/p>\n<h4>Abholpreis:<\/h4>\n<p>114,20 \u20ac<\/p>\n<\/div>\n<div class=\"product-grid-item\">\n<div class=\"ast-oembed-container\" style=\"height: 100%;\"><iframe loading=\"lazy\" title=\"Regal GISELA aus Pappe - Das Aufbauen\" width=\"500\" height=\"281\" src=\"https:\/\/www.youtube.com\/embed\/3bdVToUtmgU?feature=oembed\" frameborder=\"0\" allow=\"accelerometer; autoplay; clipboard-write; encrypted-media; gyroscope; picture-in-picture; web-share\" referrerpolicy=\"strict-origin-when-cross-origin\" allowfullscreen><\/iframe><\/div>\n<\/div>","protected":false},"excerpt":{"rendered":"<ul>\n<li>Stabiles Regal aus hochwertiger Pappe mit 9 Schubladen <\/li>\n<li>f\u00fcr Formate bis DIN A3<\/li>\n<li>Abholpreis: 114,20 \u20ac<\/li>\n<\/ul>","protected":false},"featured_media":778,"template":"","meta":{"site-sidebar-layout":"default","site-content-layout":"default","ast-site-content-layout":"default","site-content-style":"default","site-sidebar-style":"default","ast-global-header-display":"","ast-banner-title-visibility":"","ast-main-header-display":"","ast-hfb-above-header-display":"","ast-hfb-below-header-display":"","ast-hfb-mobile-header-display":"","site-post-title":"","ast-breadcrumbs-content":"","ast-featured-img":"","footer-sml-layout":"","ast-disable-related-posts":"","theme-transparent-header-meta":"default","adv-header-id-meta":"","stick-header-meta":"","header-above-stick-meta":"","header-main-stick-meta":"","header-below-stick-meta":"","astra-migrate-meta-layouts":"set","ast-page-background-enabled":"default","ast-page-background-meta":{"desktop":{"background-color":"var(--ast-global-color-4)","background-image":"","background-repeat":"repeat","background-position":"center center","background-size":"auto","background-attachment":"scroll","background-type":"","background-media":"","overlay-type":"","overlay-color":"","overlay-opacity":"","overlay-gradient":""},"tablet":{"background-color":"","background-image":"","background-repeat":"repeat","background-position":"center center","background-size":"auto","background-attachment":"scroll","background-type":"","background-media":"","overlay-type":"","overlay-color":"","overlay-opacity":"","overlay-gradient":""},"mobile":{"background-color":"","background-image":"","background-repeat":"repeat","background-position":"center center","background-size":"auto","background-attachment":"scroll","background-type":"","background-media":"","overlay-type":"","overlay-color":"","overlay-opacity":"","overlay-gradient":""}},"ast-content-background-meta":{"desktop":{"background-color":"var(--ast-global-color-5)","background-image":"","background-repeat":"repeat","background-position":"center center","background-size":"auto","background-attachment":"scroll","background-type":"","background-media":"","overlay-type":"","overlay-color":"","overlay-opacity":"","overlay-gradient":""},"tablet":{"background-color":"var(--ast-global-color-5)","background-image":"","background-repeat":"repeat","background-position":"center center","background-size":"auto","background-attachment":"scroll","background-type":"","background-media":"","overlay-type":"","overlay-color":"","overlay-opacity":"","overlay-gradient":""},"mobile":{"background-color":"var(--ast-global-color-5)","background-image":"","background-repeat":"repeat","background-position":"center center","background-size":"auto","background-attachment":"scroll","background-type":"","background-media":"","overlay-type":"","overlay-color":"","overlay-opacity":"","overlay-gradient":""}}},"product_brand":[],"product_cat":[19,135,54,53,18],"product_tag":[46,49],"class_list":{"0":"post-777","1":"product","2":"type-product","3":"status-publish","4":"has-post-thumbnail","6":"product_cat-arbeiten","7":"product_cat-regale-gisela-wolf","8":"product_cat-regalsystem-a3","9":"product_cat-verstauen","10":"product_cat-wohnen","11":"product_tag-regal","12":"product_tag-sideboard","13":"product_shipping_class-1-paket","14":"desktop-align-left","15":"tablet-align-left","16":"mobile-align-left","18":"first","19":"outofstock","20":"taxable","21":"shipping-taxable","22":"purchasable","23":"product-type-simple"},"_links":{"self":[{"href":"https:\/\/www.pappmoebelshop.de\/en\/wp-json\/wp\/v2\/product\/777","targetHints":{"allow":["GET"]}}],"collection":[{"href":"https:\/\/www.pappmoebelshop.de\/en\/wp-json\/wp\/v2\/product"}],"about":[{"href":"https:\/\/www.pappmoebelshop.de\/en\/wp-json\/wp\/v2\/types\/product"}],"wp:featuredmedia":[{"embeddable":true,"href":"https:\/\/www.pappmoebelshop.de\/en\/wp-json\/wp\/v2\/media\/778"}],"wp:attachment":[{"href":"https:\/\/www.pappmoebelshop.de\/en\/wp-json\/wp\/v2\/media?parent=777"}],"wp:term":[{"taxonomy":"product_brand","embeddable":true,"href":"https:\/\/www.pappmoebelshop.de\/en\/wp-json\/wp\/v2\/product_brand?post=777"},{"taxonomy":"product_cat","embeddable":true,"href":"https:\/\/www.pappmoebelshop.de\/en\/wp-json\/wp\/v2\/product_cat?post=777"},{"taxonomy":"product_tag","embeddable":true,"href":"https:\/\/www.pappmoebelshop.de\/en\/wp-json\/wp\/v2\/product_tag?post=777"}],"curies":[{"name":"wp","href":"https:\/\/api.w.org\/{rel}","templated":true}]}}