{"id":9061,"date":"2024-06-11T16:20:56","date_gmt":"2024-06-11T14:20:56","guid":{"rendered":"https:\/\/www.pappmoebelshop.de\/?post_type=product&#038;p=9061"},"modified":"2025-12-03T16:27:37","modified_gmt":"2025-12-03T15:27:37","slug":"mini-schildkroete-schleicher-weiss-12-stueck","status":"publish","type":"product","link":"https:\/\/www.pappmoebelshop.de\/en\/mini-schildkroete-schleicher-weiss-12-stueck\/","title":{"rendered":"Mini-Schildkr\u00f6te SCHLEICHER wei\u00df 12 St\u00fcck"},"content":{"rendered":"<div>\n<p>\nDieser Pappkamerad dient geduldig als Stiftehalter und Dekoration auf Ihrem Schreibtisch.<br \/>\nKeine Sorge: wie alle Schildkr\u00f6ten bewegt sie sich nur sehr langsam &#8211; seeehr langsam&#8230;<\/p>\n<p>12 Bastelb&ouml;gen aus Wellpappe\n<\/p>\n<h4>Gr\u00f6\u00dfe<\/h4>\n<p>L 17 x B 10 x H 8 cm<\/p>\n<h4>Package Dimensions<\/h4>\n<p>1 Bastelbogen ca. DIN A4:<br \/>\n29,3 x 21 x 0,8 cm<\/p>\n<p>6er Paket:<br \/>\n30 x 22 x 5 cm<br \/>\n2 kg<\/p>\n<\/div>","protected":false},"excerpt":{"rendered":"<p>Dieser Pappkamerad dient geduldig als Stiftehalter und Dekoration auf Ihrem Schreibtisch. Keine Sorge: wie alle Schildkr\u00f6ten bewegt sie sich nur sehr langsam &#8211; seeehr langsam&#8230; 12 Bastelb&ouml;gen aus Wellpappe Gr\u00f6\u00dfe L 17 x B 10 x H 8 cm Paketma\u00dfe 1 Bastelbogen ca. DIN A4: 29,3 x 21 x 0,8 cm 6er Paket: 30 x [&hellip;]<\/p>\n","protected":false},"featured_media":9060,"template":"","meta":{"site-sidebar-layout":"default","site-content-layout":"default","ast-site-content-layout":"default","site-content-style":"default","site-sidebar-style":"default","ast-global-header-display":"","ast-banner-title-visibility":"","ast-main-header-display":"","ast-hfb-above-header-display":"","ast-hfb-below-header-display":"","ast-hfb-mobile-header-display":"","site-post-title":"","ast-breadcrumbs-content":"","ast-featured-img":"","footer-sml-layout":"","ast-disable-related-posts":"","theme-transparent-header-meta":"default","adv-header-id-meta":"","stick-header-meta":"","header-above-stick-meta":"","header-main-stick-meta":"","header-below-stick-meta":"","astra-migrate-meta-layouts":"set","ast-page-background-enabled":"default","ast-page-background-meta":{"desktop":{"background-color":"var(--ast-global-color-4)","background-image":"","background-repeat":"repeat","background-position":"center center","background-size":"auto","background-attachment":"scroll","background-type":"","background-media":"","overlay-type":"","overlay-color":"","overlay-opacity":"","overlay-gradient":""},"tablet":{"background-color":"","background-image":"","background-repeat":"repeat","background-position":"center center","background-size":"auto","background-attachment":"scroll","background-type":"","background-media":"","overlay-type":"","overlay-color":"","overlay-opacity":"","overlay-gradient":""},"mobile":{"background-color":"","background-image":"","background-repeat":"repeat","background-position":"center center","background-size":"auto","background-attachment":"scroll","background-type":"","background-media":"","overlay-type":"","overlay-color":"","overlay-opacity":"","overlay-gradient":""}},"ast-content-background-meta":{"desktop":{"background-color":"var(--ast-global-color-5)","background-image":"","background-repeat":"repeat","background-position":"center center","background-size":"auto","background-attachment":"scroll","background-type":"","background-media":"","overlay-type":"","overlay-color":"","overlay-opacity":"","overlay-gradient":""},"tablet":{"background-color":"var(--ast-global-color-5)","background-image":"","background-repeat":"repeat","background-position":"center center","background-size":"auto","background-attachment":"scroll","background-type":"","background-media":"","overlay-type":"","overlay-color":"","overlay-opacity":"","overlay-gradient":""},"mobile":{"background-color":"var(--ast-global-color-5)","background-image":"","background-repeat":"repeat","background-position":"center center","background-size":"auto","background-attachment":"scroll","background-type":"","background-media":"","overlay-type":"","overlay-color":"","overlay-opacity":"","overlay-gradient":""}}},"product_brand":[],"product_cat":[20,73],"product_tag":[],"class_list":{"0":"post-9061","1":"product","2":"type-product","3":"status-publish","4":"has-post-thumbnail","6":"product_cat-dekorieren","7":"product_cat-schildkroeten","8":"product_shipping_class-1-paket","9":"desktop-align-left","10":"tablet-align-left","11":"mobile-align-left","13":"first","14":"outofstock","15":"sale","16":"taxable","17":"shipping-taxable","18":"purchasable","19":"product-type-simple"},"_links":{"self":[{"href":"https:\/\/www.pappmoebelshop.de\/en\/wp-json\/wp\/v2\/product\/9061","targetHints":{"allow":["GET"]}}],"collection":[{"href":"https:\/\/www.pappmoebelshop.de\/en\/wp-json\/wp\/v2\/product"}],"about":[{"href":"https:\/\/www.pappmoebelshop.de\/en\/wp-json\/wp\/v2\/types\/product"}],"wp:featuredmedia":[{"embeddable":true,"href":"https:\/\/www.pappmoebelshop.de\/en\/wp-json\/wp\/v2\/media\/9060"}],"wp:attachment":[{"href":"https:\/\/www.pappmoebelshop.de\/en\/wp-json\/wp\/v2\/media?parent=9061"}],"wp:term":[{"taxonomy":"product_brand","embeddable":true,"href":"https:\/\/www.pappmoebelshop.de\/en\/wp-json\/wp\/v2\/product_brand?post=9061"},{"taxonomy":"product_cat","embeddable":true,"href":"https:\/\/www.pappmoebelshop.de\/en\/wp-json\/wp\/v2\/product_cat?post=9061"},{"taxonomy":"product_tag","embeddable":true,"href":"https:\/\/www.pappmoebelshop.de\/en\/wp-json\/wp\/v2\/product_tag?post=9061"}],"curies":[{"name":"wp","href":"https:\/\/api.w.org\/{rel}","templated":true}]}}