{"id":927,"date":"2022-04-06T12:59:16","date_gmt":"2022-04-06T10:59:16","guid":{"rendered":"https:\/\/www.test22.pappmoebelshop.com\/?post_type=product&#038;p=927"},"modified":"2025-12-05T21:21:57","modified_gmt":"2025-12-05T20:21:57","slug":"regal-element-mittel-natur-4-stueck","status":"publish","type":"product","link":"https:\/\/www.pappmoebelshop.de\/en\/regal-element-mittel-natur-4-stueck\/","title":{"rendered":"Shelving Unit ELEMENT medium kraft, Pack of 4"},"content":{"rendered":"<div class=\"product-grid-item\">\n<p>Die Regal-Elemente sind durch ihre hohe Belastbarkeit und ihre Konstruktion in vielen Bereichen einsetzbar. Ob als B\u00fccherwand, B\u00fcrom\u00f6bel, f\u00fcr Musik- und Medienger\u00e4te oder im Deko- und Messebereich sind sie variabel und in H\u00f6he und Breite jederzeit ausbauf\u00e4hig.<\/p>\n<p>Jede Elementeseite wird aus einem Zuschnitt gefaltet und dann mit 3 anderen Seiten zu einem Quadrat oder Rechteck zusammengesteckt (Wandst\u00e4rke: 5cm).<br \/>\nEin Versandpaket enth\u00e4lt 16 Zuschnitte gleicher L\u00e4nge, aus denen 4 Quadrate entstehen.<\/p>\n<h4>Dimensions<\/h4>\n<p>H 45 cm x B 45 cm x T 30 cm<\/p>\n<h4>Paketma\u00df<\/h4>\n<p>81 x 72 x 6 cm<br \/>\n7,6 Kg<\/p>\n<p>Abholpreis 1 W\u00fcrfel: 22,50 \u20ac<br \/>\nAbholpreis 4 W\u00fcrfel: 88,50 \u20ac\n<\/p><\/div>\n<div class=\"product-grid-item\">\n<div class=\"ast-oembed-container\" style=\"height: 100%;\"><iframe loading=\"lazy\" title=\"Regal W\u00fcrfel ELEMENT aus Pappe - so funktioniert der Aufbau\" width=\"500\" height=\"281\" src=\"https:\/\/www.youtube.com\/embed\/KnDlQH5aOhQ?feature=oembed\" frameborder=\"0\" allow=\"accelerometer; autoplay; clipboard-write; encrypted-media; gyroscope; picture-in-picture; web-share\" referrerpolicy=\"strict-origin-when-cross-origin\" allowfullscreen><\/iframe><\/div>\n<\/div>","protected":false},"excerpt":{"rendered":"<ul>\n<li>4 Regal-W\u00fcrfel mit den Ma\u00dfen H 45 cm x B 45 cm x T 30 cm<\/li>\n<li>Abholpreis 1 W\u00fcrfel: 22,50 \u20ac<\/li>\n<li>Abholpreis 4 W\u00fcrfel: 88,50 \u20ac<\/li>\n<\/ul>","protected":false},"featured_media":928,"template":"","meta":{"site-sidebar-layout":"default","site-content-layout":"default","ast-site-content-layout":"default","site-content-style":"default","site-sidebar-style":"default","ast-global-header-display":"","ast-banner-title-visibility":"","ast-main-header-display":"","ast-hfb-above-header-display":"","ast-hfb-below-header-display":"","ast-hfb-mobile-header-display":"","site-post-title":"","ast-breadcrumbs-content":"","ast-featured-img":"","footer-sml-layout":"","ast-disable-related-posts":"","theme-transparent-header-meta":"default","adv-header-id-meta":"","stick-header-meta":"","header-above-stick-meta":"","header-main-stick-meta":"","header-below-stick-meta":"","astra-migrate-meta-layouts":"set","ast-page-background-enabled":"default","ast-page-background-meta":{"desktop":{"background-color":"var(--ast-global-color-4)","background-image":"","background-repeat":"repeat","background-position":"center center","background-size":"auto","background-attachment":"scroll","background-type":"","background-media":"","overlay-type":"","overlay-color":"","overlay-opacity":"","overlay-gradient":""},"tablet":{"background-color":"","background-image":"","background-repeat":"repeat","background-position":"center center","background-size":"auto","background-attachment":"scroll","background-type":"","background-media":"","overlay-type":"","overlay-color":"","overlay-opacity":"","overlay-gradient":""},"mobile":{"background-color":"","background-image":"","background-repeat":"repeat","background-position":"center center","background-size":"auto","background-attachment":"scroll","background-type":"","background-media":"","overlay-type":"","overlay-color":"","overlay-opacity":"","overlay-gradient":""}},"ast-content-background-meta":{"desktop":{"background-color":"var(--ast-global-color-5)","background-image":"","background-repeat":"repeat","background-position":"center center","background-size":"auto","background-attachment":"scroll","background-type":"","background-media":"","overlay-type":"","overlay-color":"","overlay-opacity":"","overlay-gradient":""},"tablet":{"background-color":"var(--ast-global-color-5)","background-image":"","background-repeat":"repeat","background-position":"center center","background-size":"auto","background-attachment":"scroll","background-type":"","background-media":"","overlay-type":"","overlay-color":"","overlay-opacity":"","overlay-gradient":""},"mobile":{"background-color":"var(--ast-global-color-5)","background-image":"","background-repeat":"repeat","background-position":"center center","background-size":"auto","background-attachment":"scroll","background-type":"","background-media":"","overlay-type":"","overlay-color":"","overlay-opacity":"","overlay-gradient":""}}},"product_brand":[],"product_cat":[179,180,19,18,53],"product_tag":[46],"class_list":{"0":"post-927","1":"product","2":"type-product","3":"status-publish","4":"has-post-thumbnail","6":"product_cat-regal-element","7":"product_cat-sale","8":"product_cat-arbeiten","9":"product_cat-wohnen","10":"product_cat-verstauen","11":"product_tag-regal","12":"product_shipping_class-1-paket","13":"desktop-align-left","14":"tablet-align-left","15":"mobile-align-left","17":"first","18":"outofstock","19":"sale","20":"taxable","21":"shipping-taxable","22":"purchasable","23":"product-type-simple"},"_links":{"self":[{"href":"https:\/\/www.pappmoebelshop.de\/en\/wp-json\/wp\/v2\/product\/927","targetHints":{"allow":["GET"]}}],"collection":[{"href":"https:\/\/www.pappmoebelshop.de\/en\/wp-json\/wp\/v2\/product"}],"about":[{"href":"https:\/\/www.pappmoebelshop.de\/en\/wp-json\/wp\/v2\/types\/product"}],"wp:featuredmedia":[{"embeddable":true,"href":"https:\/\/www.pappmoebelshop.de\/en\/wp-json\/wp\/v2\/media\/928"}],"wp:attachment":[{"href":"https:\/\/www.pappmoebelshop.de\/en\/wp-json\/wp\/v2\/media?parent=927"}],"wp:term":[{"taxonomy":"product_brand","embeddable":true,"href":"https:\/\/www.pappmoebelshop.de\/en\/wp-json\/wp\/v2\/product_brand?post=927"},{"taxonomy":"product_cat","embeddable":true,"href":"https:\/\/www.pappmoebelshop.de\/en\/wp-json\/wp\/v2\/product_cat?post=927"},{"taxonomy":"product_tag","embeddable":true,"href":"https:\/\/www.pappmoebelshop.de\/en\/wp-json\/wp\/v2\/product_tag?post=927"}],"curies":[{"name":"wp","href":"https:\/\/api.w.org\/{rel}","templated":true}]}}